{"id":290987,"date":"2026-05-11T16:59:58","date_gmt":"2026-05-11T19:59:58","guid":{"rendered":"https:\/\/furlanjet.com.br\/?post_type=product&#038;p=290987"},"modified":"2026-05-11T17:05:45","modified_gmt":"2026-05-11T20:05:45","slug":"toner-xerox-phaser-3020-workcentre-3025-106r02773","status":"publish","type":"product","link":"https:\/\/furlanjet.com.br\/?product=toner-xerox-phaser-3020-workcentre-3025-106r02773","title":{"rendered":"Toner Xerox Phaser 3020 \/ workcentre 3025-106r02773"},"content":{"rendered":"<p>Cartucho de Toner Compat\u00edvel XEROX 106R02773 3020\/3025<\/p>\n","protected":false},"excerpt":{"rendered":"<div class=\"box-collateral box-compatibilidade\">\n<h2>Compatibilidade<\/h2>\n<p>Serve nas impressoras:<\/p>\n<div class=\"std\">\n<p>Phaser 3020 | WorkCentre 3025<\/p>\n<p>*Marcas e Modelos citados apenas como refer\u00eancia t\u00e9cnica para utiliza\u00e7\u00e3o correta dos nossos produtos. Conforme artigo 31 da Lei: 8078 de 11.09.1990<\/p>\n<\/div>\n<\/div>\n<div class=\"box-collateral box-especificacao\">\n<h2>Especifica\u00e7\u00e3o<\/h2>\n<div class=\"std\">\n<p>Produto 100% Novo<\/p>\n<p>Cor: Preta<\/p>\n<p>Capacidade: 1.500k<\/p>\n<p>Garantia de 1 ano para defeitos de fabrica\u00e7\u00e3o<\/p>\n<p>Marca: Pro Resolution<\/p>\n<\/div>\n<\/div>\n","protected":false},"featured_media":290988,"comment_status":"closed","ping_status":"closed","template":"","meta":{"_joinchat":[]},"product_brand":[],"product_cat":[399,400],"product_tag":[],"class_list":{"0":"post-290987","1":"product","2":"type-product","3":"status-publish","6":"product_cat-lexmark","7":"product_cat-xerox","8":"product_shipping_class-melhor-envio","10":"first","11":"instock","12":"taxable","13":"shipping-taxable","14":"purchasable","15":"product-type-simple"},"_links":{"self":[{"href":"https:\/\/furlanjet.com.br\/index.php?rest_route=\/wp\/v2\/product\/290987","targetHints":{"allow":["GET"]}}],"collection":[{"href":"https:\/\/furlanjet.com.br\/index.php?rest_route=\/wp\/v2\/product"}],"about":[{"href":"https:\/\/furlanjet.com.br\/index.php?rest_route=\/wp\/v2\/types\/product"}],"replies":[{"embeddable":true,"href":"https:\/\/furlanjet.com.br\/index.php?rest_route=%2Fwp%2Fv2%2Fcomments&post=290987"}],"version-history":[{"count":1,"href":"https:\/\/furlanjet.com.br\/index.php?rest_route=\/wp\/v2\/product\/290987\/revisions"}],"predecessor-version":[{"id":290989,"href":"https:\/\/furlanjet.com.br\/index.php?rest_route=\/wp\/v2\/product\/290987\/revisions\/290989"}],"wp:featuredmedia":[{"embeddable":true,"href":"https:\/\/furlanjet.com.br\/index.php?rest_route=\/wp\/v2\/media\/290988"}],"wp:attachment":[{"href":"https:\/\/furlanjet.com.br\/index.php?rest_route=%2Fwp%2Fv2%2Fmedia&parent=290987"}],"wp:term":[{"taxonomy":"product_brand","embeddable":true,"href":"https:\/\/furlanjet.com.br\/index.php?rest_route=%2Fwp%2Fv2%2Fproduct_brand&post=290987"},{"taxonomy":"product_cat","embeddable":true,"href":"https:\/\/furlanjet.com.br\/index.php?rest_route=%2Fwp%2Fv2%2Fproduct_cat&post=290987"},{"taxonomy":"product_tag","embeddable":true,"href":"https:\/\/furlanjet.com.br\/index.php?rest_route=%2Fwp%2Fv2%2Fproduct_tag&post=290987"}],"curies":[{"name":"wp","href":"https:\/\/api.w.org\/{rel}","templated":true}]}}