{"id":290966,"date":"2026-03-23T08:14:12","date_gmt":"2026-03-23T11:14:12","guid":{"rendered":"https:\/\/furlanjet.com.br\/?post_type=product&#038;p=290966"},"modified":"2026-03-23T08:28:01","modified_gmt":"2026-03-23T11:28:01","slug":"toner-compativel-lexmark-mx310-mx410-mx510-mx610-611","status":"publish","type":"product","link":"https:\/\/furlanjet.com.br\/?product=toner-compativel-lexmark-mx310-mx410-mx510-mx610-611","title":{"rendered":"Toner Compat\u00edvel Lexmark Mx310 Mx410 Mx510 Mx610 611"},"content":{"rendered":"<p>Lexmark Mx310 Mx410 Mx510 Mx610 611<\/p>\n","protected":false},"excerpt":{"rendered":"<h2 class=\"ui-pdp-description__title\" data-testid=\"title\">Descri\u00e7\u00e3o<\/h2>\n<p class=\"ui-pdp-description__content\" data-testid=\"content\">Cartucho Toner Compat\u00edvel Lexmark mx310 100% novo (lacrado)<\/p>\n<p class=\"ui-pdp-description__content\" data-testid=\"content\">N\u00e3o recarregado<\/p>\n<p class=\"ui-pdp-description__content\" data-testid=\"content\">N\u00e3o \u00e9 remanufaturado<\/p>\n<p class=\"ui-pdp-description__content\" data-testid=\"content\">Qualidade excelente : Produto compat\u00edvel ao original , imprima sem falhas, sem manchas e sem vazamentos. Rendimento m\u00e9dio de impress\u00e3o para at\u00e9 10.00 p\u00e1ginas com 5% de \u00e1rea de cobertura<\/p>\n<p class=\"ui-pdp-description__content\" data-testid=\"content\">Impressoras Compat\u00edveis:<\/p>\n<p class=\"ui-pdp-description__content\" data-testid=\"content\">Lexmark MX310dn<\/p>\n<p class=\"ui-pdp-description__content\" data-testid=\"content\">Lexmark MX410de<\/p>\n<p class=\"ui-pdp-description__content\" data-testid=\"content\">Lexmark MX510de<\/p>\n<p class=\"ui-pdp-description__content\" data-testid=\"content\">Lexmark MX511de<\/p>\n<p class=\"ui-pdp-description__content\" data-testid=\"content\">Lexmark MX511dhe<\/p>\n<p class=\"ui-pdp-description__content\" data-testid=\"content\">Lexmark MX511dte<\/p>\n<p class=\"ui-pdp-description__content\" data-testid=\"content\">Lexmark MX511 Series<\/p>\n<p class=\"ui-pdp-description__content\" data-testid=\"content\">Lexmark MX610de<\/p>\n<p class=\"ui-pdp-description__content\" data-testid=\"content\">Lexmark MX611de<\/p>\n<p class=\"ui-pdp-description__content\" data-testid=\"content\">Lexmark MX611dhe<\/p>\n<p class=\"ui-pdp-description__content\" data-testid=\"content\">Lexmark MX611dte<\/p>\n<p class=\"ui-pdp-description__content\" data-testid=\"content\">Lexmark MX611 Series<\/p>\n","protected":false},"featured_media":290964,"comment_status":"closed","ping_status":"closed","template":"","meta":{"_joinchat":[]},"product_brand":[],"product_cat":[399],"product_tag":[],"class_list":{"0":"post-290966","1":"product","2":"type-product","3":"status-publish","6":"product_cat-lexmark","7":"product_shipping_class-melhor-envio","9":"first","10":"instock","11":"taxable","12":"shipping-taxable","13":"purchasable","14":"product-type-simple"},"_links":{"self":[{"href":"https:\/\/furlanjet.com.br\/index.php?rest_route=\/wp\/v2\/product\/290966","targetHints":{"allow":["GET"]}}],"collection":[{"href":"https:\/\/furlanjet.com.br\/index.php?rest_route=\/wp\/v2\/product"}],"about":[{"href":"https:\/\/furlanjet.com.br\/index.php?rest_route=\/wp\/v2\/types\/product"}],"replies":[{"embeddable":true,"href":"https:\/\/furlanjet.com.br\/index.php?rest_route=%2Fwp%2Fv2%2Fcomments&post=290966"}],"version-history":[{"count":1,"href":"https:\/\/furlanjet.com.br\/index.php?rest_route=\/wp\/v2\/product\/290966\/revisions"}],"predecessor-version":[{"id":290967,"href":"https:\/\/furlanjet.com.br\/index.php?rest_route=\/wp\/v2\/product\/290966\/revisions\/290967"}],"wp:featuredmedia":[{"embeddable":true,"href":"https:\/\/furlanjet.com.br\/index.php?rest_route=\/wp\/v2\/media\/290964"}],"wp:attachment":[{"href":"https:\/\/furlanjet.com.br\/index.php?rest_route=%2Fwp%2Fv2%2Fmedia&parent=290966"}],"wp:term":[{"taxonomy":"product_brand","embeddable":true,"href":"https:\/\/furlanjet.com.br\/index.php?rest_route=%2Fwp%2Fv2%2Fproduct_brand&post=290966"},{"taxonomy":"product_cat","embeddable":true,"href":"https:\/\/furlanjet.com.br\/index.php?rest_route=%2Fwp%2Fv2%2Fproduct_cat&post=290966"},{"taxonomy":"product_tag","embeddable":true,"href":"https:\/\/furlanjet.com.br\/index.php?rest_route=%2Fwp%2Fv2%2Fproduct_tag&post=290966"}],"curies":[{"name":"wp","href":"https:\/\/api.w.org\/{rel}","templated":true}]}}