{"id":290887,"date":"2024-04-15T11:03:26","date_gmt":"2024-04-15T14:03:26","guid":{"rendered":"https:\/\/furlanjet.com.br\/?post_type=product&#038;p=290887"},"modified":"2025-08-07T08:30:49","modified_gmt":"2025-08-07T11:30:49","slug":"leitor-de-codigo-de-barras-tl-120w-sem-fio","status":"publish","type":"product","link":"https:\/\/furlanjet.com.br\/?product=leitor-de-codigo-de-barras-tl-120w-sem-fio","title":{"rendered":"Leitor de C\u00f3digo de Barras TL-120W Sem Fio"},"content":{"rendered":"<h3 class=\"title\">TL-120W<\/h3>\n<p>Eleve o desempenho do seu checkout com\u00a0a qualidade e efici\u00eancia proporcionada pelo leitor de c\u00f3digo de barras TL-120W.<\/p>\n","protected":false},"excerpt":{"rendered":"<p><img decoding=\"async\" src=\"https:\/\/www.tanca.com.br\/assets\/conteudo\/uploads_editor\/bottonaepng5a4d31449e0b1.png\" alt=\"\" \/><\/p>\n<p>Excelente desempenho de leitura com at\u00e9 300 scans por segundo o TL-120W proporciona a qualquer checkout praticidade e agilidade nas opera\u00e7\u00f5es di\u00e1rias, conseguindo ler c\u00f3digos 1D, DANFE, notas e boletos banc\u00e1rios.<\/p>\n<p><img decoding=\"async\" src=\"data:image\/png;base64,iVBORw0KGgoAAAANSUhEUgAAAPoAAAAsCAYAAABMi6UPAAAAAXNSR0IArs4c6QAAAARnQU1BAACxjwv8YQUAAAAJcEhZcwAAFxEAABcRAcom8z8AABtUSURBVHhe7Z1pdBTXlcedyTj7LB+Sma+TOTOTOSeZSeZgx7GdjJcYB4ykbglkExuDVwXMInW32IyNzGIbsI1NjB0DsTGYTRLqRUKAQIDEIiEQixCbkAWIRaBdCLPGzpv7u9WFWk1LSDYzGSdV5\/xPq6pevXrv1fvf7d0q3eJszuZsztar7Z6MTX+dnJH1tZSU8lsdOHDw+dAnZd6tt9xivhKm1Z9+CxP7OwPSVv6z25fbP94bGufy5Ex3+UIvxUbAgQMH3cDtCU51eQPPJ3qCgwemhX7Yb\/RHf4vyDFPu\/3a7Z9jCb8SPyvy+yxPyuT3+bdKopkRf6LzLE7gcl+q\/OmBMztWHRneAfY4neAJX3V4L0hkHDhzEgid4xe0NXnB5Q23ClQo5NkuEwL1DfAXfDlPwf3dDgwtpf5SQGlwgpG5ITM+9LI0x8Z5cE5caNAlpQSPkN\/HyOyA1oMcGCNjnOOfZ57jbm2uS0vOM1GESfQ4cOLgGOCHcSBq7yvrbG\/yD2xNoF6Va6PaG4gZ5Mr8ZpuTN3+JSln43Pi00TkyLE9KIz9y+PCVsXFrACPlNv5Erzbi3isyKgsOmeNcJU1HVYA4cbTb7qhvNxp0nTKYcT59dJOVyjGh5vYZf0fJCeojvwIGD6xFS8ielC+mFc0J4sZyDmYmicDMyMv4qTM+bs7lGZv6HEHytmOeXB4qUiUMzj\/GbB36TZTLe22Z2Hjhjqk+0mI9PtJoTZ9rN6frz5kzjJ9dwSvY5zvkjtS2mXMpPmrvVPDA8S8kuZn2MDjpw4CASwr+wFbzqj2LS17g9oSE3yX83XxEtfrf44OVqRohEQRM\/MDzbTF1QqgSvPXPO1DWcN2ebPtFfSH2qvt2cPNsB9jkeWe746XNC+LMiKErML8OER7uLmRKzkw4cOLCAhh84Np+\/mxO9oSlfmOzx6Tn9XN5gzcBxq6XSkOk\/Ksc8+NxKk7+1xpwWstY1WohF6s7oTHxgXWtp\/MV5B1Sr9xu1Unx5x5R34ODGEO2uZA+1u7yBacTPwrTt3Zbgzf4vly+wV0kuJsODz2WbwRNXqb\/d0HJRCWqTFtKjqSPNdDT2sdNtprbunGXKy3nKUDaS8LZ5v3n3STPmtQ3mfnEHYnfMgQMH0Ugal29EGTcneIJjbjG9XHuP8+Z+15Xm3yi+gEb9fiVaHJJv3n3KNLZcUOJCUkxwiIvvfaCm0ew+VG82iSDwbzxiVhZW6e\/ytYdNYdlxU1ndaPZ\/3GiOnmpT0kdaAtTRIPWWVtaZ0bM2mPtSssQ8id0xBw4cREI0u1rcwVNun79\/mMI33ojkudP8GW5f8CKRPnxyTHY0eWPrxWumOFq4urZFifrW0l0mbkxAtf7QyWuUrB8EK4Xo1Wbi21tM8rhcDd49JHW9tnin2XXorDl6slXrQFhQB\/U2t10y2eurxF\/3m\/7iszv+eu\/gjNdfKAjSQXZPsLzfxNXfC1O5+83tC\/QRU+AkJntCWkBM6Uz1yeubLygZ7YDbgaNNxje7SDT3EbO+9LjZuue0OSTHDh9rVgFw4sw5FQg1QugDNU2qzQm+Tf7dNvOLp5abCXM2m5KK02re46uj1am3SYTJwlCluffZzJvmryNkuorsc48ve9Tf5bH6qCsY8hurjIM\/b2B9y+8lt9cvuvoGy24Z4tAnpPlXWGazmOwjV5oJv92s5K1vFl9ayIjPHdxUbR6blG+mLSg1ZZVnhMRNplKIXFndZPZWNYjGrjcVRxrUnK8Wsx5TvbntoqmXX8x81tiJ2t\/95DLze9H8Kjjk+tMN7erHH5d7zFhYZn7+9PIvZMKLwBJh5bfq8AVirtknyblBY0NKFvsY5P+yrO\/T1ngRVAgrrCCEM4hV1sGfN1DOMh9q4z2hfwlTOvaWkBr8gZCjjgviVZtnmS17TpkG0eZoXQJsU+aXqAB4XwgaENP8yZfW6j43ekL+fu6VQjXV7Qj9CNnPLf7YHBJhgYlOXZAZX71MfPJ91Q26xDZlXok5f+GKOSFlWtsvmZXrj5i+I7KN63NOWshNuwaOzTUHjzWp9cC+rb0hCJgogqx0X5159PlV2ma9Nnx9ZH3\/H6F9lDEe+uJqXeo8JmO6akuNeXBktkP2v0Dgagt\/Lyb4gmNNV4G55Kysrwq5p8kFl90+8alFO7wu\/vTHYnqjzU8JAce9VWzuHLZMyT14Qp554d2tZp2Y7WhvNDom+sGwmU7wbbf44ktXHzRDXlhtfjVqpVmUu\/9aAI8624TQ+OxumbAIjdNi6uuym5w\/JkLl9Y\/KzX8\/s+Jzk66\/3DNl+jpT33LBVIk7MXhC7jXTFo2NMHv5\/e1qsTwi\/UEQcBxhRt8fGU\/2X2dTWIVAxH5vcKPrelq3XSZerJWB6SHzduYeFaBrth41D4mwipPjscp3h+7KxGpXrGORuNF5GzerHgcC8dVJnU3wBLf1icv9Vpjanbe4lHnfcnn8O8i8IScdbb5xxwn1zdHAELbv8Gxz1xPLzfTfb1dtjP+NH855YC+VAd0XYOpT7v3APjUt8dEPH21WrT1v5V7zk8GLRJuXSp2l4iYUa1SfOtvOXzZL5J53DF0qRA\/F7lg3wF\/FJEeAVIprUXGk0SxedUCJDsHV5BVCTJP7IpiwQrAgIDuE2XO43vxatDzZe9SHALD9YAv+HmlN7sV1kddyLLIMLgYCxT5P2cgyuBXsU8auh18EGW1Y4N+nFguxD7u9QOsMpxoTVMXEt8\/Z56PrtMvEp+ISdO6zfS66rZ3dns7n9bqo\/gKOdSoTrtsGz8duO6DOyPMOYkOX2zzB+rgxObeHqd15Eyf+39zewFnbbL\/n2RXqf7eIb40PniSa4+4nl5s8McNZJ8dfh9CxkmEiwVIcpOdvCOV5Y5OZtWiHCUk9mPYp09eLIGgzmesOm77PZZl3RDu1tl\/WoNzGHbVilq7RBx6rU10BC0DX\/UVLEyeYK3UuzNuvFgZEtiZnZ6I\/LESHJPSdGMTWvafUEmGyy7jocSWGXBvHCzvya9cTqw2AdqCNBjDxBdTF6oQSKqx1rXYIqDdct1oblA1P7kSvJejY51p+IYZVT8C8k7XHlOw9bR4QQaV1St22QNM2h+vinvxCRu5LfMLuh1XOr8f0HO2Wcae9XK9lBCQ1WXXRF4SdXC\/7ttDT\/lCX1ksZCG3dm\/PAPq+CRM5Rt90GzlOX3lv2qcMaN6uMXYeD2EBRy3y9IM9hfHJy1lfD9O7YEjw5iTIB2oje8eA8r28yB482KUmfElP9TtHkBSXHdYktOhuuJ7Dz30+eOWc27Kw1v3l5nfmxaPPfLt9tzn1yWYN1MxeWiU+\/XoNxBO4I5M36cKe5PyXzug7dCP1HrzSpr200uw+f1ZTdwRNWiVavN0Mm5cuksdJtI4mOCfygEGXttqPm6Ok2c\/RUq9krWj1U9LGee+WDMhUUew83mJ37ye1vNW8uKdd67AkaCY7hO\/OSz86DZ03pvtPqRxOMXLH2kBIKTYWwe+KlNWbV5hp1e3bsP6vj\/qG4Of3E10ZgpchYkY9AmX3iJu2pqtcVjMX5B83C0H6NfxyXNuNCrd5aY+6T8UpKD5r1Zcet4KjcnwBoqKhaSfQrqReyF+06aYLSP\/If6CsCHYFLmTy513JpZ7GUwbqhTdmFh1XgswTKPbkOly3t9Y26OsOLTb43i8xmuYYxRVEgxBflHbg2JsRBGLNFIniP1Laacmkbbhpte1hcJVyPX+o7FCV6fIeMNS7h+u3H9dkhaKLH2kEHSI8VC\/FTtye4uN\/oOV8P09vaSJ9L8Pon4Mi7vLk6AZfJQyYwtkcmNpMiVyYEWjY6s603gOgkxsxYuMP8MHmhSZdJwQTCxMdFYMku\/a0iJd85Md0x45nwWBK98dOZTMnjc83WPafMDiHX3SKkmLyHjjUpyVSToFHkWLRGpxyJPmTqDRWNjtBDUxaUHNPjyePyzH1i7UAQ\/OLRM0nwybyufYzhExlrNIGoSYTYqwu3m58NW2reXrFbLZa3lpab2x5bIlZDvkXg6kaNgRCTeE0snpa2S+YjcTV+MnixCsW9Qu6zTRf0LcBfT1ylqxVT55fIxM9Ri2W7CBLbzMX1WlFwSEmIwIY8L7yz1VQdbxEiV+n4INQQLDyTnA1HzKPP55v3siu0TohWKq4A98P6QiOTK8ELSQgUSDdM+gYxGSee28gZhabPYx9pm7fvq1OBfaf0952svab53GVdRWGf9i0QN47A7kvzSrQOLCjmFgLhNqmDedHUesnkFB4x98h4oGhKKuo08Ypx5hlFjrWDDuDmKtICRXEpUX66Et3nf8EmOlIzs6BKX1hBS2wqP6nSta6hI+21tyDABjFmCsmZnGjYVz7YbvbLZLNNezT7a4t2mhGvrpfJcdG0nLukfvpdTyzrMdEph68NGdAYbwqhmCxoG7QIhEHbM9kjiY6PjvaEALgVZaJJCMY9MCJLBR11Uwca+F4hOtppx\/46MzZMzug4AhN62OQ1ZntlnZmzbJdYRMv0+rufWqaxAoQQAcrp75eqQEWD3fH4En3B53b5nfVhmWrTu0TIPTllrWrQdWJR\/Vz8cFur2ebvfH+F5jFwjvyDx4S0VcebNUhHfcDq\/wHVjrwqfH9KljkgGtxyy3KV3KIFVNveJ3VA9PwtR3U8sajo4xqxdlrPXzGjRLhxr188vcJMemeLWkAvvmvlR2CpEMjlGdwf7gsWAPGYH7jfN6+KZdTSfsm8l1Ohgo92EWvA+hoza4MKYFZpVsu9bx+yRMefOM1zrxZqvIfVHvoTOdYOOsNaZgueTHgq+DdhiltbSsq8WxNS\/TPFtr9sEx1TEaLjg7POTdQ9mrw9Bdc3top2+HCHPlA03VzRbPjjE9\/eLOZsiwoCzHeCZ543Npp124+Z8xeumiVinhLp7ynRmagQ+QWZgJic+JCQk1dqIR6m7+OiRZlckaa7TXQIyhIV5rZtKrrER2dC9pXzk+ZuUWFENB8yeGcXKQmSYhD9KSEopudM6ffPZLISHPypTHz6XSJar5+08\/WPdirpk0WoPCj3wKeHMNMX0K4mJS0uwGHRxmj+n8n12k8RUsQuMKVJMNomPjqEhARoZwjN+\/+0A4GGz\/vSvG1qObAkB9Hp96byE3Leaq\/tX1MPfZvv36fHEGoIEATlLhlTNCzuEMIy5eX1qgwyfrdNyc99GOunpxQoqSEo7cbq+H7cArEa9qplAal\/GU51pn6Zf9r2UTMLNXjrFyuDPAv62leOPzO1wFSL4MZCYrwJYEaOt4MOhIledx3Rec3N5fHPlUJX+WJMJNGtTLjYBO4pMF2ZJINkUs7N3G3GzSnWB0\/daUJ8oviY6vjxBPpeFU2PqXnl6qe9IjplCLaxVMaqgL1Wj08N4XgPHpORJUGCQPSTe8ciOiY\/ZjX1cfxtaTc+NsuGAN\/ylLR\/1IwNXRL9aZmcXPOGkJlJi6+PdYJ22yZEQqMjaLBoKIffTb38ffBos7oLCAcEI+RYvfXotckPIAhE\/yCK6KwW0EbvG0VaBqIj1FjxgJT0xyZ6kVhrtIv2Mn4IEJvoRPOxVKgDt2bpmkOmorrBDBdXAo2NoBkuJjp1UjcrKOQlbBFznroRqsQHcPdYRv2nAQuk7xWamzFk0upr9wQIFALApE9zLWTHqmI8eG7ER\/jmQY64T1gftpXl4Hp0SXRMd1d64EUZ7EvRpvsX8ckB5jqZcmjT+WKuvSq+2vjfFisJL168qh+uIIBDsgy+OoSftXiHaoJPP\/1Ml\/V6Q3Q0DVl7pOEyufBPmZBoeZJvFgQqdSKhjfqKZiO7j30i60xmJbpoIExuyA9xnp22Tq2Dl6StWAeA6zGX09\/c1AONXqaaHG1925CPVKNbRLdyFXZL3SQbcS+I1l+EENcnyGTmBZ8UuT+meE+Jrhpd+oR\/bq8y4C5BRtXocswmOu5BV0T\/vfjSkUQnboPfH0l0fHGIjmD+6dAlujS5XAQC9SBQaG\/W+sPm3WxLo7+btUfdwLFvFqtLBcFpH7+0EaHG2OA+YSGooBIw3hpXkXKUjRxrB53RpekO0aODcUhvot9fhOhoKurAp5uzbLdGnoe\/ss4szK3UdfS29stmzvJdOiGR\/gR7uB8anQn0B4gu7bhLJktPiI7ZzuSbtmC7akWCZLaWBpAAv7tStNKYWRt1shIQIkd\/6Iv5GjmGBMGiam33MDGZf\/H0cpMm7cNHJiiGz0lwj4Ai+fyYoF0Rfejk1RpEgthMWiYrGp3379HWTHSSjpraLqkQJBCFtuI498RFwI\/9jbgJjE1PiI6gI8sPjZi9\/oi6A\/jKaPW1ck\/8cgQ594HoBNN6SvTlBYfM\/prYRCdVmnsgEAkm9nl0scYlhotpv1+EC7GSf0\/6wEyW\/mLJvS++NsE5xhu8JsJ9vtyPsXxr2S5tFxYPLgMgaJfx3lbzuDwT2hg51g46oIE45mJaoPi6YBybaI9Oy2tMNNag7UBZb8HDJJKOn0hd+OkvvLvFvChaBS1PFhznSfTgPMG5UTMK1YdHuxLkISKMxmPixepUJNCW+J5oBIJDW\/ac1MnMpOAcQSKIhjCAtExIglkjZCKyDzEgLUSZJ6Q7VtemWtQ3u1jLYW4WiX+IdsX3xJxsPXdJo+5MTh3ciPbYRF+\/vVb7kV1YZabMLzX54hZA7NmY8yIwINAbS8o1PkHQikw9rACWMImwIxggCxYQwgGBYd\/DJvqH4haVic9PkpNNWMzuI2LuBzZVm6kLSvRa+gmJIDoBOQQc2nOguAeRRGfcaAMChPrpP8SmfUdqm81IsbZsomN5YT1MFmvnx48s0lUNBOCLv9sq1k6xErb9kyv6HO8QjU9\/CU7ypiLLd4zlTnFZ6psuqPX208eXyphu1ExG5gbRfoKXuI+0iZgO\/Y4cawcdYHmNX3HV\/HytOUzvji0yYYaBRBOgFVkOi0Xk7sBDaWy5qEs11EUApaj8hE58HhqaXMuFy+MnLhPNzTIPSyoE5NASmJUs4zAJozsUDYvo2ebZ6QWmoqpeXQLuHenLoXHYZxmJyYUWJspOqi3LfFnrqnRikwFoE8UvRMG\/RWPhQxMgOywCAO0OicbPKe5yeQ3THfOetfTF+QdUK9eeadcEF8vPtAJdRLlnLirTdGN8a6Lwy9YcVDIRACQQtXnXKQ1QRQo9SIkAgwyFZbWqGe06icbjurCEBqFZR58iz8N+BZhgFkTi7cNB4qJwjV0ngmDDjlozWwQQ\/WLcMKuxTNZsOyauTIEGJzGpCczxnBhvhBJJSnnFNeo6kTPAPbEMWFYkSk9djBd1a39lPOkvy6h9R4jlIXVa+ftrdD5UiXBi3JiLk8Q9oO12\/x1cDxJmXN7ARRnn52MmzKDmo1Ngedj4zb0NxpFUg7TmoZLf3i7+N+b5K6KtkOSR9dl\/E4SzwT5aAAl\/h5h30dqyK1ikZvLzaemuzTvK8bKLW0hBOUBkfWA6n9u1NKUlFDjGm20EszreaOOYFbW39iOFiQ2IbgXjzupqA0tE9jnNDBPYwoF9gLDST2ZLvezjk3Ke49xT2xK+ZyQGpttv4HWco21ktNnRadrIfkebpW9yDYItOoLNOerjfpHHaS\/laU\/kMcpyjOvsseMczwFiYhGwz3l+LUFk9V\/7K22zs9+sMbD8dsaba6xnZGXf2XU7iA0+LyXPs8mVGrg3TO3OGy+1iPn+sttnvdTCRGXp5+OTLVZGW5iYNwJvuaE9npy8VjXAlSufqgYblrFaU1ohevQ1kF2X8MKw30+3tYBNiJ5AJ3R4ksQ6D5gwtgaz9zXQEz7GZGNCccwux4Rjn3Hh15qcXd+Hcs+I5sNFmL1EzFbx7a3rrQnbiSwC6rHPcy33t8tYJKV9se8V3Z\/I41qngN\/otmqdUibyWOQ5ro88xj5toD32MYSElpW67fayTx+AXhOGfV77K\/sd\/bXaYZ+3wfjiHnSMeey2OuiAEt0TrEx+Lus7YWpfv7l9gT62+c7Ao9UJ8jQ0X7yOnLGAKc735MaIn41pxtp5Y+slM0L8OLQaiRKxrosGb7VhtmG6flkfLhMTExffnuwyy4+PXdaBg5sB3lwT\/l4Wq29atx+fEJv+a1Ioy5qQ4qsK0SBozanWHgXl0MJEz2fINaSLnhPzm+UrIrP4t409EBiqzRvPmzfF7+RNuS8zOdB2VvstEzRWGQcObhasZbXAyaQxef8apnTXm9uTe4\/4rqLV89W8QqvzcoT1+mj3S20QnbTTkTM2qEbnpQYSI8iCYzkt1jWRIGEG054o8r0pmd2a318G2CY34xhtljpwcDNhafPgVXda8PWMDHPj\/+CSnGy+SmEuYqlNfa1RORo5tz8OGYukNjDXWRNl\/ZqlFBIkiKreKE+eenmxgeUnXkix00EjO+PAgYNYsL7x7vIGdsVPLPzHMJVvvCX6Cv5BzM2dfFmSiDdLPKxzR3\/uORYIrPGKJ8tEmPH68UfR9LHK2sAS0DX1vac11xkrwvFnHTjoCawvwIqbWOcaG3goTOGeb1ZgLlgzcPwarYz1ZrLKSBphjbw78kJcfHrA37HK2CAxhHIkVtgkj17uceDAQWyEl9PaXGmB53v9Dxzsze3zPyyVnBw4ziI7CRn4m+tKj+mSG7iRtu4KXGfVcV7\/2cPDE\/LU3HeCVg4c9ASWuS6\/7Qke\/8sE0sO07f1GiD7BFxwkFdcQ0WN9nTRScsZJ2yR7jQQXIuW29u4quYbjHeS2cuDJMiOJ5j7R4qz1QnLHL3fgoHtE\/JPF1iRfcOp1X5L5XJuYA67UrJ8ICUuS0lf9gU\/K6jfERvMfXHifulw\/r8SnlfDHldCipW1CAwSB5bu3aTojb1DxxREsBNIt7cwpBw4cdIeQRtdVk\/uCJ9xe\/4ib9G+TO7ZBozO\/5\/YGZgvhmxJ9eZ\/xlpumVArQ8vzOFtLzFRS+JUbuuH4CWn75bhnfm5s6v9QkSIOV3OHsKWfpyYGD7oEGR8FaH34MXnJ5AwXukf47yWYN0\/Pmbv1Gr\/66O9V\/Z\/wY\/yIhfGNieu5VJXwaII0zZOIF1ldDO2CtJXOeL6JaqY+sMduv1Dlw4MAG71sIVHNb5BaufJaYHvpECF6R6M19ptv01pu5DfJkfjPRl\/OjRG9gmtsTOOD2hc6JWcEbM1cGpPo\/hcjR0BcsIsiNGeLAgYMoeAJ\/dPGlJ0\/wSpJvVbso1OPCs\/lipsclj8\/6ux4lw9zsDf+Am8ePyf5PadCjInGed\/sCc11p\/pDsr0vwBAquQ2qOAwcOYkAs3w3CkWXCoymCdNHst7tSA38\/LGPT9e+V\/8k2Y77SJ2XerfdkLPxGX1\/BtzEvHDhw0DvwujgKlK8+hZnlbM7mbM7Wk+2WW\/4HsRY39iDLAr8AAAAASUVORK5CYII=\" alt=\"\" \/><\/p>\n<p>O TL-120W tamb\u00e9m consegue fazer a leitura de c\u00f3digos danificados com at\u00e9 10% de contraste de impress\u00e3o em um alcance de transmiss\u00e3o de at\u00e9 10 metros. \u00c9 o produto ideal para qualquer estabelecimento com \u00f3timo custo benef\u00edcio.<\/p>\n<p><img decoding=\"async\" src=\"https:\/\/www.tanca.com.br\/assets\/conteudo\/uploads_editor\/bottonetpng5a4d0b0fde6a4.png\" alt=\"\" \/><\/p>\n<ul>\n<li>Fonte de Luz: Diodo de Luz de 625mm CCD<\/li>\n<li>Tecnologia: Bluetooth<\/li>\n<li>Resolu\u00e7\u00e3o m\u00ednima: 4mil (pcs0.9)<\/li>\n<li>Profundidade de campo: 0-280mm (0.33 pcs0.9)<\/li>\n<li>\u00c2ngulo Inclina\u00e7\u00e3o: \u00b130\u00b0<\/li>\n<li>\u00c2ngulo Eleva\u00e7\u00e3o: \u00b165\u00b0<\/li>\n<li>\u00c2ngulo Deflex\u00e3o: \u00b155\u00b0<\/li>\n<li>C\u00f3digos de barras reconhecidos:\u00a0Industrial 2 of 5, Standard 25, Matrix 25, China Post 25, Codabar, MSi\/Plessey, UK\/ Plessey, Code 39 (Standard 39&amp; Full ASCII Code 39), Code 32, Code 93, Code 128, UPCA, UPCE, EAN13, UPC\/EAN add-on 2\/5, ISBN, ISSN, GS1(RSS) RSS-14, LIMITED, EXPENDED, Include GS1 STACK.<\/li>\n<li>Material: ABS+PC<\/li>\n<li>Alimenta\u00e7\u00e3o: 5V DC<\/li>\n<li>Carregamento: via cabo UBS<\/li>\n<li>Bateria: 2200mA<\/li>\n<li>Autonomia bateria: At\u00e9 100.000 decodifica\u00e7\u00f5es<\/li>\n<li>Corrente de opera\u00e7\u00e3o: 110mA<\/li>\n<li>Consumo em Stand-By: 35mA<\/li>\n<li>N\u00edvel de luz: 100.000 Lux<\/li>\n<li>Temperatura de opera\u00e7\u00e3o: -20\u00b0C a 60\u00b0C<\/li>\n<li>Temperatura de armazenamento: -40\u00baC a 85\u00baC<\/li>\n<li>Umidade: 5% a 95% sem condensa\u00e7\u00e3o<\/li>\n<li>Interface: USB<\/li>\n<li>Tipo de leitor: Linear imager<\/li>\n<li>Contraste m\u00ednimo de impress\u00e3o: 10% UPC\/EAN 100%<\/li>\n<li>Indicador de leitura: Beep e LED (Azul e Vermelho)<\/li>\n<li>Modo de leitura: Manual e cont\u00ednuo<\/li>\n<li>Alcance de comunica\u00e7\u00e3o: At\u00e9 10 metros<\/li>\n<li>Velocidade de leitura: 300scans\/seg<\/li>\n<li>Resist\u00eancia a queda: 1.5M<\/li>\n<li>Dimens\u00f5es: 170 x 71 x 98mm (AxLxP)<\/li>\n<li>Peso: 182g<\/li>\n<li>Garantia: 1 ano<\/li>\n<\/ul>\n","protected":false},"featured_media":290888,"comment_status":"closed","ping_status":"closed","template":"","meta":{"_joinchat":[]},"product_brand":[],"product_cat":[192],"product_tag":[],"class_list":{"0":"post-290887","1":"product","2":"type-product","3":"status-publish","6":"product_cat-leitor-de-codigo-de-barras","7":"product_shipping_class-melhor-envio","9":"first","10":"instock","11":"purchasable","12":"product-type-simple"},"_links":{"self":[{"href":"https:\/\/furlanjet.com.br\/index.php?rest_route=\/wp\/v2\/product\/290887","targetHints":{"allow":["GET"]}}],"collection":[{"href":"https:\/\/furlanjet.com.br\/index.php?rest_route=\/wp\/v2\/product"}],"about":[{"href":"https:\/\/furlanjet.com.br\/index.php?rest_route=\/wp\/v2\/types\/product"}],"replies":[{"embeddable":true,"href":"https:\/\/furlanjet.com.br\/index.php?rest_route=%2Fwp%2Fv2%2Fcomments&post=290887"}],"version-history":[{"count":1,"href":"https:\/\/furlanjet.com.br\/index.php?rest_route=\/wp\/v2\/product\/290887\/revisions"}],"predecessor-version":[{"id":290890,"href":"https:\/\/furlanjet.com.br\/index.php?rest_route=\/wp\/v2\/product\/290887\/revisions\/290890"}],"wp:featuredmedia":[{"embeddable":true,"href":"https:\/\/furlanjet.com.br\/index.php?rest_route=\/wp\/v2\/media\/290888"}],"wp:attachment":[{"href":"https:\/\/furlanjet.com.br\/index.php?rest_route=%2Fwp%2Fv2%2Fmedia&parent=290887"}],"wp:term":[{"taxonomy":"product_brand","embeddable":true,"href":"https:\/\/furlanjet.com.br\/index.php?rest_route=%2Fwp%2Fv2%2Fproduct_brand&post=290887"},{"taxonomy":"product_cat","embeddable":true,"href":"https:\/\/furlanjet.com.br\/index.php?rest_route=%2Fwp%2Fv2%2Fproduct_cat&post=290887"},{"taxonomy":"product_tag","embeddable":true,"href":"https:\/\/furlanjet.com.br\/index.php?rest_route=%2Fwp%2Fv2%2Fproduct_tag&post=290887"}],"curies":[{"name":"wp","href":"https:\/\/api.w.org\/{rel}","templated":true}]}}