{"id":290876,"date":"2024-04-14T13:25:17","date_gmt":"2024-04-14T16:25:17","guid":{"rendered":"https:\/\/furlanjet.com.br\/?post_type=product&#038;p=290876"},"modified":"2025-08-07T08:31:08","modified_gmt":"2025-08-07T11:31:08","slug":"monitor-touch-screen-15-tanca-tmt-530-vga","status":"publish","type":"product","link":"https:\/\/furlanjet.com.br\/?product=monitor-touch-screen-15-tanca-tmt-530-vga","title":{"rendered":"GAVETA PARA DINHEIRO TANCA TG-600"},"content":{"rendered":"<h3 class=\"title\">TG-600<\/h3>\n<p><span class=\"e_conteudo1\">Descubra a linha de acess\u00f3rios da Tanca, onde voc\u00ea encontrar\u00e1 equipamentos com a melhor rela\u00e7\u00e3o custo-benef\u00edcio do mercado e a mais avan\u00e7ada tecnologia dispon\u00edvel. A gaveta Tanca \u00e9 a solu\u00e7\u00e3o perfeita para supermercados, lojistas, atacadistas e o varejo em geral.<\/span><\/p>\n","protected":false},"excerpt":{"rendered":"<p><img decoding=\"async\" src=\"https:\/\/www.tanca.com.br\/assets\/conteudo\/uploads_editor\/bottonarpng649989170acb9.png\" alt=\"\" \/><\/p>\n<p><span class=\"e_conteudo1\">Conhe\u00e7a a gaveta de dinheiro Tanca TG-600, a escolha ideal para simplificar suas opera\u00e7\u00f5es de venda e otimizar o espa\u00e7o no check-out. Com seu gabinete desenvolvido em a\u00e7o, essa gaveta oferece prote\u00e7\u00e3o contra impactos e auxilia na organiza\u00e7\u00e3o do estabelecimento. Conta com alta confiabilidade e excelente custo-benef\u00edcio oferecendo uma solu\u00e7\u00e3o completa para o seu neg\u00f3cio<\/span><\/p>\n<p><span class=\"e_conteudo1\"><img decoding=\"async\" src=\"https:\/\/www.tanca.com.br\/assets\/conteudo\/uploads_editor\/bottonetpng5a4d0b0fde6a4.png\" alt=\"\" \/><\/span><\/p>\n<ul>\n<li><span class=\"e_conteudo1\">Abertura horizontal<br \/>\n<\/span><\/li>\n<li><span class=\"e_conteudo1\">Painel frontal com fenda para introdu\u00e7\u00e3o de cheques<br \/>\n<\/span><\/li>\n<li><span class=\"e_conteudo1\">5 divis\u00f3rias para c\u00e9dulas<br \/>\n<\/span><\/li>\n<li><span class=\"e_conteudo1\">6 divis\u00f3rias para moedas<br \/>\n<\/span><\/li>\n<li><span class=\"e_conteudo1\">Cor preta<br \/>\n<\/span><\/li>\n<li><span class=\"e_conteudo1\">Abertura por comando ou chave<br \/>\n<\/span><\/li>\n<li><span class=\"e_conteudo1\">Dimens\u00f5es: 90 x 410 x 420 (AxCxP)<br \/>\n<\/span><\/li>\n<li><span class=\"e_conteudo1\">Peso: 5,9 kg<br \/>\n<\/span><\/li>\n<li><span class=\"e_conteudo1\">Garantia 1 ano<\/span><\/li>\n<\/ul>\n","protected":false},"featured_media":290877,"comment_status":"open","ping_status":"closed","template":"","meta":{"_joinchat":[]},"product_brand":[],"product_cat":[268],"product_tag":[],"class_list":{"0":"post-290876","1":"product","2":"type-product","3":"status-publish","6":"product_cat-gaveta","7":"product_shipping_class-melhor-envio","9":"first","10":"instock","11":"taxable","12":"shipping-taxable","13":"purchasable","14":"product-type-simple"},"_links":{"self":[{"href":"https:\/\/furlanjet.com.br\/index.php?rest_route=\/wp\/v2\/product\/290876","targetHints":{"allow":["GET"]}}],"collection":[{"href":"https:\/\/furlanjet.com.br\/index.php?rest_route=\/wp\/v2\/product"}],"about":[{"href":"https:\/\/furlanjet.com.br\/index.php?rest_route=\/wp\/v2\/types\/product"}],"replies":[{"embeddable":true,"href":"https:\/\/furlanjet.com.br\/index.php?rest_route=%2Fwp%2Fv2%2Fcomments&post=290876"}],"version-history":[{"count":3,"href":"https:\/\/furlanjet.com.br\/index.php?rest_route=\/wp\/v2\/product\/290876\/revisions"}],"predecessor-version":[{"id":290882,"href":"https:\/\/furlanjet.com.br\/index.php?rest_route=\/wp\/v2\/product\/290876\/revisions\/290882"}],"wp:featuredmedia":[{"embeddable":true,"href":"https:\/\/furlanjet.com.br\/index.php?rest_route=\/wp\/v2\/media\/290877"}],"wp:attachment":[{"href":"https:\/\/furlanjet.com.br\/index.php?rest_route=%2Fwp%2Fv2%2Fmedia&parent=290876"}],"wp:term":[{"taxonomy":"product_brand","embeddable":true,"href":"https:\/\/furlanjet.com.br\/index.php?rest_route=%2Fwp%2Fv2%2Fproduct_brand&post=290876"},{"taxonomy":"product_cat","embeddable":true,"href":"https:\/\/furlanjet.com.br\/index.php?rest_route=%2Fwp%2Fv2%2Fproduct_cat&post=290876"},{"taxonomy":"product_tag","embeddable":true,"href":"https:\/\/furlanjet.com.br\/index.php?rest_route=%2Fwp%2Fv2%2Fproduct_tag&post=290876"}],"curies":[{"name":"wp","href":"https:\/\/api.w.org\/{rel}","templated":true}]}}