{"id":290741,"date":"2022-08-01T10:11:07","date_gmt":"2022-08-01T13:11:07","guid":{"rendered":"https:\/\/furlanjet.com.br\/?post_type=product&#038;p=290741"},"modified":"2025-08-07T08:32:25","modified_gmt":"2025-08-07T11:32:25","slug":"sat-tanca-ts-1000","status":"publish","type":"product","link":"https:\/\/furlanjet.com.br\/?product=sat-tanca-ts-1000","title":{"rendered":"SAT TANCA TS 1000"},"content":{"rendered":"<p>O SAT Fiscal Tanca TS-1000 \u00e9 um m\u00f3dulo composto de hardware e software embarcado, que gera\u00a0e autentica\u00a0por meio do\u00a0Certificado Digital pr\u00f3prio, o Cupom Fiscal Eletr\u00f4nico SAT (CF-e SAT) e transmite-o de maneira peri\u00f3dica e autom\u00e1tica\u00a0\u00e0 Secretaria da Fazenda (SEFAZ), via internet.<\/p>\n","protected":false},"excerpt":{"rendered":"<p>Esse equipamento atende \u00e0s necessidades fiscais dos mais diversos tipos de com\u00e9rcios e sistemas homologados do estado de S\u00e3o Paulo, como:<\/p>\n<ul>\n<li>supermercados,<\/li>\n<li>mercados,<\/li>\n<li>mercearias,<\/li>\n<li>panificadoras,<\/li>\n<li>padarias,<\/li>\n<li>a\u00e7ougues,<\/li>\n<li>lanchonetes,<\/li>\n<li>restaurantes,<\/li>\n<li>docerias,<\/li>\n<li>drogarias,<\/li>\n<li>chaveiros,<\/li>\n<li>\u00f3ticas,<\/li>\n<li>pet shop,<\/li>\n<li>lojas de conveni\u00eancia,<\/li>\n<li>postos de combust\u00edvel,<\/li>\n<li>estacionamentos,<\/li>\n<li>autope\u00e7as,<\/li>\n<li>lojas de artigos no geral,<\/li>\n<li>lojas de vestu\u00e1rio,<\/li>\n<li>lojas de cal\u00e7ados,<\/li>\n<li>pequenas, m\u00e9dias e grandes empresas,<\/li>\n<li>pequenas, m\u00e9dias e grandes ind\u00fastrias,<\/li>\n<\/ul>\n","protected":false},"featured_media":290742,"comment_status":"open","ping_status":"closed","template":"","meta":{"_joinchat":[]},"product_brand":[],"product_cat":[253],"product_tag":[255,254,256],"class_list":{"0":"post-290741","1":"product","2":"type-product","3":"status-publish","6":"product_cat-sat-fiscal","7":"product_tag-fiscal","8":"product_tag-sat","9":"product_tag-tanca","10":"product_shipping_class-melhor-envio","12":"first","13":"instock","14":"purchasable","15":"product-type-simple"},"_links":{"self":[{"href":"https:\/\/furlanjet.com.br\/index.php?rest_route=\/wp\/v2\/product\/290741","targetHints":{"allow":["GET"]}}],"collection":[{"href":"https:\/\/furlanjet.com.br\/index.php?rest_route=\/wp\/v2\/product"}],"about":[{"href":"https:\/\/furlanjet.com.br\/index.php?rest_route=\/wp\/v2\/types\/product"}],"replies":[{"embeddable":true,"href":"https:\/\/furlanjet.com.br\/index.php?rest_route=%2Fwp%2Fv2%2Fcomments&post=290741"}],"version-history":[{"count":1,"href":"https:\/\/furlanjet.com.br\/index.php?rest_route=\/wp\/v2\/product\/290741\/revisions"}],"predecessor-version":[{"id":290744,"href":"https:\/\/furlanjet.com.br\/index.php?rest_route=\/wp\/v2\/product\/290741\/revisions\/290744"}],"wp:featuredmedia":[{"embeddable":true,"href":"https:\/\/furlanjet.com.br\/index.php?rest_route=\/wp\/v2\/media\/290742"}],"wp:attachment":[{"href":"https:\/\/furlanjet.com.br\/index.php?rest_route=%2Fwp%2Fv2%2Fmedia&parent=290741"}],"wp:term":[{"taxonomy":"product_brand","embeddable":true,"href":"https:\/\/furlanjet.com.br\/index.php?rest_route=%2Fwp%2Fv2%2Fproduct_brand&post=290741"},{"taxonomy":"product_cat","embeddable":true,"href":"https:\/\/furlanjet.com.br\/index.php?rest_route=%2Fwp%2Fv2%2Fproduct_cat&post=290741"},{"taxonomy":"product_tag","embeddable":true,"href":"https:\/\/furlanjet.com.br\/index.php?rest_route=%2Fwp%2Fv2%2Fproduct_tag&post=290741"}],"curies":[{"name":"wp","href":"https:\/\/api.w.org\/{rel}","templated":true}]}}