{"id":290730,"date":"2022-07-26T03:43:23","date_gmt":"2022-07-26T06:43:23","guid":{"rendered":"https:\/\/furlanjet.com.br\/?post_type=product&#038;p=290730"},"modified":"2025-08-07T08:33:01","modified_gmt":"2025-08-07T11:33:01","slug":"garrafa-de-tinta-gi-190-c-ciano","status":"publish","type":"product","link":"https:\/\/furlanjet.com.br\/?product=garrafa-de-tinta-gi-190-c-ciano","title":{"rendered":"Garrafa de tinta GI-190 C Ciano"},"content":{"rendered":"<ul style=\"font-weight: 400;\">\n<li>Capacidade 70ml<\/li>\n<li>Compat\u00edvel com impressoras G1100, G1110, G2100, G2110, G3100, G3102, G3110, G3111, G4100, G4110, G4111.G4100G4100<\/li>\n<\/ul>\n","protected":false},"excerpt":{"rendered":"<ul style=\"font-weight: 400;\">\n<li>GI-190 frasco de tinta ciano fomula\u00e7\u00e3o especial de tinta corante para a obten\u00e7\u00e3o de cores incr\u00edveis.<\/li>\n<li>A combina\u00e7\u00e3o das tintas de cores CMYK maximiza a produtividade imprimindo at\u00e9 7.000 p\u00e1ginas. Economize no custo operacional total em todas as impress\u00f5es.<\/li>\n<li>O design inteligente do frasco de tinta permite ao usu\u00e1rio uma experi\u00eancia mais f\u00e1cil de uso que minimiza potenciais derrames, vazamentos e manchas.<\/li>\n<\/ul>\n<p style=\"font-weight: 400;\">&#8211; O rendimento de impress\u00e3o \u00e9 o valor estimado com base no m\u00e9todo de ensaio individual Canon usando a tabela ISO\/IEC 24712, que simula a impress\u00e3o cont\u00ednua at\u00e9 o esgotamento da tinta, com tinta de reposi\u00e7\u00e3o (tanque cheios).<\/p>\n<p style=\"font-weight: 400;\">&#8211; M\u00e9dia baseada na ISO\/IEC 24712 e impress\u00e3o cont\u00ednua at\u00e9 o esgotamento do cartucho. O rendimento real varia consideravelmente de acordo com o conte\u00fado das p\u00e1ginas impressas e outros fatores. Parte da tinta do cartucho inclu\u00eddo \u00e9 usada para iniciar a impressora.<\/p>\n<p><strong>* Rendimento: at\u00e9 6.000 p\u00e1ginas em preto ou 7.000 p\u00e1ginas coloridas (texto)<\/strong><\/p>\n","protected":false},"featured_media":290732,"comment_status":"closed","ping_status":"closed","template":"","meta":{"_joinchat":[]},"product_brand":[],"product_cat":[97],"product_tag":[],"class_list":{"0":"post-290730","1":"product","2":"type-product","3":"status-publish","6":"product_cat-canon","7":"product_shipping_class-melhor-envio","9":"first","10":"instock","11":"purchasable","12":"product-type-simple"},"_links":{"self":[{"href":"https:\/\/furlanjet.com.br\/index.php?rest_route=\/wp\/v2\/product\/290730","targetHints":{"allow":["GET"]}}],"collection":[{"href":"https:\/\/furlanjet.com.br\/index.php?rest_route=\/wp\/v2\/product"}],"about":[{"href":"https:\/\/furlanjet.com.br\/index.php?rest_route=\/wp\/v2\/types\/product"}],"replies":[{"embeddable":true,"href":"https:\/\/furlanjet.com.br\/index.php?rest_route=%2Fwp%2Fv2%2Fcomments&post=290730"}],"version-history":[{"count":2,"href":"https:\/\/furlanjet.com.br\/index.php?rest_route=\/wp\/v2\/product\/290730\/revisions"}],"predecessor-version":[{"id":290733,"href":"https:\/\/furlanjet.com.br\/index.php?rest_route=\/wp\/v2\/product\/290730\/revisions\/290733"}],"wp:featuredmedia":[{"embeddable":true,"href":"https:\/\/furlanjet.com.br\/index.php?rest_route=\/wp\/v2\/media\/290732"}],"wp:attachment":[{"href":"https:\/\/furlanjet.com.br\/index.php?rest_route=%2Fwp%2Fv2%2Fmedia&parent=290730"}],"wp:term":[{"taxonomy":"product_brand","embeddable":true,"href":"https:\/\/furlanjet.com.br\/index.php?rest_route=%2Fwp%2Fv2%2Fproduct_brand&post=290730"},{"taxonomy":"product_cat","embeddable":true,"href":"https:\/\/furlanjet.com.br\/index.php?rest_route=%2Fwp%2Fv2%2Fproduct_cat&post=290730"},{"taxonomy":"product_tag","embeddable":true,"href":"https:\/\/furlanjet.com.br\/index.php?rest_route=%2Fwp%2Fv2%2Fproduct_tag&post=290730"}],"curies":[{"name":"wp","href":"https:\/\/api.w.org\/{rel}","templated":true}]}}