{"id":290722,"date":"2022-07-26T03:20:52","date_gmt":"2022-07-26T06:20:52","guid":{"rendered":"https:\/\/furlanjet.com.br\/?post_type=product&#038;p=290722"},"modified":"2023-08-23T09:26:49","modified_gmt":"2023-08-23T12:26:49","slug":"impressora-monocromatica-a4-mega-tank-gm2010-canon","status":"publish","type":"product","link":"https:\/\/furlanjet.com.br\/?product=impressora-monocromatica-a4-mega-tank-gm2010-canon","title":{"rendered":"Impressora Monocrom\u00e1tica A4 Mega Tank GM2010 &#8211; Canon"},"content":{"rendered":"<p>A MegaTank GM2010 \u00e9 uma impressora monocrom\u00e1tica sem fio, com alto rendimento, de at\u00e9 8.300 p\u00e1ginas em P\/B, criada para a alta produtividade em impress\u00e3o sem perder qualidade.<\/p>\n<p>Al\u00e9m da flexibilidade e da conveni\u00eancia, a GM2010 faz impress\u00e3o frente e verso autom\u00e1tica e apresenta capacidade de papel de 350 folhas, ao utilizar tanto a bandeja traseira quanto a gaveta frontal.<\/p>\n","protected":false},"excerpt":{"rendered":"<p>ESPECIFICA\u00c7\u00d5ES B\u00c1SICAS<\/p>\n<p>Configura\u00e7\u00e3o:\u00a0Monocrom\u00e1tica Tanque de Tinta<\/p>\n<p>Tamanhos de papel:\u00a0A4, A5, B5, carta, oficio, envelopes n\u00ba 10, cart\u00e3o de visitas, tamanho personalizado (largura 55mm &#8211; 215,9 mm \/ comprimento 89 mm &#8211; 676 mm)<\/p>\n<p>Velocidade:\u00a0 30 PPM (P\u00e1ginas Por Minuto)<\/p>\n<p>Resolu\u00e7\u00e3o de Impress\u00e3o:\u00a0Preto: at\u00e9 1200 x 600 dpi<\/p>\n<p>Impress\u00e3o Frente e Verso:\u00a0Auto &#8211; Papel Comum &#8211; A4, A5, B5, Carta<\/p>\n<p>Cartuchos\/Garrafas de tinta padr\u00e3o:\u00a0GI-10 Garrafa de tinta preta pigmento (170 ml)<\/p>\n<p>Tipos de conex\u00e3o:\u00a0USB de alta velocidade, Wi-Fi<\/p>\n<p>Requisitos El\u00e9tricos:\u00a0100-240 V AC, 50\/60 Hz;<\/p>\n<p>Dimens\u00f5es:\u00a040,4 x 36,1 x 16,8 cm (LPA)<\/p>\n<p>Ciclo de funcionamento mensal m\u00e1ximo:\u00a0at\u00e9 15.000 p\u00e1gs.<\/p>\n<hr \/>\n<table>\n<tbody>\n<tr>\n<td>C\u00f3digo<\/td>\n<td>\u00a029378<\/td>\n<\/tr>\n<tr>\n<td>C\u00f3digo Interno<\/td>\n<td>\u00a03110C005AA<\/td>\n<\/tr>\n<tr>\n<td>Peso Liquido*<\/td>\n<td>\u00a0 9,4\u00a0KG*\u00a0<sup>Sujeito \u00e0 confer\u00eancia<\/sup><\/td>\n<\/tr>\n<tr>\n<td>Peso Bruto*<\/td>\n<td>\u00a0 9,4\u00a0KG*<sup>Sujeito \u00e0 confer\u00eancia<\/sup><\/td>\n<\/tr>\n<\/tbody>\n<\/table>\n","protected":false},"featured_media":290723,"comment_status":"closed","ping_status":"closed","template":"","meta":{"_joinchat":[]},"product_brand":[],"product_cat":[168],"product_tag":[],"class_list":{"0":"post-290722","1":"product","2":"type-product","3":"status-publish","6":"product_cat-impressora-jato-de-tinta","7":"product_shipping_class-melhor-envio","9":"first","10":"onbackorder","11":"product-type-simple"},"_links":{"self":[{"href":"https:\/\/furlanjet.com.br\/index.php?rest_route=\/wp\/v2\/product\/290722","targetHints":{"allow":["GET"]}}],"collection":[{"href":"https:\/\/furlanjet.com.br\/index.php?rest_route=\/wp\/v2\/product"}],"about":[{"href":"https:\/\/furlanjet.com.br\/index.php?rest_route=\/wp\/v2\/types\/product"}],"replies":[{"embeddable":true,"href":"https:\/\/furlanjet.com.br\/index.php?rest_route=%2Fwp%2Fv2%2Fcomments&post=290722"}],"version-history":[{"count":1,"href":"https:\/\/furlanjet.com.br\/index.php?rest_route=\/wp\/v2\/product\/290722\/revisions"}],"predecessor-version":[{"id":290725,"href":"https:\/\/furlanjet.com.br\/index.php?rest_route=\/wp\/v2\/product\/290722\/revisions\/290725"}],"wp:featuredmedia":[{"embeddable":true,"href":"https:\/\/furlanjet.com.br\/index.php?rest_route=\/wp\/v2\/media\/290723"}],"wp:attachment":[{"href":"https:\/\/furlanjet.com.br\/index.php?rest_route=%2Fwp%2Fv2%2Fmedia&parent=290722"}],"wp:term":[{"taxonomy":"product_brand","embeddable":true,"href":"https:\/\/furlanjet.com.br\/index.php?rest_route=%2Fwp%2Fv2%2Fproduct_brand&post=290722"},{"taxonomy":"product_cat","embeddable":true,"href":"https:\/\/furlanjet.com.br\/index.php?rest_route=%2Fwp%2Fv2%2Fproduct_cat&post=290722"},{"taxonomy":"product_tag","embeddable":true,"href":"https:\/\/furlanjet.com.br\/index.php?rest_route=%2Fwp%2Fv2%2Fproduct_tag&post=290722"}],"curies":[{"name":"wp","href":"https:\/\/api.w.org\/{rel}","templated":true}]}}