{"id":290714,"date":"2022-07-26T03:06:46","date_gmt":"2022-07-26T06:06:46","guid":{"rendered":"https:\/\/furlanjet.com.br\/?post_type=product&#038;p=290714"},"modified":"2025-08-07T08:36:02","modified_gmt":"2025-08-07T11:36:02","slug":"garrafa-de-tinta-gi-10-b-preto","status":"publish","type":"product","link":"https:\/\/furlanjet.com.br\/?product=garrafa-de-tinta-gi-10-b-preto","title":{"rendered":"Garrafa de Tinta GI-10 B Preto"},"content":{"rendered":"<h2>Compatibilidade<\/h2>\n<div class=\"std\">\n<p>Garrafa de tinta GI-10 B Preto capacidade 170 ml e compat\u00edvel com impressoras Mega Tank G6010, G7010, GM2010 e GM4010.<\/p>\n<\/div>\n","protected":false},"excerpt":{"rendered":"<p>&#8211; Capacidade 170 ml<\/p>\n<p>&#8211; Compat\u00edvel com impressoras G6010, G7010, GM2010 e GM4010.<\/p>\n<p>&#8211; Tinta cor preta com fomula\u00e7\u00e3o especial de tinta pigmento para a obten\u00e7\u00e3o de cores mais n\u00edtidas.<\/p>\n<p>&#8211; O rendimento da garrafa de 170 ml \u00e9 de at\u00e9 8.300 p\u00e1ginas em modo rascunho. Economize no custo operacional total em todas as impress\u00f5es.<\/p>\n<p>&#8211; O design inteligente do frasco de tinta permite ao usu\u00e1rio uma experi\u00eancia mais f\u00e1cil de uso que minimiza potenciais derrames, vazamentos e manchas. A recarga de tinta inicia assim que o bico da garrafa \u00e9 encaixado no tanque de tinta.<\/p>\n<p>&#8211; O rendimento de impress\u00e3o da garrafa de tinta inclusa e usada na configura\u00e7\u00e3o inicial \u00e9 menor do que a da garrafa de reposi\u00e7\u00e3o, j\u00e1 que certa quantidade de tinta \u00e9 consumida para abastecer a cabe\u00e7a de impress\u00e3o durante a configura\u00e7\u00e3o inicial. O rendimento de impress\u00e3o \u00e9 um valor estimado com base no m\u00e9todo de ensaio individual Canon, usando o gr\u00e1fico ISO\/ IEC 24712, que simula a impress\u00e3o cont\u00ednua com a garrafa de reposi\u00e7\u00e3o at\u00e9 o esgotamento da tinta, ap\u00f3s a configura\u00e7\u00e3o inicial. O rendimento de p\u00e1ginas varia significativamente dependendo do conte\u00fado impresso, do n\u00edvel de tinta mantido no reservat\u00f3rio e de outros fatores.<\/p>\n","protected":false},"featured_media":290715,"comment_status":"closed","ping_status":"closed","template":"","meta":{"_joinchat":[]},"product_brand":[],"product_cat":[97],"product_tag":[],"class_list":{"0":"post-290714","1":"product","2":"type-product","3":"status-publish","6":"product_cat-canon","7":"product_shipping_class-melhor-envio","9":"first","10":"instock","11":"purchasable","12":"product-type-simple"},"_links":{"self":[{"href":"https:\/\/furlanjet.com.br\/index.php?rest_route=\/wp\/v2\/product\/290714","targetHints":{"allow":["GET"]}}],"collection":[{"href":"https:\/\/furlanjet.com.br\/index.php?rest_route=\/wp\/v2\/product"}],"about":[{"href":"https:\/\/furlanjet.com.br\/index.php?rest_route=\/wp\/v2\/types\/product"}],"replies":[{"embeddable":true,"href":"https:\/\/furlanjet.com.br\/index.php?rest_route=%2Fwp%2Fv2%2Fcomments&post=290714"}],"version-history":[{"count":1,"href":"https:\/\/furlanjet.com.br\/index.php?rest_route=\/wp\/v2\/product\/290714\/revisions"}],"predecessor-version":[{"id":290718,"href":"https:\/\/furlanjet.com.br\/index.php?rest_route=\/wp\/v2\/product\/290714\/revisions\/290718"}],"wp:featuredmedia":[{"embeddable":true,"href":"https:\/\/furlanjet.com.br\/index.php?rest_route=\/wp\/v2\/media\/290715"}],"wp:attachment":[{"href":"https:\/\/furlanjet.com.br\/index.php?rest_route=%2Fwp%2Fv2%2Fmedia&parent=290714"}],"wp:term":[{"taxonomy":"product_brand","embeddable":true,"href":"https:\/\/furlanjet.com.br\/index.php?rest_route=%2Fwp%2Fv2%2Fproduct_brand&post=290714"},{"taxonomy":"product_cat","embeddable":true,"href":"https:\/\/furlanjet.com.br\/index.php?rest_route=%2Fwp%2Fv2%2Fproduct_cat&post=290714"},{"taxonomy":"product_tag","embeddable":true,"href":"https:\/\/furlanjet.com.br\/index.php?rest_route=%2Fwp%2Fv2%2Fproduct_tag&post=290714"}],"curies":[{"name":"wp","href":"https:\/\/api.w.org\/{rel}","templated":true}]}}