{"id":290711,"date":"2022-07-26T02:51:39","date_gmt":"2022-07-26T05:51:39","guid":{"rendered":"https:\/\/furlanjet.com.br\/?post_type=product&#038;p=290711"},"modified":"2025-08-07T08:36:31","modified_gmt":"2025-08-07T11:36:31","slug":"impressora-laser-mono-p2509w-pantum","status":"publish","type":"product","link":"https:\/\/furlanjet.com.br\/?product=impressora-laser-mono-p2509w-pantum","title":{"rendered":"Impressora Laser Mono P2509W &#8211; Pantum"},"content":{"rendered":"<p>A impressora Laser Monocrom\u00e1tica P2509W Pantum foi projetada com design compacto e elegante, proporcionando economia de espa\u00e7o e permitindo que seja utilizada e transportada facilmente. Seu uso \u00e9 ideal para micro e pequenos empreendedores, home office e usu\u00e1rios dom\u00e9sticos. A Impressora Pantum P2509W possui\u00a0alta velocidade de impress\u00e3o de 22 p\u00e1ginas por minuto (A4) e 23 p\u00e1ginas por minuto (Carta), maximizando a produtividade\u00a0de trabalho.<\/p>\n<p>&nbsp;<\/p>\n","protected":false},"excerpt":{"rendered":"<p>Principais Caracter\u00edsticas<\/p>\n<p>&#8211; Impress\u00e3o A4 em 22ppm e carta 23ppm<\/p>\n<p>&#8211; Mem\u00f3ria 128MB<\/p>\n<p>&#8211; Velocidade do processador 600MHz<\/p>\n<p>&#8211; Conex\u00f5es USB 2.0 de Alta-velocidade e WiFi 802.11b\/g\/n<\/p>\n<p>&#8211; Toner para at\u00e9 1.600 folhas<\/p>\n<p>&#8211; Ciclo mensal de impress\u00e3o at\u00e9 15.000 folhas<\/p>\n<p>&#8211; Compat\u00edvel com Windows, Mac e Linux<\/p>\n<p>&nbsp;<\/p>\n<p>\u2022\u00a0Especifica\u00e7\u00e3o do Produto<\/p>\n<p>Tipo de Impress\u00e3o:\u00a0Laser eletrofotogr\u00e1\u00bfco monocrom\u00e1tico<\/p>\n<p>Conectividade:\u00a0USB 2.0 de Alta-velocidade e WiFi 802.11b\/g\/n<\/p>\n<p>Mem\u00f3ria:\u00a0128MB<\/p>\n<p>Processador:\u00a0600MHz<\/p>\n<p>Ciclo Mensal de Impress\u00e3o:\u00a0At\u00e9 15.000 folhas<\/p>\n<p>Ciclo Mensal de Impress\u00e3o Recomendado:\u00a0700 folhas<\/p>\n<p>&nbsp;<\/p>\n<p>\u2022\u00a0Impressora<\/p>\n<p>Velocidade da Impress\u00e3o:\u00a022ppm (A4) \/ 23ppm (Carta)<\/p>\n<p>Sa\u00edda da 1\u00aa Impress\u00e3o:\u00a0Menos de 7.8s<\/p>\n<p>Resolu\u00e7\u00e3o da Impress\u00e3o:\u00a0M\u00e1x. 1.200 x 1.200 dpi<\/p>\n<p>Impress\u00e3o frente e verso:\u00a0Manual<\/p>\n<p>Linguagem da Impress\u00e3o:\u00a0GDI<\/p>\n<p>&nbsp;<\/p>\n<p>\u2022\u00a0Papel<\/p>\n<p>Entrada de Papel:\u00a0150 folhas<\/p>\n<p>Sa\u00edda de Papel:\u00a0100 folhas<\/p>\n<p>Tipo de Papel:\u00a0Liso, Grosso, Transparente, Cartolina, Etiqueta, Envelope e Fino<\/p>\n<p>Tamanho do Papel:\u00a0A4, A5, A6, JIS B5, ISO B5, B6, Carta, Jur\u00eddico, Executivo, Declara\u00e7\u00e3o, Envelope monarca, Envelope DL, Envelope C5, Envelope C6, Envelope NO.10, Cart\u00e3o Postal Japon\u00eas, F\u00f3lio, Of\u00edcio, 16k Grande, 32k, 16k, 32k Grande, ZL, Yougata4, Cart\u00e3o Postal, Younaga3, Nagagata3 e Yougata2<\/p>\n<p>Gramatura:\u00a060 &#8211; 163g\/m\u00b2<\/p>\n<p>&nbsp;<\/p>\n<p>Sistemas Operacionais Compat\u00edveis<\/p>\n<p>Microsoft Windows Server2003\/Server2008\/Server2012\/XP\/Vista\/Win7\/Win8\/Win8.1\/Win10 (32\/64 bit)<\/p>\n<p>Mac OS 10.7-10.13<\/p>\n<p>Linux (Ubuntu 12.04&amp;14.04&amp;16.04&amp;18.04) (32\/64 bit)<\/p>\n<p>IOS 7.0 e acima<\/p>\n<p>Android 4.4 e acima<\/p>\n<p>&nbsp;<\/p>\n<p>Outras Informa\u00e7\u00f5es<\/p>\n<p>Ambiente Recomendado:\u00a0Faixa de temperatura 10-32\u00baC (50\u00baF -90\u00baF)\/ Faixa de umidade 20% &#8211; 80%<\/p>\n<p>Pot\u00eancia:\u00a0Modelo 110V:AC100 &#8211; 127V (\u00b110%); 50Hz\/60Hz; 6A<\/p>\n<p>N\u00edvel Sonoro:\u00a0Imprimindo 52 dB\/ Repouso 30 dB<\/p>\n<p>Consumo de Energia:\u00a0Impress\u00e3o: M\u00e9dia 370W\/ Ligado: 38W\/ Repouso: Menos de 2W<\/p>\n<p>&nbsp;<\/p>\n<p>Suprimento<\/p>\n<p>PD-219 Cartucho de toner com rendimento aprox. de at\u00e9 1.600 folhas (cobertura de 5%)<\/p>\n<p>RK-219 Refil de toner com rendimento aprox. de at\u00e9 1.600 folhas (cobertura de 5%)<\/p>\n<p>&nbsp;<\/p>\n<p>Dimens\u00f5es (LxCxA) e Peso<\/p>\n<p>337 mm x 220 mm x 178 mm<\/p>\n<p>4,75Kg<\/p>\n<p>&nbsp;<\/p>\n<p>Incluso na caixa<\/p>\n<p>Impressora x1\/ Cartucho inicial de 1600 folhas x1\/ Cabo de interface USB x1\/ Cabo de energia x1\/ CD-ROM x1\/ Guia de configura\u00e7\u00e3o r\u00e1pida x1<\/p>\n<hr \/>\n<table>\n<tbody>\n<tr>\n<td>C\u00f3digo<\/td>\n<td>\u00a030662<\/td>\n<\/tr>\n<tr>\n<td>C\u00f3digo Interno<\/td>\n<td>\u00a0P2509W<\/td>\n<\/tr>\n<tr>\n<td>Peso Liquido*<\/td>\n<td>\u00a0 5,5\u00a0KG*\u00a0<sup>Sujeito \u00e0 confer\u00eancia<\/sup><\/td>\n<\/tr>\n<tr>\n<td>Peso Bruto*<\/td>\n<td>\u00a0 5,5\u00a0KG*<sup>Sujeito \u00e0 confer\u00eancia<\/sup><\/td>\n<\/tr>\n<\/tbody>\n<\/table>\n","protected":false},"featured_media":290712,"comment_status":"closed","ping_status":"closed","template":"","meta":{"_joinchat":[]},"product_brand":[],"product_cat":[166],"product_tag":[],"class_list":{"0":"post-290711","1":"product","2":"type-product","3":"status-publish","6":"product_cat-impressoras-pb","7":"product_shipping_class-melhor-envio","9":"first","10":"instock","11":"purchasable","12":"product-type-simple"},"_links":{"self":[{"href":"https:\/\/furlanjet.com.br\/index.php?rest_route=\/wp\/v2\/product\/290711","targetHints":{"allow":["GET"]}}],"collection":[{"href":"https:\/\/furlanjet.com.br\/index.php?rest_route=\/wp\/v2\/product"}],"about":[{"href":"https:\/\/furlanjet.com.br\/index.php?rest_route=\/wp\/v2\/types\/product"}],"replies":[{"embeddable":true,"href":"https:\/\/furlanjet.com.br\/index.php?rest_route=%2Fwp%2Fv2%2Fcomments&post=290711"}],"version-history":[{"count":1,"href":"https:\/\/furlanjet.com.br\/index.php?rest_route=\/wp\/v2\/product\/290711\/revisions"}],"predecessor-version":[{"id":290713,"href":"https:\/\/furlanjet.com.br\/index.php?rest_route=\/wp\/v2\/product\/290711\/revisions\/290713"}],"wp:featuredmedia":[{"embeddable":true,"href":"https:\/\/furlanjet.com.br\/index.php?rest_route=\/wp\/v2\/media\/290712"}],"wp:attachment":[{"href":"https:\/\/furlanjet.com.br\/index.php?rest_route=%2Fwp%2Fv2%2Fmedia&parent=290711"}],"wp:term":[{"taxonomy":"product_brand","embeddable":true,"href":"https:\/\/furlanjet.com.br\/index.php?rest_route=%2Fwp%2Fv2%2Fproduct_brand&post=290711"},{"taxonomy":"product_cat","embeddable":true,"href":"https:\/\/furlanjet.com.br\/index.php?rest_route=%2Fwp%2Fv2%2Fproduct_cat&post=290711"},{"taxonomy":"product_tag","embeddable":true,"href":"https:\/\/furlanjet.com.br\/index.php?rest_route=%2Fwp%2Fv2%2Fproduct_tag&post=290711"}],"curies":[{"name":"wp","href":"https:\/\/api.w.org\/{rel}","templated":true}]}}