{"id":290706,"date":"2022-07-26T02:48:08","date_gmt":"2022-07-26T05:48:08","guid":{"rendered":"https:\/\/furlanjet.com.br\/?post_type=product&#038;p=290706"},"modified":"2025-06-06T09:22:15","modified_gmt":"2025-06-06T12:22:15","slug":"multifuncional-monocromatica-a4-mega-tank-gm4010-canon","status":"publish","type":"product","link":"https:\/\/furlanjet.com.br\/?product=multifuncional-monocromatica-a4-mega-tank-gm4010-canon","title":{"rendered":"Multifuncional Monocrom\u00e1tica A4 Mega Tank GM4010 &#8211; Canon"},"content":{"rendered":"<p>A Multifuncional MegaTank GM4010 monocrom\u00e1tica, com conex\u00e3o sem fio, \u00e9 ideal para uso comum no dia a dia, seja para necessidades dom\u00e9sticas, home office ou na empresa. Este equipamento possui capacidade m\u00e1xima de impress\u00e3o de at\u00e9 15.000 p\u00e1ginas mensais, com rendimento m\u00e1ximo de cartucho de at\u00e9 8.300 p\u00e1ginas, al\u00e9m de oferecer as fun\u00e7\u00f5es c\u00f3pia e scanner com agilidade e f\u00e1cil uso.<\/p>\n<p>&nbsp;<\/p>\n<p>*Impress\u00e3o colorida opcional.<\/p>\n","protected":false},"excerpt":{"rendered":"<p>ESPECIFICA\u00c7\u00d5ES B\u00c1SICAS<\/p>\n<p>&nbsp;<\/p>\n<p>Configura\u00e7\u00e3o:\u00a0Multifuncional Tanque de Tinta Monocrom\u00e1tica com Wi-Fi<\/p>\n<p>Formato m\u00e1ximo de documento:\u00a0A4\/Carta (21,6&#215;29,7 cm)<\/p>\n<p>ADF: A4, Carta e Of\u00edcio<\/p>\n<p>Velocidade:\u00a030 PPM (P\u00e1gina Por Minuto)<\/p>\n<p>Resolu\u00e7\u00e3o de Impress\u00e3o:\u00a0Preto: at\u00e9 1200 x 600 dpi<\/p>\n<p>Impress\u00e3o Frente e Verso:\u00a0Auto &#8211; Papel Comum &#8211; A4, A5, B5, Carta<\/p>\n<p>Cartuchos\/Garrafas de tinta padr\u00e3o:\u00a0GI-10 Garrafa de tinta preta pigmento (170 ml)<\/p>\n<p>Cartuchos\/Garrafas de tinta colorida opcional:\u00a0CL-141, CL-141 XL<\/p>\n<p>Tipos de conex\u00e3o:<\/p>\n<p>Ethernet<\/p>\n<p>Sem fio<\/p>\n<p>USB tipo B: Alta velocidade<\/p>\n<p>Dimens\u00f5es:\u00a040,3 x 36,9 x 23,4 cm (LPA)<\/p>\n<p>Ciclo de funcionamento mensal m\u00e1ximo:\u00a0at\u00e9 15.000 p\u00e1gs.<\/p>\n<p>&nbsp;<\/p>\n<hr \/>\n<table>\n<tbody>\n<tr>\n<td>C\u00f3digo<\/td>\n<td>\u00a029535<\/td>\n<\/tr>\n<tr>\n<td>C\u00f3digo Interno<\/td>\n<td>\u00a03111C005AA<\/td>\n<\/tr>\n<tr>\n<td>Peso Liquido*<\/td>\n<td>\u00a0 11,61\u00a0KG*\u00a0<sup>Sujeito \u00e0 confer\u00eancia<\/sup><\/td>\n<\/tr>\n<tr>\n<td>Peso Bruto*<\/td>\n<td>\u00a0 11,61\u00a0KG*<sup>Sujeito \u00e0 confer\u00eancia<\/sup><\/td>\n<\/tr>\n<\/tbody>\n<\/table>\n","protected":false},"featured_media":290707,"comment_status":"closed","ping_status":"closed","template":"","meta":{"_joinchat":[]},"product_brand":[],"product_cat":[172],"product_tag":[],"class_list":{"0":"post-290706","1":"product","2":"type-product","3":"status-publish","6":"product_cat-multifuncional-jato-de-tinta","7":"product_shipping_class-melhor-envio","9":"first","10":"instock","11":"sale","12":"purchasable","13":"product-type-simple"},"_links":{"self":[{"href":"https:\/\/furlanjet.com.br\/index.php?rest_route=\/wp\/v2\/product\/290706","targetHints":{"allow":["GET"]}}],"collection":[{"href":"https:\/\/furlanjet.com.br\/index.php?rest_route=\/wp\/v2\/product"}],"about":[{"href":"https:\/\/furlanjet.com.br\/index.php?rest_route=\/wp\/v2\/types\/product"}],"replies":[{"embeddable":true,"href":"https:\/\/furlanjet.com.br\/index.php?rest_route=%2Fwp%2Fv2%2Fcomments&post=290706"}],"version-history":[{"count":1,"href":"https:\/\/furlanjet.com.br\/index.php?rest_route=\/wp\/v2\/product\/290706\/revisions"}],"predecessor-version":[{"id":290710,"href":"https:\/\/furlanjet.com.br\/index.php?rest_route=\/wp\/v2\/product\/290706\/revisions\/290710"}],"wp:featuredmedia":[{"embeddable":true,"href":"https:\/\/furlanjet.com.br\/index.php?rest_route=\/wp\/v2\/media\/290707"}],"wp:attachment":[{"href":"https:\/\/furlanjet.com.br\/index.php?rest_route=%2Fwp%2Fv2%2Fmedia&parent=290706"}],"wp:term":[{"taxonomy":"product_brand","embeddable":true,"href":"https:\/\/furlanjet.com.br\/index.php?rest_route=%2Fwp%2Fv2%2Fproduct_brand&post=290706"},{"taxonomy":"product_cat","embeddable":true,"href":"https:\/\/furlanjet.com.br\/index.php?rest_route=%2Fwp%2Fv2%2Fproduct_cat&post=290706"},{"taxonomy":"product_tag","embeddable":true,"href":"https:\/\/furlanjet.com.br\/index.php?rest_route=%2Fwp%2Fv2%2Fproduct_tag&post=290706"}],"curies":[{"name":"wp","href":"https:\/\/api.w.org\/{rel}","templated":true}]}}