{"id":290507,"date":"2021-06-04T12:42:48","date_gmt":"2021-06-04T15:42:48","guid":{"rendered":"http:\/\/furlanjet.com.br\/?post_type=product&#038;p=290507"},"modified":"2025-08-07T08:37:18","modified_gmt":"2025-08-07T11:37:18","slug":"teclado-usb-padrao-kb-15bk-preto-c3plus","status":"publish","type":"product","link":"https:\/\/furlanjet.com.br\/?product=teclado-usb-padrao-kb-15bk-preto-c3plus","title":{"rendered":"Teclado USB Padrao KB-15BK Preto C3Plus"},"content":{"rendered":"<p><b>Modelo:<\/b>\u00a0KB-15BK<br \/>\n<b>Refer\u00eancia:<\/b>\u00a0403010150100<br \/>\n<b>Apresenta\u00e7\u00e3o:<\/b> Traga mais espa\u00e7o a sua mesa com o KB-15, o teclado perfeito para o seu computador e ideal para o seu escrit\u00f3rio. Seu design elegante se adapta a diversos ambientes, tornando-o um excelente acess\u00f3rio para o dia a dia.<\/p>\n","protected":false},"excerpt":{"rendered":"<p><b>Detalhes:<\/b><br \/>\nABNT2<\/p>\n<p>* Tipo: Membrana;<br \/>\n* N\u00fameros de teclas: 107;<br \/>\n* Comprimento do cabo: 1,2m;<br \/>\n* Serigrafia das teclas: Silk;<br \/>\n* Durabilidade da tecla: 80 milh\u00f5es de acionamentos;<br \/>\n* Press\u00e3o de acionamento das Teclas: =1.0kgf;<br \/>\n* Curso de acionamento da tecla: 0.9 mm.;<br \/>\n* Elasticidade das teclas: 55\u00b110gf;<br \/>\n* Curso total: 4.2 mm + \/ &#8211; 0.5 mm.<br \/>\n*Anti-respingo<\/p>\n<p>Dimens\u00f5es:<br \/>\n* Tamanho: 438 x 128 x 22mm;<br \/>\n* Peso: 345g.<\/p>\n<p>Alimenta\u00e7\u00e3o:<br \/>\n* Conex\u00e3o: USB;<br \/>\n* Voltagem: 5V DC;<br \/>\n* Corrente: 300mA;<br \/>\n* Consumo: 1 watts;<br \/>\n* Temperatura de Trabalho: 5\u00b0 \u00e0 50\u00b0;<br \/>\n* Humidade m\u00e1xima de opera\u00e7\u00e3o: 10% ~ 85% RH 25.<br \/>\n<b>Altura da embalagem:<\/b>\u00a02,5 CM<br \/>\n<b>Largura embalagem:<\/b>\u00a014,5 CM<br \/>\n<b>Comprimento embalagem:<\/b>\u00a045 CM<br \/>\n<b>Peso embalagem:<\/b>\u00a0,415 KG<br \/>\n<b>Part Number\/SKU:<\/b>\u00a0KB-15BK<br \/>\n<b>EAN do produto:<\/b>\u00a07898555215757<\/p>\n","protected":false},"featured_media":290508,"comment_status":"closed","ping_status":"closed","template":"","meta":{"_joinchat":[]},"product_brand":[],"product_cat":[183],"product_tag":[],"class_list":{"0":"post-290507","1":"product","2":"type-product","3":"status-publish","6":"product_cat-teclado","7":"product_shipping_class-melhor-envio","9":"first","10":"instock","11":"purchasable","12":"product-type-simple"},"_links":{"self":[{"href":"https:\/\/furlanjet.com.br\/index.php?rest_route=\/wp\/v2\/product\/290507","targetHints":{"allow":["GET"]}}],"collection":[{"href":"https:\/\/furlanjet.com.br\/index.php?rest_route=\/wp\/v2\/product"}],"about":[{"href":"https:\/\/furlanjet.com.br\/index.php?rest_route=\/wp\/v2\/types\/product"}],"replies":[{"embeddable":true,"href":"https:\/\/furlanjet.com.br\/index.php?rest_route=%2Fwp%2Fv2%2Fcomments&post=290507"}],"version-history":[{"count":1,"href":"https:\/\/furlanjet.com.br\/index.php?rest_route=\/wp\/v2\/product\/290507\/revisions"}],"predecessor-version":[{"id":290931,"href":"https:\/\/furlanjet.com.br\/index.php?rest_route=\/wp\/v2\/product\/290507\/revisions\/290931"}],"wp:featuredmedia":[{"embeddable":true,"href":"https:\/\/furlanjet.com.br\/index.php?rest_route=\/wp\/v2\/media\/290508"}],"wp:attachment":[{"href":"https:\/\/furlanjet.com.br\/index.php?rest_route=%2Fwp%2Fv2%2Fmedia&parent=290507"}],"wp:term":[{"taxonomy":"product_brand","embeddable":true,"href":"https:\/\/furlanjet.com.br\/index.php?rest_route=%2Fwp%2Fv2%2Fproduct_brand&post=290507"},{"taxonomy":"product_cat","embeddable":true,"href":"https:\/\/furlanjet.com.br\/index.php?rest_route=%2Fwp%2Fv2%2Fproduct_cat&post=290507"},{"taxonomy":"product_tag","embeddable":true,"href":"https:\/\/furlanjet.com.br\/index.php?rest_route=%2Fwp%2Fv2%2Fproduct_tag&post=290507"}],"curies":[{"name":"wp","href":"https:\/\/api.w.org\/{rel}","templated":true}]}}