{"id":25182,"date":"2019-12-20T01:57:07","date_gmt":"2019-12-20T04:57:07","guid":{"rendered":"http:\/\/furlanjet.com.br\/?post_type=product&#038;p=25182"},"modified":"2025-08-07T08:39:30","modified_gmt":"2025-08-07T11:39:30","slug":"administrador-industrial-g6-digisat","status":"publish","type":"product","link":"https:\/\/furlanjet.com.br\/?product=administrador-industrial-g6-digisat","title":{"rendered":"Administrador Industrial G6 Digisat"},"content":{"rendered":"<h2 class=\"anim anim-left mt-0 mx-5 text-center text-primario text-uppercase animado\">TOTALMENTE INTEGRADO DO CH\u00c3O DE F\u00c1BRICA AO FINANCEIRO<\/h2>\n<p>O Sistema Administrador Industrial foi desenvolvido para ser utilizado em micro e pequenas ind\u00fastrias, controlando as fases de produ\u00e7\u00e3o, dando baixa do estoque e gerando o pre\u00e7o de custo e de venda do produto final. Controla toda a parte comercial e financeira da ind\u00fastria. Al\u00e9m disso possui todos os m\u00f3dulos do Sistema Administrador Comercial incluindo os recursos abaixo:<\/p>\n","protected":false},"excerpt":{"rendered":"<p><strong>APP COLETOR DE DADOS<\/strong><\/p>\n<p>Digita\u00e7\u00e3o do c\u00f3digo de barras ou c\u00f3digo interno do item e quantidade conferida<br \/>\nGera arquivo para confer\u00eancia de estoque<br \/>\nLeitura de c\u00f3digo de barras atrav\u00e9s da c\u00e2mera do celular ou tablet com sistema operacional Android<\/p>\n<p><strong>APP FOR\u00c7A DE VENDAS MOBILE<\/strong><\/p>\n<p>Cadastro de clientes<br \/>\nConsulta de estoque<br \/>\nConsulta de fluxo de caixa<br \/>\nConsulta de movimenta\u00e7\u00e3o financeira<br \/>\nEmiss\u00e3o de pedido de venda atrav\u00e9s de tablets e smartphones<br \/>\nListagem de produtos com imagens<br \/>\nImpress\u00e3o do pedido por impressora t\u00e9rmica bluetooth<br \/>\nIntegra\u00e7\u00e3o com mini-impressora 56, 57 e 58 mm<\/p>\n<p>APP PDV MOBILE<\/p>\n<p>Compat\u00edvel com m\u00e1quinas Cielo Lio, Gertec GPOS700 e Android<br \/>\nEmiss\u00e3o de NFC-e ou CF-e SAT<br \/>\nEnvio do documento fiscal por e-mail<br \/>\nIdentifica\u00e7\u00e3o do consumidor e vendedor na venda<br \/>\nImpress\u00e3o do documento fiscal por impressora t\u00e9rmica bluetooth<br \/>\nIntegra\u00e7\u00e3o com mini-impressora 56, 57 e 58 mm<br \/>\nListagem e cadastro de clientes<br \/>\nListagem de produtos com imagens<br \/>\nRecebimento em m\u00faltiplos cart\u00f5es e dinheiro<br \/>\nSuporte a tabelas de pre\u00e7o, condi\u00e7\u00e3o especial e desconto nos itens ou total<br \/>\nVenda de produtos normais ou controlados por lote, grade ou serial<\/p>\n<p><strong>CADASTROS<\/strong><\/p>\n<p>Acesso r\u00e1pido aos relat\u00f3rios<br \/>\nAltera\u00e7\u00e3o do pre\u00e7o em massa<br \/>\nCadastro de GLP, e outros de derivado de petr\u00f3leo, medicamentos, combust\u00edveis, itens de composi\u00e7\u00e3o e itens de decomposi\u00e7\u00e3o<br \/>\nC\u00e1lculo automatizado do pre\u00e7o de custo e venda<br \/>\nCadastro autom\u00e1tico pelo CNPJ<br \/>\nCadastro de formas de pagamentos<br \/>\nCadastro de grades<br \/>\nCadastro de grupo e da localiza\u00e7\u00e3o dos produtos no estoque<br \/>\nCadastro de marcas<br \/>\nCadastro de opera\u00e7\u00f5es fiscais<br \/>\nCadastro de perfil de permiss\u00f5es e usu\u00e1rios<br \/>\nCadastro de produtos e servi\u00e7os<br \/>\nCadastro de profiss\u00f5es<br \/>\nCadastro de plano de contas cont\u00e1bil (Prod\/Serv)<br \/>\nCadastro de produtos de balan\u00e7a<br \/>\nCadastro de promo\u00e7\u00f5es<br \/>\nCadastro de tabelas de pre\u00e7os<br \/>\nCadastro de tributa\u00e7\u00f5es (Municipal, Estadual e Federal)<br \/>\nCadastro de unidade de medida<br \/>\nCadastro unificado de pessoas<br \/>\nCondi\u00e7\u00e3o especial de venda para os Itens<br \/>\nControle de estoque por lote, grade e serial<br \/>\nHist\u00f3rico de pessoas e produtos (outras informa\u00e7\u00f5es)<br \/>\nMontagem de kits<br \/>\nPesquisa de cr\u00e9dito no Serasa diretamente pelo sistema (servi\u00e7o pago a parte para Connect S.A.)<br \/>\nRela\u00e7\u00e3o produto fornecedor<br \/>\nRela\u00e7\u00e3o vendedor cliente<\/p>\n<p><strong>CUSTOS DIRETOS E CUSTOS INDIRETOS<\/strong><\/p>\n<p>Adicionar custos<br \/>\nCustos indiretos<br \/>\nIncid\u00eancias de custos<br \/>\nPercentual<\/p>\n<p>FINANCEIRO<\/p>\n<p>Acesso r\u00e1pido aos relat\u00f3rios<br \/>\nBalancete financeiro por plano de conta e centro de custo<br \/>\nCadastro de contas banc\u00e1rias<br \/>\nCentro de custos<br \/>\nContas a pagar<br \/>\nContas a receber<br \/>\nControle de cheques<br \/>\nComiss\u00e3o de vendedores e t\u00e9cnicos<br \/>\nEmiss\u00e3o de carn\u00eas, recibos, duplicadas e notas promiss\u00f3rias<br \/>\nEmiss\u00e3o de boletos e envio por e-mail<br \/>\nFluxo de caixa<br \/>\nGerenciador de boletos (concilia\u00e7\u00e3o banc\u00e1ria autom\u00e1tica, via arquivo de retorno do banco e gera\u00e7\u00e3o de remessas banc\u00e1rias)<br \/>\nImporta\u00e7\u00e3o de extrato banc\u00e1rio no formato OFX<br \/>\nM\u00f3dulo de transfer\u00eancia entre contas<br \/>\nMovimenta\u00e7\u00e3o de contas financeiras<br \/>\nQuita\u00e7\u00e3o de contas a receber de forma parcial, total ou agrupada<br \/>\nPesquisa detalhada nas listagens de contas a receber e pagar<br \/>\nPlano de contas<br \/>\nRecebimento de parcelas no PDV<br \/>\nRenegocia\u00e7\u00e3o e cobran\u00e7as<\/p>\n<p><strong>M\u00d3DULO IND\u00daSTRIA<\/strong><\/p>\n<p>Acompanhamento por status<br \/>\nApontamento por etapa de produ\u00e7\u00e3o<br \/>\nCadastro de colaboradores (produ\u00e7\u00e3o e administrativo)<br \/>\nC\u00e1lculo do custo e forma\u00e7\u00e3o do pre\u00e7o de venda<br \/>\nComposi\u00e7\u00e3o do produto<br \/>\nControle de rastreabilidade dos produtos produzidos e das mat\u00e9rias-primas (lote e n\u00famero de s\u00e9rie)<br \/>\nCustos indiretos<br \/>\nEncargos sociais<br \/>\nEstoque f\u00edsicos<br \/>\nFase de produ\u00e7\u00e3o<br \/>\nFeriados<br \/>\nFicha t\u00e9cnica do item produzido<br \/>\nGera\u00e7\u00e3o da ordem de produ\u00e7\u00e3o diretamente pelo m\u00f3dulo de or\u00e7amento<br \/>\nGera\u00e7\u00e3o de registros do bloco K<br \/>\nGerenciamento de resultados<br \/>\nJornada de trabalho<br \/>\nM\u00e3o de obra<br \/>\nOrdens de produ\u00e7\u00e3o<br \/>\nOr\u00e7amento para produtos personalizados<br \/>\nPrograma\u00e7\u00e3o de produ\u00e7\u00e3o<br \/>\nReserva de insumos<br \/>\nSimulador de custos<\/p>\n<p><strong>MOVIMENTA\u00c7\u00c3O DE ENTRADA<\/strong><\/p>\n<p>Acesso r\u00e1pido aos relat\u00f3rios<br \/>\nEntrada de produtos por lote, n\u00ba de s\u00e9rie e grade<br \/>\nFator de convers\u00e3o<br \/>\nImporta\u00e7\u00e3o de XML do fornecedor<br \/>\nManifesta\u00e7\u00e3o do destinat\u00e1rio com possibilidade de download do arquivo XML e lan\u00e7amento da nota de compra<br \/>\nMontagem de composi\u00e7\u00f5es<br \/>\nNF-e de entrada<br \/>\nNota de compra<br \/>\nNota de devolu\u00e7\u00e3o<br \/>\nNota de importa\u00e7\u00e3o<br \/>\nNota de produtor rural<br \/>\nPedido de compra<br \/>\nPedido de compra com envio por e-mail<br \/>\nPesquisa detalhada na listagem de movimenta\u00e7\u00e3o de entrada<br \/>\nRegistro de entrada de CTRC<\/p>\n<p><strong>MOVIMENTA\u00c7\u00c3O DE SA\u00cdDA<\/strong><\/p>\n<p>Acesso r\u00e1pido aos relat\u00f3rios<br \/>\nCart\u00e3o POS<br \/>\nCarta de corre\u00e7\u00e3o eletr\u00f4nica<br \/>\nControle de entregas<br \/>\nDav (pedido de venda)<br \/>\nDav-OS (ordem de servi\u00e7o)<br \/>\nDanfe NFC-e e XML por e-mail<br \/>\nEmiss\u00e3o de carn\u00ea pelo PDV e NF-e<br \/>\nEmiss\u00e3o de CT-e<br \/>\nEmiss\u00e3o de MDF-e<br \/>\nEmiss\u00e3o de NF-e para produtor rural (sistema habilitado para CPF)<br \/>\nEmiss\u00e3o de nota fiscal de servi\u00e7o NFS-e (consulte disponibilidade para seu munic\u00edpio)<br \/>\nEmiss\u00e3o de ticket de troca (NF-e e PDV)<br \/>\nExtrato do S@T e XML por e-mail<br \/>\nNF-e de sa\u00edda<br \/>\nNF-e de exporta\u00e7\u00e3o<br \/>\nNF-e de devolu\u00e7\u00e3o<br \/>\nImporta\u00e7\u00e3o de pr\u00e9-venda, DAV e DAV-OS no PDV<br \/>\nImpress\u00e3o de duplicadas, nota promiss\u00f3ria, carn\u00eas e boletos na finaliza\u00e7\u00e3o da nota<br \/>\nIntegra\u00e7\u00e3o com balan\u00e7as<br \/>\nM\u00f3dulo de devolu\u00e7\u00e3o de venda<br \/>\nM\u00f3dulo de delivery, com controle de entrega<br \/>\nNFC-e, cupom fiscal e S@T<br \/>\nOr\u00e7amentos<br \/>\nPesquisa detalhada na listagem de movimenta\u00e7\u00e3o de sa\u00edda<br \/>\nPr\u00e9-venda<br \/>\nRegistro de nota manual<br \/>\nRomaneio de cargas<br \/>\nRecebimentos de parcelas integral e parcial<br \/>\nTEF (Sitef, GetCard, Pay&amp;Go e Cappta)<\/p>\n<p><strong>OR\u00c7AMENTOS<\/strong><\/p>\n<p>Or\u00e7amento de produtos<br \/>\nFicha t\u00e9cnica personalizada<br \/>\nRelat\u00f3rios de or\u00e7amentos<\/p>\n<p>ORDEM DE PRODU\u00c7\u00c3O<\/p>\n<p>Adicionar ordem de produ\u00e7\u00e3o<br \/>\nControle de etapas<br \/>\nDesmontar<br \/>\nFases de produ\u00e7\u00e3o<br \/>\nRelat\u00f3rios de produ\u00e7\u00e3o<\/p>\n<p><strong>ORDEM DE SERVI\u00c7O<\/strong><\/p>\n<p>Consulta facilitada das ordens de servi\u00e7o, pe\u00e7as substitu\u00eddas, servi\u00e7os prestados e t\u00e9cnicos que efetuaram reparos<br \/>\nControle de objetos para conserto<br \/>\nCria\u00e7\u00e3o de campos personalizados para ordem de servi\u00e7o<br \/>\nHist\u00f3rico do objeto (outras informa\u00e7\u00f5es)<br \/>\nMapa das ordens de servi\u00e7o abertas<br \/>\nM\u00f3dulo de cadastro de objetos<br \/>\nM\u00f3dulo de ordem de servi\u00e7o, para recebimento do objeto e abertura das ordens de servi\u00e7o<br \/>\nPossibilidade de criar campos na ordem de servi\u00e7o, conforme a sua necessidade<\/p>\n<p><strong>PROGRAMA\u00c7\u00c3O DE PRODU\u00c7\u00c3O<\/strong><\/p>\n<p>Controle de ordem de produ\u00e7\u00e3o<br \/>\nInclus\u00e3o de programa\u00e7\u00e3o<br \/>\nInterrup\u00e7\u00e3o de produ\u00e7\u00e3o programada<br \/>\nInutiliza\u00e7\u00e3o de produ\u00e7\u00e3o<br \/>\nLinha de programa\u00e7\u00e3o com hor\u00e1rios (timeline)<br \/>\nRelat\u00f3rios de produ\u00e7\u00e3o<br \/>\nVerifica\u00e7\u00e3o de itens em falta<\/p>\n<p><strong>RECURSOS AUXILIARES<\/strong><\/p>\n<p>Confer\u00eancia de estoque<br \/>\nConfigura\u00e7\u00e3o de backup peri\u00f3dico e di\u00e1rio<br \/>\nControle de turno com fechamento de turno por usu\u00e1rio<br \/>\nDeclara\u00e7\u00e3o de exporta\u00e7\u00e3o<br \/>\nGera\u00e7\u00e3o de arquivos para consulta pre\u00e7os<br \/>\nGerador de Sintegra, Sped e EFD contribui\u00e7\u00f5es<br \/>\nGerador de invent\u00e1rio<br \/>\nGerador de arquivos para integra\u00e7\u00e3o com balan\u00e7as<br \/>\nGerador de etiquetas<br \/>\nGest\u00e3o empresarial<br \/>\nIntegra\u00e7\u00e3o com micro terminais<br \/>\nIntegra\u00e7\u00e3o com mini-impressora 56\/57\/58\/79\/80 mm<br \/>\nM\u00f3dulo de configura\u00e7\u00f5es<br \/>\nM\u00f3dulo de agendamento<br \/>\nM\u00f3dulo de altera\u00e7\u00f5es r\u00e1pidas (para os usu\u00e1rios, suporte e revenda)<br \/>\nM\u00f3dulos para cria\u00e7\u00e3o de campos personalizados<br \/>\nM\u00f3dulo de envio de arquivos (XML dos documentos fiscais) para a contabilidade<br \/>\nM\u00f3dulo para exportar arquivos para contabilidade (consulte os formatos dispon\u00edveis)<br \/>\nM\u00f3dulo de inutiliza\u00e7\u00e3o de documento eletr\u00f4nicos<br \/>\nM\u00f3dulo de cria\u00e7\u00e3o de modelos de e-mail<br \/>\nM\u00f3dulo de relat\u00f3rios:<br \/>\n&#8211; Relat\u00f3rios de pessoas<br \/>\n&#8211; Relat\u00f3rios de produtos e servi\u00e7os<br \/>\n&#8211; Relat\u00f3rios de grupos<br \/>\n&#8211; Relat\u00f3rios de rela\u00e7\u00e3o vendedor\/cliente<br \/>\n&#8211; Relat\u00f3rios de movimenta\u00e7\u00f5es da conta<br \/>\n&#8211; Relat\u00f3rios de contas a pagar<br \/>\n&#8211; Relat\u00f3rios de contas a receber<br \/>\n&#8211; Relat\u00f3rios de movimenta\u00e7\u00e3o de entrada<br \/>\n&#8211; Relat\u00f3rios de movimenta\u00e7\u00e3o de sa\u00edda<br \/>\n&#8211; Relat\u00f3rios de CT-e<br \/>\n&#8211; Relat\u00f3rios de MDF-e<br \/>\n&#8211; Relat\u00f3rios de delivery<br \/>\n&#8211; Relat\u00f3rios de movimenta\u00e7\u00f5es de CTRC (entrada)<br \/>\n&#8211; Relat\u00f3rios de turnos<br \/>\n&#8211; Relat\u00f3rios de opera\u00e7\u00f5es fiscais<br \/>\n&#8211; Relat\u00f3rios de cheques<br \/>\n&#8211; Relat\u00f3rios de transfer\u00eancia de contas<br \/>\n&#8211; Relat\u00f3rios de promo\u00e7\u00f5es<br \/>\n&#8211; Relat\u00f3rios m\u00f3dulo de restaurante<br \/>\n&#8211; Relat\u00f3rios m\u00f3dulo de postos de combust\u00edveis<br \/>\n&#8211; Relat\u00f3rios m\u00f3dulo de farm\u00e1cia<\/p>\n<p><strong>SIMULADOR DE CUSTOS<\/strong><\/p>\n<p>Aplicar pre\u00e7os<br \/>\nEncargos sociais<br \/>\nImprimir<br \/>\nRecalcular<br \/>\nSimula\u00e7\u00e3o de custos diretos e indiretos<br \/>\nSimula\u00e7\u00e3o de encargos sociais e m\u00e3o de obra<\/p>\n","protected":false},"featured_media":23898,"comment_status":"closed","ping_status":"closed","template":"","meta":{"_joinchat":[]},"product_brand":[],"product_cat":[133],"product_tag":[160,161,158,162,157,159],"class_list":{"0":"post-25182","1":"product","2":"type-product","3":"status-publish","6":"product_cat-automacao-comercial","7":"product_tag-administrador","8":"product_tag-digisat","9":"product_tag-gestao","10":"product_tag-nfe","11":"product_tag-sistema","12":"product_tag-software","13":"product_shipping_class-melhor-envio","15":"first","16":"instock","17":"taxable","18":"shipping-taxable","19":"product-type-simple"},"_links":{"self":[{"href":"https:\/\/furlanjet.com.br\/index.php?rest_route=\/wp\/v2\/product\/25182","targetHints":{"allow":["GET"]}}],"collection":[{"href":"https:\/\/furlanjet.com.br\/index.php?rest_route=\/wp\/v2\/product"}],"about":[{"href":"https:\/\/furlanjet.com.br\/index.php?rest_route=\/wp\/v2\/types\/product"}],"replies":[{"embeddable":true,"href":"https:\/\/furlanjet.com.br\/index.php?rest_route=%2Fwp%2Fv2%2Fcomments&post=25182"}],"version-history":[{"count":1,"href":"https:\/\/furlanjet.com.br\/index.php?rest_route=\/wp\/v2\/product\/25182\/revisions"}],"predecessor-version":[{"id":290916,"href":"https:\/\/furlanjet.com.br\/index.php?rest_route=\/wp\/v2\/product\/25182\/revisions\/290916"}],"wp:featuredmedia":[{"embeddable":true,"href":"https:\/\/furlanjet.com.br\/index.php?rest_route=\/wp\/v2\/media\/23898"}],"wp:attachment":[{"href":"https:\/\/furlanjet.com.br\/index.php?rest_route=%2Fwp%2Fv2%2Fmedia&parent=25182"}],"wp:term":[{"taxonomy":"product_brand","embeddable":true,"href":"https:\/\/furlanjet.com.br\/index.php?rest_route=%2Fwp%2Fv2%2Fproduct_brand&post=25182"},{"taxonomy":"product_cat","embeddable":true,"href":"https:\/\/furlanjet.com.br\/index.php?rest_route=%2Fwp%2Fv2%2Fproduct_cat&post=25182"},{"taxonomy":"product_tag","embeddable":true,"href":"https:\/\/furlanjet.com.br\/index.php?rest_route=%2Fwp%2Fv2%2Fproduct_tag&post=25182"}],"curies":[{"name":"wp","href":"https:\/\/api.w.org\/{rel}","templated":true}]}}