{"id":24304,"date":"2019-11-20T13:30:36","date_gmt":"2019-11-20T16:30:36","guid":{"rendered":"http:\/\/furlanjet.com.br\/?post_type=product&#038;p=24304"},"modified":"2019-11-20T13:33:26","modified_gmt":"2019-11-20T16:33:26","slug":"speaker-2-0-sp-301bk-c3tech","status":"publish","type":"product","link":"https:\/\/furlanjet.com.br\/?product=speaker-2-0-sp-301bk-c3tech","title":{"rendered":"Speaker 2.0 SP-301BK C3Tech"},"content":{"rendered":"<p>Para quem n\u00e3o abre m\u00e3o de qualidade em suas m\u00fasicas e procura por um produto com design moderno, leve e port\u00e1til, a speaker SP-301 da C3Tech e perfeita para voc\u00ea! Com alimenta\u00e7\u00e3o via porta USB \u00e9 ideal para uso em computadores e notebooks.<\/p>\n","protected":false},"excerpt":{"rendered":"<ul>\n<li class=\"row-table-01\"><span class=\"titulo-desc\">Modelo:\u00a0<\/span>SP-301BK<\/li>\n<li class=\"row-table-01\"><span class=\"titulo-desc\">Refer\u00eancia:<\/span>404020620100<\/li>\n<li class=\"row-table-01\"><span class=\"titulo-desc\">Apresenta\u00e7\u00e3o:<\/span>Para quem n\u00e3o abre m\u00e3o de qualidade em suas m\u00fasicas e procura por um produto com design moderno, leve e port\u00e1til, a speaker SP-301 da C3Tech e perfeita para voc\u00ea! Com alimenta\u00e7\u00e3o via porta USB \u00e9 ideal para uso em computadores e notebooks.<\/li>\n<\/ul>\n<p>&nbsp;<\/p>\n<ul>\n<li class=\"row-table-02\"><span class=\"titulo-desc\">Detalhes:<br \/>\n<\/span>Caracter\u00edsticas:<br \/>\nDesenvolvido para Notebook e Desktops;<br \/>\nMini Speaker;<br \/>\nSistema de \u00c1udio 2.0;<br \/>\nBlindagem eletromagn\u00e9tica;<br \/>\nAjuste de Volume no cabo;<br \/>\nConex\u00e3o \u00c1udio P2 3,5mm;<br \/>\nAlimenta\u00e7\u00e3o via USB;<br \/>\nVoltagem: USB 5VDC \u00b110%;<br \/>\nCorrente: 100mA (Max).<\/p>\n<p>Especifica\u00e7\u00f5es:<br \/>\nDimens\u00f5es: 69*63*65mm;<br \/>\nMaterial: Pl\u00e1stico ABS;<br \/>\nPeso: 220g;<br \/>\nCabo: 1,39m;<br \/>\nTemperatura de trabalho: 0g ~ 45g;<br \/>\nUmidade do ar: 45% ~ 90%;<br \/>\nFrequ\u00eancia 20 Hz ~ 16 KHz;<br \/>\nSNR:80db;<br \/>\nDistor\u00e7\u00e3o: =0.5% 1W 1KHz;<br \/>\nImped\u00e2ncia:4O (Ohms);<br \/>\nPot\u00eancia 3Watts;<br \/>\nCertifica\u00e7\u00f5es CE, FCC.<\/li>\n<\/ul>\n<ul>\n<li class=\"row-table-02\"><span class=\"titulo-desc\">Altura da embalagem:\u00a0<\/span>,063<\/li>\n<\/ul>\n<ul>\n<li class=\"row-table-01\"><span class=\"titulo-desc\">Largura embalagem:\u00a0<\/span>,063<\/li>\n<\/ul>\n<ul>\n<li class=\"row-table-02\"><span class=\"titulo-desc\">Comprimento embalagem:\u00a0<\/span>,065<\/li>\n<\/ul>\n<ul>\n<li class=\"row-table-01\"><span class=\"titulo-desc\">Peso embalagem:\u00a0<\/span>230<\/li>\n<\/ul>\n<ul>\n<li class=\"row-table-02\"><span class=\"titulo-desc\">Part Number\/SKU:<\/span><\/li>\n<\/ul>\n<ul>\n<li class=\"row-table-01\"><span class=\"titulo-desc\">EAN do produto:\u00a0<\/span>7898555211193<\/li>\n<\/ul>\n<p>&nbsp;<\/p>\n","protected":false},"featured_media":24305,"comment_status":"closed","ping_status":"closed","template":"","meta":{"_joinchat":[]},"product_brand":[],"product_cat":[216],"product_tag":[],"class_list":{"0":"post-24304","1":"product","2":"type-product","3":"status-publish","6":"product_cat-audio-2-0","8":"first","9":"instock","10":"taxable","11":"shipping-taxable","12":"product-type-simple"},"_links":{"self":[{"href":"https:\/\/furlanjet.com.br\/index.php?rest_route=\/wp\/v2\/product\/24304","targetHints":{"allow":["GET"]}}],"collection":[{"href":"https:\/\/furlanjet.com.br\/index.php?rest_route=\/wp\/v2\/product"}],"about":[{"href":"https:\/\/furlanjet.com.br\/index.php?rest_route=\/wp\/v2\/types\/product"}],"replies":[{"embeddable":true,"href":"https:\/\/furlanjet.com.br\/index.php?rest_route=%2Fwp%2Fv2%2Fcomments&post=24304"}],"version-history":[{"count":0,"href":"https:\/\/furlanjet.com.br\/index.php?rest_route=\/wp\/v2\/product\/24304\/revisions"}],"wp:featuredmedia":[{"embeddable":true,"href":"https:\/\/furlanjet.com.br\/index.php?rest_route=\/wp\/v2\/media\/24305"}],"wp:attachment":[{"href":"https:\/\/furlanjet.com.br\/index.php?rest_route=%2Fwp%2Fv2%2Fmedia&parent=24304"}],"wp:term":[{"taxonomy":"product_brand","embeddable":true,"href":"https:\/\/furlanjet.com.br\/index.php?rest_route=%2Fwp%2Fv2%2Fproduct_brand&post=24304"},{"taxonomy":"product_cat","embeddable":true,"href":"https:\/\/furlanjet.com.br\/index.php?rest_route=%2Fwp%2Fv2%2Fproduct_cat&post=24304"},{"taxonomy":"product_tag","embeddable":true,"href":"https:\/\/furlanjet.com.br\/index.php?rest_route=%2Fwp%2Fv2%2Fproduct_tag&post=24304"}],"curies":[{"name":"wp","href":"https:\/\/api.w.org\/{rel}","templated":true}]}}