{"id":24206,"date":"2019-11-20T03:44:44","date_gmt":"2019-11-20T06:44:44","guid":{"rendered":"http:\/\/furlanjet.com.br\/?post_type=product&#038;p=24206"},"modified":"2019-11-20T03:49:21","modified_gmt":"2019-11-20T06:49:21","slug":"teclado-gamer-kgm-500bk-usb-c3tech","status":"publish","type":"product","link":"https:\/\/furlanjet.com.br\/?product=teclado-gamer-kgm-500bk-usb-c3tech","title":{"rendered":"Teclado Gamer KGM-500BK USB C3Tech"},"content":{"rendered":"<p>O teclado Gamer KGM-500BK foi desenvolvido para aumentar seu desempenho nos jogos, proporcionando maior precis\u00e3o em partidas intensas, com teclas de alta qualidade e um confort\u00e1vel apoio para pulsos. Possui design elegante e diferentes modos de ilumina\u00e7\u00e3o.<\/p>\n","protected":false},"excerpt":{"rendered":"<ul>\n<li class=\"row-table-01\"><span class=\"titulo-desc\">Modelo:\u00a0<\/span>KGM-500BK<\/li>\n<li class=\"row-table-01\"><span class=\"titulo-desc\">Refer\u00eancia:<\/span>403050500100<\/li>\n<li class=\"row-table-01\"><span class=\"titulo-desc\">Apresenta\u00e7\u00e3o:<\/span>O teclado Gamer KGM-500BK foi desenvolvido para aumentar seu desempenho nos jogos, proporcionando maior precis\u00e3o em partidas intensas, com teclas de alta qualidade e um confort\u00e1vel apoio para pulsos. Possui design elegante e diferentes modos de ilumina\u00e7\u00e3o.<\/li>\n<\/ul>\n<p>&nbsp;<\/p>\n<ul>\n<li class=\"row-table-02\"><span class=\"titulo-desc\">Detalhes:<br \/>\n<\/span>Especifica\u00e7\u00f5es Tecnicas:<br \/>\nTeclado com layout PT-BR (ABNT2)<br \/>\nCabo revestido em Nylon<br \/>\nTeclas em alta qualidade<br \/>\nConstru\u00eddo em chapa de metal<br \/>\nApoio de borracha para pulsos<br \/>\nTeclas de Atalhos: 12<br \/>\nAnti-Ghosting em 26 teclas<br \/>\nLed em RGB &#8211; 4 Modos de Ilumina\u00e7\u00e3o: Fixo \/ Pulsante \/ Mudan\u00e7a de cor \/ Desligado<br \/>\nTipo: Mec\u00e2nico Outemu Blue<br \/>\n12 Teclas Mecanicas: &#8220;QWERASDF e 4 teclas direcionais&#8221;<br \/>\nSuporte a Macro atrav\u00e9s de Software<br \/>\nConex\u00e3o: USB<br \/>\nDesign de \u00edm\u00e3 anti-interfer\u00eanciaCompat\u00edvel com Sistema Operacional: XP\/VISTA\/Win7\/Win8\/Win10<\/li>\n<\/ul>\n<ul>\n<li class=\"row-table-02\"><span class=\"titulo-desc\">Altura da embalagem:\u00a0<\/span>,03<\/li>\n<\/ul>\n<ul>\n<li class=\"row-table-01\"><span class=\"titulo-desc\">Largura embalagem:\u00a0<\/span>,223<\/li>\n<\/ul>\n<ul>\n<li class=\"row-table-02\"><span class=\"titulo-desc\">Comprimento embalagem:\u00a0<\/span>,47<\/li>\n<\/ul>\n<ul>\n<li class=\"row-table-01\"><span class=\"titulo-desc\">Peso embalagem:\u00a0<\/span>1306<\/li>\n<\/ul>\n<ul>\n<li class=\"row-table-02\"><span class=\"titulo-desc\">Part Number\/SKU:<\/span><\/li>\n<\/ul>\n<ul>\n<li class=\"row-table-01\"><span class=\"titulo-desc\">EAN do produto:\u00a0<\/span>7898555213814<\/li>\n<\/ul>\n<p>&nbsp;<\/p>\n","protected":false},"featured_media":24207,"comment_status":"closed","ping_status":"closed","template":"","meta":{"_joinchat":[]},"product_brand":[],"product_cat":[234],"product_tag":[],"class_list":{"0":"post-24206","1":"product","2":"type-product","3":"status-publish","6":"product_cat-semi-mecanico","8":"first","9":"instock","10":"taxable","11":"shipping-taxable","12":"product-type-simple"},"_links":{"self":[{"href":"https:\/\/furlanjet.com.br\/index.php?rest_route=\/wp\/v2\/product\/24206","targetHints":{"allow":["GET"]}}],"collection":[{"href":"https:\/\/furlanjet.com.br\/index.php?rest_route=\/wp\/v2\/product"}],"about":[{"href":"https:\/\/furlanjet.com.br\/index.php?rest_route=\/wp\/v2\/types\/product"}],"replies":[{"embeddable":true,"href":"https:\/\/furlanjet.com.br\/index.php?rest_route=%2Fwp%2Fv2%2Fcomments&post=24206"}],"version-history":[{"count":0,"href":"https:\/\/furlanjet.com.br\/index.php?rest_route=\/wp\/v2\/product\/24206\/revisions"}],"wp:featuredmedia":[{"embeddable":true,"href":"https:\/\/furlanjet.com.br\/index.php?rest_route=\/wp\/v2\/media\/24207"}],"wp:attachment":[{"href":"https:\/\/furlanjet.com.br\/index.php?rest_route=%2Fwp%2Fv2%2Fmedia&parent=24206"}],"wp:term":[{"taxonomy":"product_brand","embeddable":true,"href":"https:\/\/furlanjet.com.br\/index.php?rest_route=%2Fwp%2Fv2%2Fproduct_brand&post=24206"},{"taxonomy":"product_cat","embeddable":true,"href":"https:\/\/furlanjet.com.br\/index.php?rest_route=%2Fwp%2Fv2%2Fproduct_cat&post=24206"},{"taxonomy":"product_tag","embeddable":true,"href":"https:\/\/furlanjet.com.br\/index.php?rest_route=%2Fwp%2Fv2%2Fproduct_tag&post=24206"}],"curies":[{"name":"wp","href":"https:\/\/api.w.org\/{rel}","templated":true}]}}