{"id":24084,"date":"2019-11-18T12:36:09","date_gmt":"2019-11-18T15:36:09","guid":{"rendered":"http:\/\/furlanjet.com.br\/?post_type=product&#038;p=24084"},"modified":"2019-11-20T03:30:41","modified_gmt":"2019-11-20T06:30:41","slug":"teclado-gamer-kg-110bk-usb-c3tech","status":"publish","type":"product","link":"https:\/\/furlanjet.com.br\/?product=teclado-gamer-kg-110bk-usb-c3tech","title":{"rendered":"Teclado Gamer KG-110BK USB C3Tech"},"content":{"rendered":"<p>Com o Teclado Gamer KG-110BK voc\u00ea tem tudo o que precisa para sair na frente e aprimorar suas jogadas! Conta com 5 teclas especiais com suporte a macros, sistema de ilumina\u00e7\u00e3o, fun\u00e7\u00f5es especiais para jogos e sistema anti-ghosting, possibilitando que o usu\u00e1rio aperte v\u00e1rias teclas ao mesmo tempo sem perder qualquer comando.<\/p>\n","protected":false},"excerpt":{"rendered":"<ul>\n<li class=\"row-table-01\"><span class=\"titulo-desc\">Modelo:\u00a0<\/span>KG-110BK<\/li>\n<li class=\"row-table-01\"><span class=\"titulo-desc\">Refer\u00eancia:<\/span>403050340100<\/li>\n<li class=\"row-table-01\"><span class=\"titulo-desc\">Apresenta\u00e7\u00e3o:<\/span>Com o Teclado Gamer KG-110BK voc\u00ea tem tudo o que precisa para sair na frente e aprimorar suas jogadas! Conta com 5 teclas especiais com suporte a macros, sistema de ilumina\u00e7\u00e3o, fun\u00e7\u00f5es especiais para jogos e sistema anti-ghosting, possibilitando que o usu\u00e1rio aperte v\u00e1rias teclas ao mesmo tempo sem perder qualquer comando.<\/li>\n<\/ul>\n","protected":false},"featured_media":24085,"comment_status":"closed","ping_status":"closed","template":"","meta":{"_joinchat":[]},"product_brand":[],"product_cat":[233],"product_tag":[],"class_list":{"0":"post-24084","1":"product","2":"type-product","3":"status-publish","6":"product_cat-menbrana","8":"first","9":"instock","10":"taxable","11":"shipping-taxable","12":"product-type-simple"},"_links":{"self":[{"href":"https:\/\/furlanjet.com.br\/index.php?rest_route=\/wp\/v2\/product\/24084","targetHints":{"allow":["GET"]}}],"collection":[{"href":"https:\/\/furlanjet.com.br\/index.php?rest_route=\/wp\/v2\/product"}],"about":[{"href":"https:\/\/furlanjet.com.br\/index.php?rest_route=\/wp\/v2\/types\/product"}],"replies":[{"embeddable":true,"href":"https:\/\/furlanjet.com.br\/index.php?rest_route=%2Fwp%2Fv2%2Fcomments&post=24084"}],"version-history":[{"count":0,"href":"https:\/\/furlanjet.com.br\/index.php?rest_route=\/wp\/v2\/product\/24084\/revisions"}],"wp:featuredmedia":[{"embeddable":true,"href":"https:\/\/furlanjet.com.br\/index.php?rest_route=\/wp\/v2\/media\/24085"}],"wp:attachment":[{"href":"https:\/\/furlanjet.com.br\/index.php?rest_route=%2Fwp%2Fv2%2Fmedia&parent=24084"}],"wp:term":[{"taxonomy":"product_brand","embeddable":true,"href":"https:\/\/furlanjet.com.br\/index.php?rest_route=%2Fwp%2Fv2%2Fproduct_brand&post=24084"},{"taxonomy":"product_cat","embeddable":true,"href":"https:\/\/furlanjet.com.br\/index.php?rest_route=%2Fwp%2Fv2%2Fproduct_cat&post=24084"},{"taxonomy":"product_tag","embeddable":true,"href":"https:\/\/furlanjet.com.br\/index.php?rest_route=%2Fwp%2Fv2%2Fproduct_tag&post=24084"}],"curies":[{"name":"wp","href":"https:\/\/api.w.org\/{rel}","templated":true}]}}