{"id":24080,"date":"2019-11-18T12:32:05","date_gmt":"2019-11-18T15:32:05","guid":{"rendered":"http:\/\/furlanjet.com.br\/?post_type=product&#038;p=24080"},"modified":"2019-11-20T03:31:12","modified_gmt":"2019-11-20T06:31:12","slug":"teclado-gamer-kg-10bk-usb-c3tech","status":"publish","type":"product","link":"https:\/\/furlanjet.com.br\/?product=teclado-gamer-kg-10bk-usb-c3tech","title":{"rendered":"Teclado Gamer KG-10BK USB C3Tech"},"content":{"rendered":"<p>Se voc\u00ea procura um teclado com alta durabilidade, design diferenciado, fun\u00e7\u00f5es multim\u00eddia e layout gamer, o KG-10BK e o equipamento perfeito para voc\u00ea! Com 107 teclas (16 multim\u00eddia) o KG-10BK e o teclado ideal para quem est\u00e1 dando os primeiros passos como jogador de alto desempenho.<\/p>\n","protected":false},"excerpt":{"rendered":"<div class=\"content\">\n<div class=\"tabs-content desk\">\n<div class=\"tab1 tabs first-tab\">\n<div class=\"caracteristicas\">\n<ul>\n<li class=\"row-table-01\"><span class=\"titulo-desc\">Modelo:\u00a0<\/span>KG-10BK<\/li>\n<li class=\"row-table-01\"><span class=\"titulo-desc\">Refer\u00eancia:<\/span>403050260101<\/li>\n<li class=\"row-table-01\"><span class=\"titulo-desc\">Apresenta\u00e7\u00e3o:<\/span>Se voc\u00ea procura um teclado com alta durabilidade, design diferenciado, fun\u00e7\u00f5es multim\u00eddia e layout gamer, o KG-10BK e o equipamento perfeito para voc\u00ea! Com 107 teclas (16 multim\u00eddia) o KG-10BK e o teclado ideal para quem est\u00e1 dando os primeiros passos como jogador de alto desempenho.<\/li>\n<\/ul>\n<\/div>\n<div class=\"banner-desc\"><\/div>\n<\/div>\n<\/div>\n<\/div>\n<div class=\"content\"><\/div>\n<div class=\"divisao-linha\">\n<ul>\n<li class=\"row-table-02\"><span class=\"titulo-desc\">Detalhes:<br \/>\n<\/span>Descri\u00e7\u00e3o:<br \/>\nTeclado Gamer ABNT2;<br \/>\nTeclas de alta qualidade;<br \/>\nEstrutura desenvolvida com sistema de anti-respingo;<br \/>\nResistente a pequenos derramamentos de l\u00edquidos;<br \/>\nCompat\u00edvel Sistema Operacional W95\/98\/ME\/NT\/XP, Windows7,8,10 e Linux.Especifica\u00e7\u00e3o:<br \/>\nTipo: Membrana;<br \/>\nN\u00fameros de teclas: 107;<br \/>\nTeclas de Atalhos: 16;<br \/>\nAtalhos Internet: Pag.Incial \/ E-mail \/ Voltar \/ Avan\u00e7ar \/ Localizar \/ Parar \/ Atualizar \/ Favoritos;<br \/>\nAtalhos Multim\u00eddias: Anterior \/ Pr\u00f3xima \/ Parar \/ Reproduzir &amp; Pausar;<br \/>\nAtalhos Volume: Aumentar \/ Diminuir \/ Mudo \/ Multim\u00eddia;<br \/>\nSerigrafia das teclas: Silk;<br \/>\nDurabilidade da tecla: 80 milh\u00f5es de acionamentos;<br \/>\nPress\u00e3o de acionamento das Teclas: =0.9kgf;<br \/>\nElasticidade das teclas: 55\u00b110gf;<br \/>\nCurso de acionamento da tecla: 0.9 mm.;<br \/>\nCurso total: 4.2 mm + \/ &#8211; 0.5 mm.;<br \/>\nCabo: 1,50m.<\/p>\n<p>Alimenta\u00e7\u00e3o:<br \/>\nConex\u00e3o: USB;<br \/>\nVoltagem: 5V DC;<br \/>\nCorrente: 200mA;<br \/>\nConsumo: 1 watts;<br \/>\nTemperatura de Trabalho: 5 \u00e0 50 graus;<br \/>\nHumidade m\u00e1xima de opera\u00e7\u00e3o: 10% ~ 85% RH 25 graus.<\/li>\n<\/ul>\n<ul>\n<li class=\"row-table-02\"><span class=\"titulo-desc\">Altura da embalagem:\u00a0<\/span>,17<\/li>\n<\/ul>\n<ul>\n<li class=\"row-table-01\"><span class=\"titulo-desc\">Largura embalagem:\u00a0<\/span>,45<\/li>\n<\/ul>\n<ul>\n<li class=\"row-table-02\"><span class=\"titulo-desc\">Comprimento embalagem:\u00a0<\/span>,025<\/li>\n<\/ul>\n<ul>\n<li class=\"row-table-01\"><span class=\"titulo-desc\">Peso embalagem:\u00a0<\/span>480<\/li>\n<\/ul>\n<ul>\n<li class=\"row-table-02\"><span class=\"titulo-desc\">Part Number\/SKU:<\/span><\/li>\n<\/ul>\n<ul>\n<li class=\"row-table-01\"><span class=\"titulo-desc\">EAN do produto:\u00a0<\/span>7898555210851<\/li>\n<\/ul>\n<\/div>\n","protected":false},"featured_media":24081,"comment_status":"closed","ping_status":"closed","template":"","meta":{"_joinchat":[]},"product_brand":[],"product_cat":[233],"product_tag":[],"class_list":{"0":"post-24080","1":"product","2":"type-product","3":"status-publish","6":"product_cat-menbrana","8":"first","9":"instock","10":"taxable","11":"shipping-taxable","12":"product-type-simple"},"_links":{"self":[{"href":"https:\/\/furlanjet.com.br\/index.php?rest_route=\/wp\/v2\/product\/24080","targetHints":{"allow":["GET"]}}],"collection":[{"href":"https:\/\/furlanjet.com.br\/index.php?rest_route=\/wp\/v2\/product"}],"about":[{"href":"https:\/\/furlanjet.com.br\/index.php?rest_route=\/wp\/v2\/types\/product"}],"replies":[{"embeddable":true,"href":"https:\/\/furlanjet.com.br\/index.php?rest_route=%2Fwp%2Fv2%2Fcomments&post=24080"}],"version-history":[{"count":0,"href":"https:\/\/furlanjet.com.br\/index.php?rest_route=\/wp\/v2\/product\/24080\/revisions"}],"wp:featuredmedia":[{"embeddable":true,"href":"https:\/\/furlanjet.com.br\/index.php?rest_route=\/wp\/v2\/media\/24081"}],"wp:attachment":[{"href":"https:\/\/furlanjet.com.br\/index.php?rest_route=%2Fwp%2Fv2%2Fmedia&parent=24080"}],"wp:term":[{"taxonomy":"product_brand","embeddable":true,"href":"https:\/\/furlanjet.com.br\/index.php?rest_route=%2Fwp%2Fv2%2Fproduct_brand&post=24080"},{"taxonomy":"product_cat","embeddable":true,"href":"https:\/\/furlanjet.com.br\/index.php?rest_route=%2Fwp%2Fv2%2Fproduct_cat&post=24080"},{"taxonomy":"product_tag","embeddable":true,"href":"https:\/\/furlanjet.com.br\/index.php?rest_route=%2Fwp%2Fv2%2Fproduct_tag&post=24080"}],"curies":[{"name":"wp","href":"https:\/\/api.w.org\/{rel}","templated":true}]}}