{"id":24006,"date":"2019-11-17T20:41:22","date_gmt":"2019-11-17T23:41:22","guid":{"rendered":"http:\/\/furlanjet.com.br\/?post_type=product&#038;p=24006"},"modified":"2019-11-17T20:44:12","modified_gmt":"2019-11-17T23:44:12","slug":"cooler-fan-f9-l150rgb-storm-12cm-18led-c3tech","status":"publish","type":"product","link":"https:\/\/furlanjet.com.br\/?product=cooler-fan-f9-l150rgb-storm-12cm-18led-c3tech","title":{"rendered":"Cooler Fan F9-L150RGB Storm 12cm 18Led C3Tech"},"content":{"rendered":"<p>Projetado para melhorar a refrigera\u00e7\u00e3o do seu computador o cooler fan F9-L150 oferece excelente fluxo de ar e baixo ru\u00eddo. Al\u00e9m de design moderno com 18 leds multicoloridos integrados a estrutura com 10 modos de ilumina\u00e7\u00e3o.<\/p>\n","protected":false},"excerpt":{"rendered":"<div class=\"content\">\n<div class=\"tabs-content desk\">\n<div class=\"tab1 tabs first-tab\">\n<div class=\"caracteristicas\">\n<ul>\n<li class=\"row-table-01\"><span class=\"titulo-desc\">Modelo:\u00a0<\/span>F9-L150RGB<\/li>\n<li class=\"row-table-01\"><span class=\"titulo-desc\">Refer\u00eancia:<\/span>408260280100<\/li>\n<li class=\"row-table-01\"><span class=\"titulo-desc\">Apresenta\u00e7\u00e3o:<\/span>Projetado para melhorar a refrigera\u00e7\u00e3o do seu computador o cooler fan F9-L150 oferece excelente fluxo de ar e baixo ru\u00eddo. Al\u00e9m de design moderno com 18 leds multicoloridos integrados a estrutura com 10 modos de ilumina\u00e7\u00e3o.<\/li>\n<\/ul>\n<\/div>\n<div class=\"banner-desc\">\n<ul>\n<li class=\"row-table-02\"><span class=\"titulo-desc\">Detalhes:<br \/>\n<\/span>Caracter\u00edsticas:<br \/>\n* 18 Leds Multicoloridos;<br \/>\n* 10 Modos de Ilumina\u00e7\u00e3o;<br \/>\n* Dimens\u00f5es 12 x 12 x 2,5cm;<br \/>\n* Ventilador de 9 l\u00e2minas;<br \/>\n* Tipo de rolamento FDB (Fluid Dynamic Bearing) \/ Sleeve;<br \/>\n* Fluxo de ar 38CFM;<br \/>\n* Rota\u00e7\u00e3o 1200RPM +- 10%;<br \/>\n* N\u00edvel de ru\u00eddo 23dB;<br \/>\n* Vida \u00fatil 20.000 Horas.<\/p>\n<p>Conector:<br \/>\n* 3 Pinos (Placa M\u00e3e);<br \/>\n* Molex 4 Pinos (Fonte);<br \/>\n* Controle de ilumina\u00e7\u00e3o (Bot\u00e3o reset do Gabinete).<\/p>\n<p>Especifica\u00e7\u00f5es el\u00e9trica:<br \/>\n* Tens\u00e3o Nominal 12V DC;<br \/>\n* Tens\u00e3o de partida 5V DC;<br \/>\n* Consumo 5,4W;<br \/>\n* Corrente 450mA.<\/p>\n<p>Acess\u00f3rios:<br \/>\n* 4 Parafusos para fixa\u00e7\u00e3o.<\/p>\n<p>Peso:<br \/>\n* 128g.<\/li>\n<\/ul>\n<ul>\n<li class=\"row-table-02\"><span class=\"titulo-desc\">Altura da embalagem:\u00a0<\/span>,12<\/li>\n<\/ul>\n<ul>\n<li class=\"row-table-01\"><span class=\"titulo-desc\">Largura embalagem:\u00a0<\/span>,12<\/li>\n<\/ul>\n<ul>\n<li class=\"row-table-02\"><span class=\"titulo-desc\">Comprimento embalagem:\u00a0<\/span>,025<\/li>\n<\/ul>\n<ul>\n<li class=\"row-table-01\"><span class=\"titulo-desc\">Peso embalagem:\u00a0<\/span>128<\/li>\n<\/ul>\n<ul>\n<li class=\"row-table-02\"><span class=\"titulo-desc\">Part Number\/SKU:<\/span><\/li>\n<\/ul>\n<ul>\n<li class=\"row-table-01\"><span class=\"titulo-desc\">EAN do produto:\u00a0<\/span>7898555212664<\/li>\n<\/ul>\n<\/div>\n<\/div>\n<\/div>\n<\/div>\n","protected":false},"featured_media":24024,"comment_status":"closed","ping_status":"closed","template":"","meta":{"_joinchat":[]},"product_brand":[],"product_cat":[196],"product_tag":[],"class_list":{"0":"post-24006","1":"product","2":"type-product","3":"status-publish","6":"product_cat-cooler-fan","8":"first","9":"instock","10":"taxable","11":"shipping-taxable","12":"product-type-simple"},"_links":{"self":[{"href":"https:\/\/furlanjet.com.br\/index.php?rest_route=\/wp\/v2\/product\/24006","targetHints":{"allow":["GET"]}}],"collection":[{"href":"https:\/\/furlanjet.com.br\/index.php?rest_route=\/wp\/v2\/product"}],"about":[{"href":"https:\/\/furlanjet.com.br\/index.php?rest_route=\/wp\/v2\/types\/product"}],"replies":[{"embeddable":true,"href":"https:\/\/furlanjet.com.br\/index.php?rest_route=%2Fwp%2Fv2%2Fcomments&post=24006"}],"version-history":[{"count":0,"href":"https:\/\/furlanjet.com.br\/index.php?rest_route=\/wp\/v2\/product\/24006\/revisions"}],"wp:featuredmedia":[{"embeddable":true,"href":"https:\/\/furlanjet.com.br\/index.php?rest_route=\/wp\/v2\/media\/24024"}],"wp:attachment":[{"href":"https:\/\/furlanjet.com.br\/index.php?rest_route=%2Fwp%2Fv2%2Fmedia&parent=24006"}],"wp:term":[{"taxonomy":"product_brand","embeddable":true,"href":"https:\/\/furlanjet.com.br\/index.php?rest_route=%2Fwp%2Fv2%2Fproduct_brand&post=24006"},{"taxonomy":"product_cat","embeddable":true,"href":"https:\/\/furlanjet.com.br\/index.php?rest_route=%2Fwp%2Fv2%2Fproduct_cat&post=24006"},{"taxonomy":"product_tag","embeddable":true,"href":"https:\/\/furlanjet.com.br\/index.php?rest_route=%2Fwp%2Fv2%2Fproduct_tag&post=24006"}],"curies":[{"name":"wp","href":"https:\/\/api.w.org\/{rel}","templated":true}]}}