{"id":23789,"date":"2019-11-16T09:10:43","date_gmt":"2019-11-16T12:10:43","guid":{"rendered":"http:\/\/furlanjet.com.br\/?post_type=product&#038;p=23789"},"modified":"2022-07-26T00:40:58","modified_gmt":"2022-07-26T03:40:58","slug":"headset-evolut-gamer-thardus-eg302","status":"publish","type":"product","link":"https:\/\/furlanjet.com.br\/?product=headset-evolut-gamer-thardus-eg302","title":{"rendered":"HEADSET EVOLUT GAMER THARDUS EG302"},"content":{"rendered":"<p>Torne-se o L\u00edder do seu squad! Agora voc\u00ea pode jogar seus games prediletos e estar sempre um passo adiante de seus inimigos. Thardus \u00e9 confortavel e possui regulagem para que voc\u00ea fique 100% no controle.<\/p>\n","protected":false},"excerpt":{"rendered":"<div class=\"box-collateral box-description\">\n<div class=\"box-collateral box-description\">\n<p><strong>Voc\u00ea no comando<\/strong>: Thardus vem equipado com microfone estrategicamente posicionado, para melhor comunica\u00e7\u00e3o e m\u00e1xima redu\u00e7\u00e3o de ru\u00eddos.<\/p>\n<p><strong>Volume em suas m\u00e3os:<\/strong>\u00a0Controle o volume quando voc\u00ea quiser e ao alcance de suas m\u00e3os!<\/p>\n<p><strong>Conectividade<\/strong>: Jogue no PC\/Xbox One\/PS4! Gra\u00e7as a um adaptador incluso com o produto que permite a ativa\u00e7\u00e3o em v\u00e1rias plataformas\u2026.<\/p>\n<p><strong>FICHA T\u00c9CNICA:<br \/>\n<\/strong><strong>FONE:<br \/>\n<\/strong><strong>Di\u00e2metro do Alto Falante:\u00a0<\/strong>Driver: 40mm<br \/>\n<strong>Imped\u00e2ncia:\u00a0<\/strong>32 K\u03a9<br \/>\n<strong>Pot\u00eancia:\u00a0<\/strong>Entrada m\u00e1xima de 15mW<br \/>\n<strong>Sensibilidade:\u00a0<\/strong>54dB \u00b1 3dB<\/p>\n<p><strong>MICROFONE:<br \/>\n<\/strong><strong>Tipo:<\/strong>\u00a0Omni-direcional<br \/>\n<strong>Frequ\u00eancia:\u00a0<\/strong>20-20000Hz<br \/>\n<strong>Sensibilidade:\u00a0<\/strong>111dB \u00b1 3dB<br \/>\n<strong>Conex\u00e3o:<\/strong>\u00a02 x 3,5 mm (microfone e fone) \u00a0+ Adaptador P3<\/p>\n<p><strong>CABO:<br \/>\n<\/strong><strong>Comprimento:<\/strong>\u00a01.8 Metros + adaptador<br \/>\n<strong>Material:\u00a0<\/strong>Emborrachado<\/p>\n<\/div>\n<\/div>\n","protected":false},"featured_media":23791,"comment_status":"closed","ping_status":"closed","template":"","meta":{"_joinchat":[]},"product_brand":[],"product_cat":[185],"product_tag":[],"class_list":{"0":"post-23789","1":"product","2":"type-product","3":"status-publish","6":"product_cat-headset-gamer","7":"product_shipping_class-melhor-envio","9":"first","10":"instock","11":"purchasable","12":"product-type-simple"},"_links":{"self":[{"href":"https:\/\/furlanjet.com.br\/index.php?rest_route=\/wp\/v2\/product\/23789","targetHints":{"allow":["GET"]}}],"collection":[{"href":"https:\/\/furlanjet.com.br\/index.php?rest_route=\/wp\/v2\/product"}],"about":[{"href":"https:\/\/furlanjet.com.br\/index.php?rest_route=\/wp\/v2\/types\/product"}],"replies":[{"embeddable":true,"href":"https:\/\/furlanjet.com.br\/index.php?rest_route=%2Fwp%2Fv2%2Fcomments&post=23789"}],"version-history":[{"count":1,"href":"https:\/\/furlanjet.com.br\/index.php?rest_route=\/wp\/v2\/product\/23789\/revisions"}],"predecessor-version":[{"id":290679,"href":"https:\/\/furlanjet.com.br\/index.php?rest_route=\/wp\/v2\/product\/23789\/revisions\/290679"}],"wp:featuredmedia":[{"embeddable":true,"href":"https:\/\/furlanjet.com.br\/index.php?rest_route=\/wp\/v2\/media\/23791"}],"wp:attachment":[{"href":"https:\/\/furlanjet.com.br\/index.php?rest_route=%2Fwp%2Fv2%2Fmedia&parent=23789"}],"wp:term":[{"taxonomy":"product_brand","embeddable":true,"href":"https:\/\/furlanjet.com.br\/index.php?rest_route=%2Fwp%2Fv2%2Fproduct_brand&post=23789"},{"taxonomy":"product_cat","embeddable":true,"href":"https:\/\/furlanjet.com.br\/index.php?rest_route=%2Fwp%2Fv2%2Fproduct_cat&post=23789"},{"taxonomy":"product_tag","embeddable":true,"href":"https:\/\/furlanjet.com.br\/index.php?rest_route=%2Fwp%2Fv2%2Fproduct_tag&post=23789"}],"curies":[{"name":"wp","href":"https:\/\/api.w.org\/{rel}","templated":true}]}}