{"id":23775,"date":"2019-11-16T08:59:59","date_gmt":"2019-11-16T11:59:59","guid":{"rendered":"http:\/\/furlanjet.com.br\/?post_type=product&#038;p=23775"},"modified":"2022-07-26T00:42:37","modified_gmt":"2022-07-26T03:42:37","slug":"headset-evolut-gamer-temis-eg301","status":"publish","type":"product","link":"https:\/\/furlanjet.com.br\/?product=headset-evolut-gamer-temis-eg301","title":{"rendered":"HEADSET EVOLUT GAMER T\u00caMIS EG301 VERDE"},"content":{"rendered":"<p>Escute seus advers\u00e1rios em movimenta\u00e7\u00e3o e se aproveite do elemento surpresa!<\/p>\n","protected":false},"excerpt":{"rendered":"<div class=\"box-collateral box-description\">\n<div class=\"box-collateral box-description\">\n<p><strong>IMERS\u00c3O GARANTIDA:\u00a0<\/strong>Desenvolvido com componentes de qualidade, aliados a um driver de 40MM que promovem muito mais imers\u00e3o em seus games prediletos.<\/p>\n<div class=\"recurso-titulo\">\n<p><strong>CONFORT\u00c1VEL:\u00a0<\/strong>Equipado com headband auto ajust\u00e1vel e espumas ultra confort\u00e1veis, T\u00eamis leva muito conforto independente do tempo que voc\u00ea vai passar no game.<\/p>\n<div class=\"recurso-titulo\">\n<p><strong>DUR\u00c1VEL:\u00a0<\/strong>Materiais de alt\u00edssima qualidade e conex\u00f5es refor\u00e7adas, v\u00e3o tornar o T\u00eamis seu parceiro por longas datas.<\/p>\n<p><strong>CONTROLE DE VOLUME:\u00a0<\/strong>Sim, no auricular<\/p>\n<p><strong>FONE:<br \/>\n<\/strong><strong>Di\u00e2metro do Alto Falante:\u00a0<\/strong>Driver: 40mm<br \/>\n<strong>Imped\u00e2ncia:\u00a0<\/strong>32 K\u03a9<br \/>\n<strong>Pot\u00eancia:\u00a0<\/strong>Entrada m\u00e1xima de 15mW<br \/>\n<strong>Sensibilidade:\u00a0<\/strong>95dB \u00b1 3dB<\/p>\n<p><strong>MICROFONE:<br \/>\n<\/strong><strong>Tipo:<\/strong>\u00a0Omni-direcional<br \/>\n<strong>Frequ\u00eancia:\u00a0<\/strong>20-20000Hz<br \/>\n<strong>Sensibilidade:\u00a0<\/strong>-54 \u00b1 3qb<br \/>\n<strong>Conex\u00e3o:<\/strong>\u00a02 x 3,5 mm + USB p\/ LED<\/p>\n<p><strong>CABO:<br \/>\n<\/strong><strong>Comprimento:<\/strong>\u00a02 Metros<br \/>\n<strong>Material:\u00a0<\/strong>Emborrachado<\/p>\n<\/div>\n<\/div>\n<\/div>\n<\/div>\n","protected":false},"featured_media":23776,"comment_status":"closed","ping_status":"closed","template":"","meta":{"_joinchat":[]},"product_brand":[],"product_cat":[185],"product_tag":[],"class_list":{"0":"post-23775","1":"product","2":"type-product","3":"status-publish","6":"product_cat-headset-gamer","7":"product_shipping_class-melhor-envio","9":"first","10":"instock","11":"purchasable","12":"product-type-simple"},"_links":{"self":[{"href":"https:\/\/furlanjet.com.br\/index.php?rest_route=\/wp\/v2\/product\/23775","targetHints":{"allow":["GET"]}}],"collection":[{"href":"https:\/\/furlanjet.com.br\/index.php?rest_route=\/wp\/v2\/product"}],"about":[{"href":"https:\/\/furlanjet.com.br\/index.php?rest_route=\/wp\/v2\/types\/product"}],"replies":[{"embeddable":true,"href":"https:\/\/furlanjet.com.br\/index.php?rest_route=%2Fwp%2Fv2%2Fcomments&post=23775"}],"version-history":[{"count":1,"href":"https:\/\/furlanjet.com.br\/index.php?rest_route=\/wp\/v2\/product\/23775\/revisions"}],"predecessor-version":[{"id":290680,"href":"https:\/\/furlanjet.com.br\/index.php?rest_route=\/wp\/v2\/product\/23775\/revisions\/290680"}],"wp:featuredmedia":[{"embeddable":true,"href":"https:\/\/furlanjet.com.br\/index.php?rest_route=\/wp\/v2\/media\/23776"}],"wp:attachment":[{"href":"https:\/\/furlanjet.com.br\/index.php?rest_route=%2Fwp%2Fv2%2Fmedia&parent=23775"}],"wp:term":[{"taxonomy":"product_brand","embeddable":true,"href":"https:\/\/furlanjet.com.br\/index.php?rest_route=%2Fwp%2Fv2%2Fproduct_brand&post=23775"},{"taxonomy":"product_cat","embeddable":true,"href":"https:\/\/furlanjet.com.br\/index.php?rest_route=%2Fwp%2Fv2%2Fproduct_cat&post=23775"},{"taxonomy":"product_tag","embeddable":true,"href":"https:\/\/furlanjet.com.br\/index.php?rest_route=%2Fwp%2Fv2%2Fproduct_tag&post=23775"}],"curies":[{"name":"wp","href":"https:\/\/api.w.org\/{rel}","templated":true}]}}