{"id":23718,"date":"2019-11-16T07:57:34","date_gmt":"2019-11-16T10:57:34","guid":{"rendered":"http:\/\/furlanjet.com.br\/?post_type=product&#038;p=23718"},"modified":"2019-11-18T13:08:55","modified_gmt":"2019-11-18T16:08:55","slug":"mouse-evolut-gamer-eg102","status":"publish","type":"product","link":"https:\/\/furlanjet.com.br\/?product=mouse-evolut-gamer-eg102","title":{"rendered":"MOUSE EVOLUT GAMER EG102"},"content":{"rendered":"<p><strong>ILUMINA\u00c7\u00c3O:<br \/>\n<\/strong>O EG-102 possui ilumina\u00e7\u00e3o LED com cores vibrantes que se alternam em um efeito fant\u00e1stico! Impressione seus amigos e torne sua build diferenciada.<\/p>\n<div class=\"recurso-titulo\">\n<p><strong>PRECIS\u00c3O:<br \/>\n<\/strong>Equipado com incr\u00edvel sensor \u00f3ptico, proporcionando ajustes de n\u00edveis entre 800-1200-2400 DPI, tornando aquele headshot muito mais preciso, seus inimigos n\u00e3o conseguiram prever seus movimentos.<\/p>\n<div class=\"recurso-titulo\">\n<p><strong>CONFORTO:<br \/>\n<\/strong>Formato anat\u00f4mico proporcionando muito conforto para longas horas de game.<\/p>\n<\/div>\n<\/div>\n","protected":false},"excerpt":{"rendered":"<div class=\"box-collateral box-description\">\n<div class=\"box-collateral box-description\">\n<p>Sensor: \u00d3ptico<br \/>\nResolu\u00e7\u00e3o: 800-1200-2400<br \/>\nTamanho:105*80*35mm<br \/>\nQuantidade de Teclas:06<br \/>\nIlumina\u00e7\u00e3o: LED COLOR com efeitos<br \/>\nCABO: Comprimento: 1.5 Metros \/ Material: Nylon Tran\u00e7ado<br \/>\nConex\u00e3o: USB com conectores banhados a ouro<br \/>\nCompatibilidade de Sistema: Windows 7\/8\/10, Linux e Mac<\/p>\n<\/div>\n<\/div>\n","protected":false},"featured_media":23725,"comment_status":"closed","ping_status":"closed","template":"","meta":{"_joinchat":[]},"product_brand":[],"product_cat":[180],"product_tag":[],"class_list":{"0":"post-23718","1":"product","2":"type-product","3":"status-publish","6":"product_cat-mouse-gamer","8":"first","9":"instock","10":"taxable","11":"shipping-taxable","12":"product-type-simple"},"_links":{"self":[{"href":"https:\/\/furlanjet.com.br\/index.php?rest_route=\/wp\/v2\/product\/23718","targetHints":{"allow":["GET"]}}],"collection":[{"href":"https:\/\/furlanjet.com.br\/index.php?rest_route=\/wp\/v2\/product"}],"about":[{"href":"https:\/\/furlanjet.com.br\/index.php?rest_route=\/wp\/v2\/types\/product"}],"replies":[{"embeddable":true,"href":"https:\/\/furlanjet.com.br\/index.php?rest_route=%2Fwp%2Fv2%2Fcomments&post=23718"}],"version-history":[{"count":0,"href":"https:\/\/furlanjet.com.br\/index.php?rest_route=\/wp\/v2\/product\/23718\/revisions"}],"wp:featuredmedia":[{"embeddable":true,"href":"https:\/\/furlanjet.com.br\/index.php?rest_route=\/wp\/v2\/media\/23725"}],"wp:attachment":[{"href":"https:\/\/furlanjet.com.br\/index.php?rest_route=%2Fwp%2Fv2%2Fmedia&parent=23718"}],"wp:term":[{"taxonomy":"product_brand","embeddable":true,"href":"https:\/\/furlanjet.com.br\/index.php?rest_route=%2Fwp%2Fv2%2Fproduct_brand&post=23718"},{"taxonomy":"product_cat","embeddable":true,"href":"https:\/\/furlanjet.com.br\/index.php?rest_route=%2Fwp%2Fv2%2Fproduct_cat&post=23718"},{"taxonomy":"product_tag","embeddable":true,"href":"https:\/\/furlanjet.com.br\/index.php?rest_route=%2Fwp%2Fv2%2Fproduct_tag&post=23718"}],"curies":[{"name":"wp","href":"https:\/\/api.w.org\/{rel}","templated":true}]}}