{"id":23714,"date":"2019-11-16T07:55:03","date_gmt":"2019-11-16T10:55:03","guid":{"rendered":"http:\/\/furlanjet.com.br\/?post_type=product&#038;p=23714"},"modified":"2019-11-18T13:10:17","modified_gmt":"2019-11-18T16:10:17","slug":"mouse-evolut-gamer-eg101","status":"publish","type":"product","link":"https:\/\/furlanjet.com.br\/?product=mouse-evolut-gamer-eg101","title":{"rendered":"MOUSE EVOLUT GAMER EG101"},"content":{"rendered":"<p><strong>ILUMINA\u00c7\u00c3O<\/strong>: O EG-101 possui ilumina\u00e7\u00e3o LED cor cores incr\u00edveis colocando muito mais personalidade em sua build!<\/p>\n<div class=\"recurso-titulo\">\n<p><strong>CONFORTO:<\/strong>\u00a0Formato anat\u00f4mico proporcionando muito conforto para longas horas de game.<\/p>\n<div class=\"recurso-titulo\">\n<p><strong>PRECIS\u00c3O<\/strong>: Sensor de alto desempenho torna seus cliques precisos e r\u00e1pidos, acompanhado do bot\u00e3o de ajuste<br \/>\nDPI para controlar os n\u00edveis sensibilidade durante as partidas<\/p>\n<\/div>\n<\/div>\n","protected":false},"excerpt":{"rendered":"<div class=\"box-collateral box-description\">\n<div class=\"box-collateral box-description\">\n<p><strong>Sensor:\u00a0<\/strong>\u00d3ptico<br \/>\n<strong>Resolu\u00e7\u00e3o:\u00a0<\/strong>800-1200-1600<br \/>\n<strong>Ilumina\u00e7\u00e3o:\u00a0<\/strong>LED COLOR (Segure a Tecla DPI para alternar entre efeitos e cores)<br \/>\n<strong>CABO:<br \/>\n<\/strong><strong>Comprimento:\u00a0<\/strong>1.5 Metros<br \/>\n<strong>Material:\u00a0<\/strong>Nylon Tran\u00e7ado<br \/>\n<strong>Conex\u00e3o:\u00a0<\/strong>USB<br \/>\n<strong>Compatibilidade:\u00a0<\/strong>Windows 7\/8\/10, Linux e Mac<\/p>\n<\/div>\n<\/div>\n","protected":false},"featured_media":23715,"comment_status":"closed","ping_status":"closed","template":"","meta":{"_joinchat":[]},"product_brand":[],"product_cat":[180],"product_tag":[],"class_list":{"0":"post-23714","1":"product","2":"type-product","3":"status-publish","6":"product_cat-mouse-gamer","8":"first","9":"instock","10":"taxable","11":"shipping-taxable","12":"product-type-simple"},"_links":{"self":[{"href":"https:\/\/furlanjet.com.br\/index.php?rest_route=\/wp\/v2\/product\/23714","targetHints":{"allow":["GET"]}}],"collection":[{"href":"https:\/\/furlanjet.com.br\/index.php?rest_route=\/wp\/v2\/product"}],"about":[{"href":"https:\/\/furlanjet.com.br\/index.php?rest_route=\/wp\/v2\/types\/product"}],"replies":[{"embeddable":true,"href":"https:\/\/furlanjet.com.br\/index.php?rest_route=%2Fwp%2Fv2%2Fcomments&post=23714"}],"version-history":[{"count":0,"href":"https:\/\/furlanjet.com.br\/index.php?rest_route=\/wp\/v2\/product\/23714\/revisions"}],"wp:featuredmedia":[{"embeddable":true,"href":"https:\/\/furlanjet.com.br\/index.php?rest_route=\/wp\/v2\/media\/23715"}],"wp:attachment":[{"href":"https:\/\/furlanjet.com.br\/index.php?rest_route=%2Fwp%2Fv2%2Fmedia&parent=23714"}],"wp:term":[{"taxonomy":"product_brand","embeddable":true,"href":"https:\/\/furlanjet.com.br\/index.php?rest_route=%2Fwp%2Fv2%2Fproduct_brand&post=23714"},{"taxonomy":"product_cat","embeddable":true,"href":"https:\/\/furlanjet.com.br\/index.php?rest_route=%2Fwp%2Fv2%2Fproduct_cat&post=23714"},{"taxonomy":"product_tag","embeddable":true,"href":"https:\/\/furlanjet.com.br\/index.php?rest_route=%2Fwp%2Fv2%2Fproduct_tag&post=23714"}],"curies":[{"name":"wp","href":"https:\/\/api.w.org\/{rel}","templated":true}]}}