{"id":23708,"date":"2019-11-16T07:47:03","date_gmt":"2019-11-16T10:47:03","guid":{"rendered":"http:\/\/furlanjet.com.br\/?post_type=product&#038;p=23708"},"modified":"2025-08-07T08:40:28","modified_gmt":"2025-08-07T11:40:28","slug":"mouse-evolut-gamer-rayden-eg-104-rb","status":"publish","type":"product","link":"https:\/\/furlanjet.com.br\/?product=mouse-evolut-gamer-rayden-eg-104-rb","title":{"rendered":"MOUSE EVOLUT GAMER RAYDEN EG-104 RB"},"content":{"rendered":"<p><strong>Ilumina\u00e7\u00e3o:\u00a0<\/strong>O Rayden possui ilumina\u00e7\u00e3o LED com cores vibrantes que se alternam em um efeito fant\u00e1stico!<\/p>\n<div class=\"recurso-titulo\">\n<p><strong>Conforto:\u00a0<\/strong>Formato projetado para ser totalmente anat\u00f4mico, proporcionando muito conforto para longas horas de game e agradando at\u00e9 os jogadoresm mais exigentes!<\/p>\n<div class=\"recurso-titulo\">\n<p><strong>Sensor \u00d3ptico:\u00a0<\/strong>Incr\u00edvel sensor de alto desempenho \u00f3ptico, que permite altern\u00e2ncia entre 800, 1200 e 2400 DPI de resolu\u00e7\u00e3o, fornecendo muito mais desempenho para facilitar aquele head-shot preciso na partida.<\/p>\n<\/div>\n<\/div>\n","protected":false},"excerpt":{"rendered":"<div class=\"box-collateral box-description\">\n<div class=\"box-collateral box-description\">\n<p><strong>Sensor:\u00a0<\/strong>\u00d3ptico<br \/>\n<strong>Resolu\u00e7\u00e3o:\u00a0<\/strong>800-1200-2400<br \/>\n<strong>Ilumina\u00e7\u00e3o:\u00a0<\/strong>LED COLOR com efeitos<br \/>\n<strong>CABO:<br \/>\n<\/strong><strong>Comprimento:\u00a0<\/strong>1.6 Metros<br \/>\n<strong>Material:<\/strong>\u00a0Emborrachado<br \/>\n<strong>Conex\u00e3o:\u00a0<\/strong>USB<br \/>\n<strong>Compatibilidade de Sistema:\u00a0<\/strong>Windows 7\/8\/10, Linux e Mac<\/p>\n<\/div>\n<\/div>\n","protected":false},"featured_media":23709,"comment_status":"closed","ping_status":"closed","template":"","meta":{"_joinchat":[]},"product_brand":[],"product_cat":[180],"product_tag":[],"class_list":{"0":"post-23708","1":"product","2":"type-product","3":"status-publish","6":"product_cat-mouse-gamer","7":"product_shipping_class-melhor-envio","9":"first","10":"instock","11":"purchasable","12":"product-type-simple"},"_links":{"self":[{"href":"https:\/\/furlanjet.com.br\/index.php?rest_route=\/wp\/v2\/product\/23708","targetHints":{"allow":["GET"]}}],"collection":[{"href":"https:\/\/furlanjet.com.br\/index.php?rest_route=\/wp\/v2\/product"}],"about":[{"href":"https:\/\/furlanjet.com.br\/index.php?rest_route=\/wp\/v2\/types\/product"}],"replies":[{"embeddable":true,"href":"https:\/\/furlanjet.com.br\/index.php?rest_route=%2Fwp%2Fv2%2Fcomments&post=23708"}],"version-history":[{"count":1,"href":"https:\/\/furlanjet.com.br\/index.php?rest_route=\/wp\/v2\/product\/23708\/revisions"}],"predecessor-version":[{"id":290932,"href":"https:\/\/furlanjet.com.br\/index.php?rest_route=\/wp\/v2\/product\/23708\/revisions\/290932"}],"wp:featuredmedia":[{"embeddable":true,"href":"https:\/\/furlanjet.com.br\/index.php?rest_route=\/wp\/v2\/media\/23709"}],"wp:attachment":[{"href":"https:\/\/furlanjet.com.br\/index.php?rest_route=%2Fwp%2Fv2%2Fmedia&parent=23708"}],"wp:term":[{"taxonomy":"product_brand","embeddable":true,"href":"https:\/\/furlanjet.com.br\/index.php?rest_route=%2Fwp%2Fv2%2Fproduct_brand&post=23708"},{"taxonomy":"product_cat","embeddable":true,"href":"https:\/\/furlanjet.com.br\/index.php?rest_route=%2Fwp%2Fv2%2Fproduct_cat&post=23708"},{"taxonomy":"product_tag","embeddable":true,"href":"https:\/\/furlanjet.com.br\/index.php?rest_route=%2Fwp%2Fv2%2Fproduct_tag&post=23708"}],"curies":[{"name":"wp","href":"https:\/\/api.w.org\/{rel}","templated":true}]}}