{"id":23702,"date":"2019-11-16T07:43:48","date_gmt":"2019-11-16T10:43:48","guid":{"rendered":"http:\/\/furlanjet.com.br\/?post_type=product&#038;p=23702"},"modified":"2019-11-20T03:26:00","modified_gmt":"2019-11-20T06:26:00","slug":"teclado-evolut-gamer-eg201","status":"publish","type":"product","link":"https:\/\/furlanjet.com.br\/?product=teclado-evolut-gamer-eg201","title":{"rendered":"TECLADO EVOLUT GAMER EG201"},"content":{"rendered":"<p><strong>CONFI\u00c1VEL E MODERNO:\u00a0<\/strong>Adicione mais valor no visual e no conforto na sua build!<\/p>\n<div class=\"recurso-titulo\">\n<p><b>RESISTENTE<\/b>: Constru\u00eddo com materiais resistentes o EG201 ser\u00e1 seu companheiro para todos os desafios!<\/p>\n<div class=\"recurso-titulo\">\n<p><b>MAIOR PRATICIDADE:<\/b>\u00a0Conex\u00e3o USB e Regulagem de inclina\u00e7\u00e3o.<\/p>\n<\/div>\n<\/div>\n","protected":false},"excerpt":{"rendered":"<div class=\"box-collateral box-description\">\n<div class=\"box-collateral box-description\">\n<p><strong>Layout:\u00a0<\/strong>ABNT2<br \/>\n<strong>Perfil das teclas:\u00a0<\/strong>M\u00e9dio<br \/>\n<strong>Acionamento:\u00a0<\/strong>Membrana<br \/>\n<strong>Controles de m\u00eddia:\u00a0<\/strong>10 teclas multim\u00eddia exclusivas<br \/>\n<strong>Ilumina\u00e7\u00e3o:\u00a0<\/strong>LED, Rainbow<br \/>\n<strong>Material do Cabo:\u00a0<\/strong>Emborrachado<br \/>\n<strong>Comprimento do Cabo:\u00a0<\/strong>1,5 metros<br \/>\n<strong>Conex\u00e3o<\/strong>: USB<\/p>\n<\/div>\n<\/div>\n","protected":false},"featured_media":23703,"comment_status":"closed","ping_status":"closed","template":"","meta":{"_joinchat":[]},"product_brand":[],"product_cat":[233],"product_tag":[],"class_list":{"0":"post-23702","1":"product","2":"type-product","3":"status-publish","6":"product_cat-menbrana","8":"first","9":"instock","10":"taxable","11":"shipping-taxable","12":"product-type-simple"},"_links":{"self":[{"href":"https:\/\/furlanjet.com.br\/index.php?rest_route=\/wp\/v2\/product\/23702","targetHints":{"allow":["GET"]}}],"collection":[{"href":"https:\/\/furlanjet.com.br\/index.php?rest_route=\/wp\/v2\/product"}],"about":[{"href":"https:\/\/furlanjet.com.br\/index.php?rest_route=\/wp\/v2\/types\/product"}],"replies":[{"embeddable":true,"href":"https:\/\/furlanjet.com.br\/index.php?rest_route=%2Fwp%2Fv2%2Fcomments&post=23702"}],"version-history":[{"count":0,"href":"https:\/\/furlanjet.com.br\/index.php?rest_route=\/wp\/v2\/product\/23702\/revisions"}],"wp:featuredmedia":[{"embeddable":true,"href":"https:\/\/furlanjet.com.br\/index.php?rest_route=\/wp\/v2\/media\/23703"}],"wp:attachment":[{"href":"https:\/\/furlanjet.com.br\/index.php?rest_route=%2Fwp%2Fv2%2Fmedia&parent=23702"}],"wp:term":[{"taxonomy":"product_brand","embeddable":true,"href":"https:\/\/furlanjet.com.br\/index.php?rest_route=%2Fwp%2Fv2%2Fproduct_brand&post=23702"},{"taxonomy":"product_cat","embeddable":true,"href":"https:\/\/furlanjet.com.br\/index.php?rest_route=%2Fwp%2Fv2%2Fproduct_cat&post=23702"},{"taxonomy":"product_tag","embeddable":true,"href":"https:\/\/furlanjet.com.br\/index.php?rest_route=%2Fwp%2Fv2%2Fproduct_tag&post=23702"}],"curies":[{"name":"wp","href":"https:\/\/api.w.org\/{rel}","templated":true}]}}