{"id":23696,"date":"2019-11-16T07:40:16","date_gmt":"2019-11-16T10:40:16","guid":{"rendered":"http:\/\/furlanjet.com.br\/?post_type=product&#038;p=23696"},"modified":"2019-11-20T03:25:04","modified_gmt":"2019-11-20T06:25:04","slug":"teclado-evolut-gamer-eg202","status":"publish","type":"product","link":"https:\/\/furlanjet.com.br\/?product=teclado-evolut-gamer-eg202","title":{"rendered":"TECLADO EVOLUT GAMER EG202"},"content":{"rendered":"<p><strong>Confi\u00e1vel e Moderno:\u00a0<\/strong>Adicione mais valor no visual e no conforto na sua build!<\/p>\n<div class=\"recurso-titulo\">\n<p><strong>Robusto:\u00a0<\/strong>Design agressivo e cores de destaque nas teclas de movimento, far\u00e1 dele o seu armamento ideal para qualquer combate!<\/p>\n<p><strong>Estrutura:<\/strong>\u00a0Robusta e conex\u00e3o refor\u00e7ada USB melhorando sua vida \u00fatil e evitando problemas de quebras de fios no conector.<\/p>\n<\/div>\n","protected":false},"excerpt":{"rendered":"<div class=\"box-collateral box-description\">\n<div class=\"box-collateral box-description\">\n<p><strong>Layout:\u00a0<\/strong>PT<br \/>\n<strong>Perfil das teclas:\u00a0<\/strong>M\u00e9dio<br \/>\n<strong>Acionamento:\u00a0<\/strong>Membrana<br \/>\n<strong>Ilumina\u00e7\u00e3o:\u00a0<\/strong>N\u00e3o<br \/>\n<strong>Material do Cabo:\u00a0<\/strong>Emborrachado<br \/>\n<strong>Comprimento do Cabo:\u00a0<\/strong>1,5 metros<br \/>\n<strong>Conex\u00e3o<\/strong>: USB<\/p>\n<\/div>\n<\/div>\n","protected":false},"featured_media":23697,"comment_status":"closed","ping_status":"closed","template":"","meta":{"_joinchat":[]},"product_brand":[],"product_cat":[233],"product_tag":[],"class_list":{"0":"post-23696","1":"product","2":"type-product","3":"status-publish","6":"product_cat-menbrana","8":"first","9":"instock","10":"taxable","11":"shipping-taxable","12":"product-type-simple"},"_links":{"self":[{"href":"https:\/\/furlanjet.com.br\/index.php?rest_route=\/wp\/v2\/product\/23696","targetHints":{"allow":["GET"]}}],"collection":[{"href":"https:\/\/furlanjet.com.br\/index.php?rest_route=\/wp\/v2\/product"}],"about":[{"href":"https:\/\/furlanjet.com.br\/index.php?rest_route=\/wp\/v2\/types\/product"}],"replies":[{"embeddable":true,"href":"https:\/\/furlanjet.com.br\/index.php?rest_route=%2Fwp%2Fv2%2Fcomments&post=23696"}],"version-history":[{"count":0,"href":"https:\/\/furlanjet.com.br\/index.php?rest_route=\/wp\/v2\/product\/23696\/revisions"}],"wp:featuredmedia":[{"embeddable":true,"href":"https:\/\/furlanjet.com.br\/index.php?rest_route=\/wp\/v2\/media\/23697"}],"wp:attachment":[{"href":"https:\/\/furlanjet.com.br\/index.php?rest_route=%2Fwp%2Fv2%2Fmedia&parent=23696"}],"wp:term":[{"taxonomy":"product_brand","embeddable":true,"href":"https:\/\/furlanjet.com.br\/index.php?rest_route=%2Fwp%2Fv2%2Fproduct_brand&post=23696"},{"taxonomy":"product_cat","embeddable":true,"href":"https:\/\/furlanjet.com.br\/index.php?rest_route=%2Fwp%2Fv2%2Fproduct_cat&post=23696"},{"taxonomy":"product_tag","embeddable":true,"href":"https:\/\/furlanjet.com.br\/index.php?rest_route=%2Fwp%2Fv2%2Fproduct_tag&post=23696"}],"curies":[{"name":"wp","href":"https:\/\/api.w.org\/{rel}","templated":true}]}}