{"id":23683,"date":"2019-11-16T07:31:56","date_gmt":"2019-11-16T10:31:56","guid":{"rendered":"http:\/\/furlanjet.com.br\/?post_type=product&#038;p=23683"},"modified":"2019-11-20T03:22:17","modified_gmt":"2019-11-20T06:22:17","slug":"teclado-evolut-gamer-shodan-eg203","status":"publish","type":"product","link":"https:\/\/furlanjet.com.br\/?product=teclado-evolut-gamer-shodan-eg203","title":{"rendered":"TECLADO EVOLUT GAMER SHODAN EG203"},"content":{"rendered":"<p><b>RED SWITCH OUTEMU<\/b>: Projetado especialmente para jogos. Desenvolvido em layout Tournament, oferece o essencial e deixa caminho de sobra, para o restante da sua build!<\/p>\n<div class=\"recurso-titulo\">\n<p><strong>FULL RGB:\u00a0<\/strong>Agora a beleza de seu setup conta com mais um integrante incr\u00edvel! Escolha sua cor favorita e ative efeitos de ilumina\u00e7\u00e3o envolventes, Shodan possui regulagem de intensidade e velocidade de todos os efeitos e cores.<\/p>\n<div class=\"recurso-titulo\">\n<p><strong>COMPACTO:\u00a0<\/strong>Projetado especialmente para jogos. Desenvolvido em layout Tournament, oferece o essencial e deixa caminho de sobra, para o restante da sua build!<\/p>\n<\/div>\n<\/div>\n","protected":false},"excerpt":{"rendered":"<div class=\"box-collateral box-description\">\n<div class=\"box-collateral box-description\">\n<p><strong>Layout:\u00a0<\/strong>EN de 87 Teclas<br \/>\n<strong>Perfil das teclas:\u00a0<\/strong>Altas<br \/>\n<strong>Antighosting:<br \/>\n<\/strong><strong>Suporte 100%<br \/>\n<\/strong><strong>Acionamento:\u00a0<\/strong>Mec\u00e2nico RED Switch (OUTEMU)<br \/>\n<strong>Multim\u00eddia:\u00a0<\/strong>Sim, 11 teclas ativadas atrav\u00e9s de FN<br \/>\n<strong>Ilumina\u00e7\u00e3o:\u00a0<\/strong>RGB, com 14 LED Efeitos, controle de intensidade<br \/>\n<strong>Material do Cabo:\u00a0<\/strong>Sleeved em Nylon<br \/>\n<strong>Comprimento do Cabo:\u00a0<\/strong>1,5 metros<br \/>\n<strong>Tamanho:\u00a0<\/strong>358 x 123 x 37 MM<br \/>\n<strong>Conex\u00e3o<\/strong>: USB 2.0<\/p>\n<\/div>\n<\/div>\n","protected":false},"featured_media":23685,"comment_status":"closed","ping_status":"closed","template":"","meta":{"_joinchat":[]},"product_brand":[],"product_cat":[232],"product_tag":[],"class_list":{"0":"post-23683","1":"product","2":"type-product","3":"status-publish","6":"product_cat-mecanico","8":"first","9":"instock","10":"taxable","11":"shipping-taxable","12":"product-type-simple"},"_links":{"self":[{"href":"https:\/\/furlanjet.com.br\/index.php?rest_route=\/wp\/v2\/product\/23683","targetHints":{"allow":["GET"]}}],"collection":[{"href":"https:\/\/furlanjet.com.br\/index.php?rest_route=\/wp\/v2\/product"}],"about":[{"href":"https:\/\/furlanjet.com.br\/index.php?rest_route=\/wp\/v2\/types\/product"}],"replies":[{"embeddable":true,"href":"https:\/\/furlanjet.com.br\/index.php?rest_route=%2Fwp%2Fv2%2Fcomments&post=23683"}],"version-history":[{"count":0,"href":"https:\/\/furlanjet.com.br\/index.php?rest_route=\/wp\/v2\/product\/23683\/revisions"}],"wp:featuredmedia":[{"embeddable":true,"href":"https:\/\/furlanjet.com.br\/index.php?rest_route=\/wp\/v2\/media\/23685"}],"wp:attachment":[{"href":"https:\/\/furlanjet.com.br\/index.php?rest_route=%2Fwp%2Fv2%2Fmedia&parent=23683"}],"wp:term":[{"taxonomy":"product_brand","embeddable":true,"href":"https:\/\/furlanjet.com.br\/index.php?rest_route=%2Fwp%2Fv2%2Fproduct_brand&post=23683"},{"taxonomy":"product_cat","embeddable":true,"href":"https:\/\/furlanjet.com.br\/index.php?rest_route=%2Fwp%2Fv2%2Fproduct_cat&post=23683"},{"taxonomy":"product_tag","embeddable":true,"href":"https:\/\/furlanjet.com.br\/index.php?rest_route=%2Fwp%2Fv2%2Fproduct_tag&post=23683"}],"curies":[{"name":"wp","href":"https:\/\/api.w.org\/{rel}","templated":true}]}}