{"id":23667,"date":"2019-11-16T07:22:44","date_gmt":"2019-11-16T10:22:44","guid":{"rendered":"http:\/\/furlanjet.com.br\/?post_type=product&#038;p=23667"},"modified":"2019-11-16T07:26:21","modified_gmt":"2019-11-16T10:26:21","slug":"gabinete-evolut-gamer-ray-plus-eg803","status":"publish","type":"product","link":"https:\/\/furlanjet.com.br\/?product=gabinete-evolut-gamer-ray-plus-eg803","title":{"rendered":"GABINETE EVOLUT GAMER RAY PLUS EG803"},"content":{"rendered":"<p><strong>Invista no visual<\/strong>: Frontal em acr\u00edlico com lateral Full Window, traz \u00e0 tona o visual incr\u00edvel de toda sua build, exibindo tudo que voc\u00ea tem de melhor!<\/p>\n<p><strong>Clean<\/strong>: Cover para fonte e baias internas, facilitam a montagem e tornam\u00a0o Cable Management muito mais clean.<\/p>\n<div class=\"recurso-titulo\">\n<p><strong>Painel frontal USB 3.0:\u00a0<\/strong>Painel Frontal com diversos recursos de f\u00e1cil acesso, incluindo 1 conex\u00e3o USB 3.0.<\/p>\n<\/div>\n","protected":false},"excerpt":{"rendered":"<div class=\"box-collateral box-description\">\n<div class=\"box-collateral box-description\">\n<p><strong>Formato:\u00a0<\/strong>MID-TOWER<br \/>\n<strong>Placas Compat\u00edveis:\u00a0<\/strong>ATX\/M-ATX\/ITX<br \/>\n<strong>Posi\u00e7\u00e3o da fonte:\u00a0<\/strong>Inferior<br \/>\n<strong>Lateral em acr\u00edlico:\u00a0<\/strong>FULL WINDOW<br \/>\n<strong>Tool-Less:\u00a0<\/strong>Sim (parafusos das laterais)<br \/>\n<strong>Dimens\u00f5es:\u00a0<\/strong>405 x 195 x 420 MM<br \/>\n<strong>Refrigera\u00e7\u00e3o:<br \/>\n<\/strong>Frontal: 3 x 120 MM (n\u00e3o incluso)<br \/>\nTraseira: 1 x 120 MM (n\u00e3o incluso)<br \/>\nInferior: 2 x 120 MM (n\u00e3o incluso)<br \/>\n<strong>Suporte para Placa de v\u00eddeo:<br \/>\n<\/strong>Dimens\u00f5es m\u00e1ximas de 330 mm<br \/>\n<strong>Slots de expans\u00e3o:\u00a0<\/strong>7 Slots<br \/>\n<strong>Baias:\u00a0<\/strong>Gaiola Fixa<br \/>\nInterna: 2 x 3,5\u2019\u2019 \/ 2 x 2,5\u2019\u2019<br \/>\n<strong>Conex\u00f5es de Painel<\/strong>: 1 x \u00c1udio \/ 2 x USB 2.0 \/ 1 x USB 3.0<\/p>\n<\/div>\n<\/div>\n","protected":false},"featured_media":23671,"comment_status":"closed","ping_status":"closed","template":"","meta":{"_joinchat":[]},"product_brand":[],"product_cat":[179],"product_tag":[],"class_list":{"0":"post-23667","1":"product","2":"type-product","3":"status-publish","6":"product_cat-gabinete-gamer","8":"first","9":"instock","10":"taxable","11":"shipping-taxable","12":"product-type-simple"},"_links":{"self":[{"href":"https:\/\/furlanjet.com.br\/index.php?rest_route=\/wp\/v2\/product\/23667","targetHints":{"allow":["GET"]}}],"collection":[{"href":"https:\/\/furlanjet.com.br\/index.php?rest_route=\/wp\/v2\/product"}],"about":[{"href":"https:\/\/furlanjet.com.br\/index.php?rest_route=\/wp\/v2\/types\/product"}],"replies":[{"embeddable":true,"href":"https:\/\/furlanjet.com.br\/index.php?rest_route=%2Fwp%2Fv2%2Fcomments&post=23667"}],"version-history":[{"count":0,"href":"https:\/\/furlanjet.com.br\/index.php?rest_route=\/wp\/v2\/product\/23667\/revisions"}],"wp:featuredmedia":[{"embeddable":true,"href":"https:\/\/furlanjet.com.br\/index.php?rest_route=\/wp\/v2\/media\/23671"}],"wp:attachment":[{"href":"https:\/\/furlanjet.com.br\/index.php?rest_route=%2Fwp%2Fv2%2Fmedia&parent=23667"}],"wp:term":[{"taxonomy":"product_brand","embeddable":true,"href":"https:\/\/furlanjet.com.br\/index.php?rest_route=%2Fwp%2Fv2%2Fproduct_brand&post=23667"},{"taxonomy":"product_cat","embeddable":true,"href":"https:\/\/furlanjet.com.br\/index.php?rest_route=%2Fwp%2Fv2%2Fproduct_cat&post=23667"},{"taxonomy":"product_tag","embeddable":true,"href":"https:\/\/furlanjet.com.br\/index.php?rest_route=%2Fwp%2Fv2%2Fproduct_tag&post=23667"}],"curies":[{"name":"wp","href":"https:\/\/api.w.org\/{rel}","templated":true}]}}