{"id":23645,"date":"2019-11-16T07:07:11","date_gmt":"2019-11-16T10:07:11","guid":{"rendered":"http:\/\/furlanjet.com.br\/?post_type=product&#038;p=23645"},"modified":"2019-11-16T07:09:57","modified_gmt":"2019-11-16T10:09:57","slug":"cadeira-evolut-gamer-tanker-eg900-azul","status":"publish","type":"product","link":"https:\/\/furlanjet.com.br\/?product=cadeira-evolut-gamer-tanker-eg900-azul","title":{"rendered":"CADEIRA EVOLUT GAMER TANKER EG900 (AZUL)"},"content":{"rendered":"<p><strong>CONFORTO ABSOLUTO:<\/strong>\u00a0A EG-900 foi constru\u00edda com espumas ultra confort\u00e1veis e projetada para ser totalmente ergon\u00f4mica, com conforto absoluto e a melhor posi\u00e7\u00e3o de jogo!<\/p>\n<div class=\"recurso-titulo\">\n<p><strong>FIQUE \u00c0 VONTADE:<\/strong>\u00a0Sente-se e encoste na altura que melhor lhe agradar! Com regulagem\u00a0no encosto de quase 180\u00b0 de inclina\u00e7\u00e3o e fun\u00e7\u00e3o balan\u00e7o, que deixa o eixo livre respondendo aos seus movimentos.<\/p>\n<div class=\"recurso-titulo\">\n<p><strong>DESIGN RACING:<\/strong>\u00a0Inspirada nos bancos dos super carros, diretamente das pistas para sua casa.<\/p>\n<\/div>\n<\/div>\n","protected":false},"excerpt":{"rendered":"<div class=\"box-collateral box-description\">\n<div class=\"box-collateral box-description\">\n<p><strong>Estrutura:\u00a0<\/strong>Metal<br \/>\n<strong>Base e Rod\u00edzios:\u00a0<\/strong>\u00a0PVC Refor\u00e7ado<br \/>\n<strong>Base do Assento:<\/strong>\u00a0Metal<br \/>\n<strong>Tape\u00e7aria:<\/strong>\u00a0Malha Sint\u00e9tica Poliuretano<br \/>\n<strong>Apoio de bra\u00e7o ajust\u00e1vel:<\/strong>\u00a0Para cima e para Baixo<br \/>\n<strong>Cilindro:<\/strong>\u00a0G\u00e1s<br \/>\n<strong>Ajuste de altura do acento<\/strong>: Sim<br \/>\n<strong>Peso M\u00e1ximo suportado:<\/strong>\u00a0150kg<\/p>\n<p><strong>DIMENS\u00d5ES MAXIMAS:<br \/>\n<\/strong>ASSENTO: 559 x 525 x 123 MM (CLA)<br \/>\nENCOSTO: 793 x 554 x 59 MM (CLA)<br \/>\nASSENTO AO CH\u00c3O:\u00a0 UP: 560 DOWN: 460 MM<\/p>\n<\/div>\n<\/div>\n","protected":false},"featured_media":23646,"comment_status":"closed","ping_status":"closed","template":"","meta":{"_joinchat":[]},"product_brand":[],"product_cat":[178],"product_tag":[],"class_list":{"0":"post-23645","1":"product","2":"type-product","3":"status-publish","6":"product_cat-cadeira-gamer","8":"first","9":"instock","10":"taxable","11":"shipping-taxable","12":"product-type-simple"},"_links":{"self":[{"href":"https:\/\/furlanjet.com.br\/index.php?rest_route=\/wp\/v2\/product\/23645","targetHints":{"allow":["GET"]}}],"collection":[{"href":"https:\/\/furlanjet.com.br\/index.php?rest_route=\/wp\/v2\/product"}],"about":[{"href":"https:\/\/furlanjet.com.br\/index.php?rest_route=\/wp\/v2\/types\/product"}],"replies":[{"embeddable":true,"href":"https:\/\/furlanjet.com.br\/index.php?rest_route=%2Fwp%2Fv2%2Fcomments&post=23645"}],"version-history":[{"count":0,"href":"https:\/\/furlanjet.com.br\/index.php?rest_route=\/wp\/v2\/product\/23645\/revisions"}],"wp:featuredmedia":[{"embeddable":true,"href":"https:\/\/furlanjet.com.br\/index.php?rest_route=\/wp\/v2\/media\/23646"}],"wp:attachment":[{"href":"https:\/\/furlanjet.com.br\/index.php?rest_route=%2Fwp%2Fv2%2Fmedia&parent=23645"}],"wp:term":[{"taxonomy":"product_brand","embeddable":true,"href":"https:\/\/furlanjet.com.br\/index.php?rest_route=%2Fwp%2Fv2%2Fproduct_brand&post=23645"},{"taxonomy":"product_cat","embeddable":true,"href":"https:\/\/furlanjet.com.br\/index.php?rest_route=%2Fwp%2Fv2%2Fproduct_cat&post=23645"},{"taxonomy":"product_tag","embeddable":true,"href":"https:\/\/furlanjet.com.br\/index.php?rest_route=%2Fwp%2Fv2%2Fproduct_tag&post=23645"}],"curies":[{"name":"wp","href":"https:\/\/api.w.org\/{rel}","templated":true}]}}