{"id":23612,"date":"2019-11-16T06:43:52","date_gmt":"2019-11-16T09:43:52","guid":{"rendered":"http:\/\/furlanjet.com.br\/?post_type=product&#038;p=23612"},"modified":"2019-11-16T06:47:35","modified_gmt":"2019-11-16T09:47:35","slug":"cadeira-evolut-gamer-heroes-eg920vermelho-e-azul","status":"publish","type":"product","link":"https:\/\/furlanjet.com.br\/?product=cadeira-evolut-gamer-heroes-eg920vermelho-e-azul","title":{"rendered":"CADEIRA EVOLUT GAMER HEROES EG920(VERMELHO E AZUL)"},"content":{"rendered":"<p><strong>Conforto Absoluto<\/strong>: Constru\u00edda com espumas ultra confort\u00e1veis e projetada para ser totalmente ergon\u00f4mica, com conforto absoluto e a melhor posi\u00e7\u00e3o de jogo!<\/p>\n<div class=\"recurso-titulo\">\n<p><strong>Estampas Tem\u00e1ticas:<\/strong>\u00a0Estampas e cores tem\u00e1ticas incr\u00edveis, entregam muito mais personalidade e destaque em seu quarto gamer!<\/p>\n<div class=\"recurso-titulo\">\n<p><strong>Design<\/strong>: Inspirada nos bancos dos super carros, diretamente das pistas para sua casa.<\/p>\n<\/div>\n<\/div>\n","protected":false},"excerpt":{"rendered":"<div class=\"box-collateral box-description\">\n<div class=\"box-collateral box-description\">\n<p><strong>Estrutura:\u00a0<\/strong>Metal<br \/>\n<strong>Base e Rod\u00edzios:\u00a0<\/strong>PVC Refor\u00e7ado<br \/>\n<strong>Base do Assento:<\/strong>\u00a0Metal<br \/>\n<strong>Tape\u00e7aria:<\/strong>\u00a0Malha Sint\u00e9tica Poliuretano<br \/>\n<strong>Apoio de bra\u00e7o ajust\u00e1vel:<\/strong>\u00a0Para cima e para Baixo<br \/>\n<strong>Cilindro:<\/strong>\u00a0G\u00e1s<br \/>\n<strong>Ajuste de altura do acento<\/strong>: Sim<br \/>\n<strong>Peso M\u00e1ximo suportado:<\/strong>\u00a0150kg<\/p>\n<p><strong>DIMENS\u00d5ES MAXIMAS:<br \/>\n<\/strong>ASSENTO: 559 x 525 x 123 MM (CLA)<br \/>\nENCOSTO: 793 x 554 x 59 MM (CLA)<br \/>\nASSENTO AO CH\u00c3O:\u00a0 UP: 560 DOWN: 460 MM<\/p>\n<\/div>\n<\/div>\n","protected":false},"featured_media":23613,"comment_status":"closed","ping_status":"closed","template":"","meta":{"_joinchat":[]},"product_brand":[],"product_cat":[178],"product_tag":[],"class_list":{"0":"post-23612","1":"product","2":"type-product","3":"status-publish","6":"product_cat-cadeira-gamer","8":"first","9":"instock","10":"taxable","11":"shipping-taxable","12":"product-type-simple"},"_links":{"self":[{"href":"https:\/\/furlanjet.com.br\/index.php?rest_route=\/wp\/v2\/product\/23612","targetHints":{"allow":["GET"]}}],"collection":[{"href":"https:\/\/furlanjet.com.br\/index.php?rest_route=\/wp\/v2\/product"}],"about":[{"href":"https:\/\/furlanjet.com.br\/index.php?rest_route=\/wp\/v2\/types\/product"}],"replies":[{"embeddable":true,"href":"https:\/\/furlanjet.com.br\/index.php?rest_route=%2Fwp%2Fv2%2Fcomments&post=23612"}],"version-history":[{"count":0,"href":"https:\/\/furlanjet.com.br\/index.php?rest_route=\/wp\/v2\/product\/23612\/revisions"}],"wp:featuredmedia":[{"embeddable":true,"href":"https:\/\/furlanjet.com.br\/index.php?rest_route=\/wp\/v2\/media\/23613"}],"wp:attachment":[{"href":"https:\/\/furlanjet.com.br\/index.php?rest_route=%2Fwp%2Fv2%2Fmedia&parent=23612"}],"wp:term":[{"taxonomy":"product_brand","embeddable":true,"href":"https:\/\/furlanjet.com.br\/index.php?rest_route=%2Fwp%2Fv2%2Fproduct_brand&post=23612"},{"taxonomy":"product_cat","embeddable":true,"href":"https:\/\/furlanjet.com.br\/index.php?rest_route=%2Fwp%2Fv2%2Fproduct_cat&post=23612"},{"taxonomy":"product_tag","embeddable":true,"href":"https:\/\/furlanjet.com.br\/index.php?rest_route=%2Fwp%2Fv2%2Fproduct_tag&post=23612"}],"curies":[{"name":"wp","href":"https:\/\/api.w.org\/{rel}","templated":true}]}}