{"id":23607,"date":"2019-11-16T06:41:20","date_gmt":"2019-11-16T09:41:20","guid":{"rendered":"http:\/\/furlanjet.com.br\/?post_type=product&#038;p=23607"},"modified":"2019-11-16T06:43:33","modified_gmt":"2019-11-16T09:43:33","slug":"cadeira-evolut-gamer-hunter-eg901-amarelo","status":"publish","type":"product","link":"https:\/\/furlanjet.com.br\/?product=cadeira-evolut-gamer-hunter-eg901-amarelo","title":{"rendered":"CADEIRA EVOLUT GAMER HUNTER EG901 AMARELO"},"content":{"rendered":"<p><strong>CONFORTO<\/strong>: A EG-901 foi constru\u00edda com espumas ultra confort\u00e1veis e projetada para ser totalmente ergon\u00f4mica, com conforto absoluto e a melhor posi\u00e7\u00e3o de jogo!<\/p>\n<div class=\"recurso-titulo\">\n<p><strong>Fique \u00e0 Vontade:\u00a0<\/strong>Sente-se e encoste na altura que melhor lhe agradar! Com regulagem de altura e fun\u00e7\u00e3o balan\u00e7o que responde rapidamente aos movimentos.<\/p>\n<div class=\"recurso-titulo\">\n<p><b>Robusto:<\/b>\u00a0O material de revestimento sint\u00e9tico \u00e9 f\u00e1cil de limpar e resistente, em conjunto com materiais de alta resist\u00eancia, que comp\u00f5e a constru\u00e7\u00e3o da estrutura da cadeira e fornecem um suporte de peso de at\u00e9 120kg<\/p>\n<\/div>\n<\/div>\n","protected":false},"excerpt":{"rendered":"<div class=\"box-collateral box-description\">\n<div class=\"box-collateral box-description\">\n<h4 id=\"product-description\" class=\"h2\"><strong>Base e Rod\u00edzios:\u00a0<\/strong>\u00a0PVC Refor\u00e7ado<br \/>\n<strong>Base do Assento:\u00a0<\/strong>Metal<br \/>\n<strong>Rodas:<\/strong>\u00a0Nylon<br \/>\n<strong>Tape\u00e7aria:<\/strong>\u00a0Malha Sint\u00e9tica Poliuretano<br \/>\n<strong>Cilindro:<\/strong>\u00a0G\u00e1s<br \/>\n<strong>Peso M\u00e1ximo suportado:<\/strong>\u00a0120kg<br \/>\n<strong>DIMENS\u00d5ES MAXIMAS:<br \/>\n<\/strong>ASSENTO: 491 x 575 x 130 MM (CLA)<br \/>\nENCOSTO: 690 x 515 x 145 MM (CLA)<br \/>\nASSENTO AO CH\u00c3O:\u00a0 UP: 530 DOWN: 450 MM<\/h4>\n<\/div>\n<\/div>\n","protected":false},"featured_media":23608,"comment_status":"closed","ping_status":"closed","template":"","meta":{"_joinchat":[]},"product_brand":[],"product_cat":[178],"product_tag":[],"class_list":{"0":"post-23607","1":"product","2":"type-product","3":"status-publish","6":"product_cat-cadeira-gamer","8":"first","9":"instock","10":"taxable","11":"shipping-taxable","12":"product-type-simple"},"_links":{"self":[{"href":"https:\/\/furlanjet.com.br\/index.php?rest_route=\/wp\/v2\/product\/23607","targetHints":{"allow":["GET"]}}],"collection":[{"href":"https:\/\/furlanjet.com.br\/index.php?rest_route=\/wp\/v2\/product"}],"about":[{"href":"https:\/\/furlanjet.com.br\/index.php?rest_route=\/wp\/v2\/types\/product"}],"replies":[{"embeddable":true,"href":"https:\/\/furlanjet.com.br\/index.php?rest_route=%2Fwp%2Fv2%2Fcomments&post=23607"}],"version-history":[{"count":0,"href":"https:\/\/furlanjet.com.br\/index.php?rest_route=\/wp\/v2\/product\/23607\/revisions"}],"wp:featuredmedia":[{"embeddable":true,"href":"https:\/\/furlanjet.com.br\/index.php?rest_route=\/wp\/v2\/media\/23608"}],"wp:attachment":[{"href":"https:\/\/furlanjet.com.br\/index.php?rest_route=%2Fwp%2Fv2%2Fmedia&parent=23607"}],"wp:term":[{"taxonomy":"product_brand","embeddable":true,"href":"https:\/\/furlanjet.com.br\/index.php?rest_route=%2Fwp%2Fv2%2Fproduct_brand&post=23607"},{"taxonomy":"product_cat","embeddable":true,"href":"https:\/\/furlanjet.com.br\/index.php?rest_route=%2Fwp%2Fv2%2Fproduct_cat&post=23607"},{"taxonomy":"product_tag","embeddable":true,"href":"https:\/\/furlanjet.com.br\/index.php?rest_route=%2Fwp%2Fv2%2Fproduct_tag&post=23607"}],"curies":[{"name":"wp","href":"https:\/\/api.w.org\/{rel}","templated":true}]}}