{"id":23548,"date":"2019-11-15T03:18:23","date_gmt":"2019-11-15T06:18:23","guid":{"rendered":"http:\/\/furlanjet.com.br\/?post_type=product&#038;p=23548"},"modified":"2019-11-15T03:26:55","modified_gmt":"2019-11-15T06:26:55","slug":"toner-compativel-samsung-mlt-d111l-1-8k","status":"publish","type":"product","link":"https:\/\/furlanjet.com.br\/?product=toner-compativel-samsung-mlt-d111l-1-8k","title":{"rendered":"TONER COMPAT\u00cdVEL SAMSUNG MLT-D111L 1.8K"},"content":{"rendered":"<p>Cartucho de Toner Compat\u00edvel\u00a0 Samsung MLTD111S MLTD111 MLT-D111. Cor: Preto\/Black Original. Indicado para uso nas seguintes impressoras: Xpress SL-M2020W M-2020 M-2020FW, SL-M2070W M-2070 M-2070W M-2070FW M2020W M-2020W.<\/p>\n","protected":false},"excerpt":{"rendered":"<div class=\"box-collateral box-description\">\n<div class=\"box-collateral box-description\">\n<h2 id=\"product-description\" class=\"h2\"><strong>Detalhes<\/strong><\/h2>\n<div class=\"std\">\n<p>Cartucho de Toner compat\u00edvel MLTD111S MLTD111 MLT-D111. Cor: Preto\/Black Compat\u00edvel. Indicado para uso nas seguintes impressoras: Xpress SL-M2020W M-2020 M-2020FW, SL-M2070W M-2070 M-2070W M-2070FW M2020W M-2020W. Com qualidade de impress\u00e3o seus documentos di\u00e1rios ter\u00e3o resultado profissional. Rendimento excelente de aproximadamente 1.800 p\u00e1ginas dependendo do conte\u00fado impresso. Conta tamb\u00e9m com garantia de 3 meses para defeito de fabrica\u00e7\u00e3o.<\/p>\n<\/div>\n<\/div>\n<div class=\"box-collateral box-compatibilidade\">\n<h2>Compatibilidade<\/h2>\n<div class=\"std\">\n<div class=\"dois\">\n<div class=\"titu\">Cartucho de Toner compat\u00edvel\u00a0 MLT-D111L.<br \/>\nProduto Utilizado nas seguintes impressoras HP Xpress:<\/div>\n<\/div>\n<\/div>\n<div class=\"box-collateral box-especificacao\">\n<h2>Especifica\u00e7\u00e3o<\/h2>\n<div class=\"std\">\n<p>Produto Original<\/p>\n<p>Cartucho de Tinta Samsung<\/p>\n<p>Cor: Preto, Black<\/p>\n<p>Modelo: MLT-D111L<\/p>\n<p>Rendimento m\u00e9dio de 1.800 p\u00e1ginas dependendo do conte\u00fado impresso<\/p>\n<p>Garantia de 3 meses para defeito de fabrica\u00e7\u00e3o<\/p>\n<\/div>\n<\/div>\n<\/div>\n<\/div>\n","protected":false},"featured_media":23547,"comment_status":"closed","ping_status":"closed","template":"","meta":{"_joinchat":[]},"product_brand":[],"product_cat":[95],"product_tag":[],"class_list":{"0":"post-23548","1":"product","2":"type-product","3":"status-publish","6":"product_cat-samsung","8":"first","9":"instock","10":"taxable","11":"shipping-taxable","12":"product-type-simple"},"_links":{"self":[{"href":"https:\/\/furlanjet.com.br\/index.php?rest_route=\/wp\/v2\/product\/23548","targetHints":{"allow":["GET"]}}],"collection":[{"href":"https:\/\/furlanjet.com.br\/index.php?rest_route=\/wp\/v2\/product"}],"about":[{"href":"https:\/\/furlanjet.com.br\/index.php?rest_route=\/wp\/v2\/types\/product"}],"replies":[{"embeddable":true,"href":"https:\/\/furlanjet.com.br\/index.php?rest_route=%2Fwp%2Fv2%2Fcomments&post=23548"}],"version-history":[{"count":1,"href":"https:\/\/furlanjet.com.br\/index.php?rest_route=\/wp\/v2\/product\/23548\/revisions"}],"predecessor-version":[{"id":23549,"href":"https:\/\/furlanjet.com.br\/index.php?rest_route=\/wp\/v2\/product\/23548\/revisions\/23549"}],"wp:featuredmedia":[{"embeddable":true,"href":"https:\/\/furlanjet.com.br\/index.php?rest_route=\/wp\/v2\/media\/23547"}],"wp:attachment":[{"href":"https:\/\/furlanjet.com.br\/index.php?rest_route=%2Fwp%2Fv2%2Fmedia&parent=23548"}],"wp:term":[{"taxonomy":"product_brand","embeddable":true,"href":"https:\/\/furlanjet.com.br\/index.php?rest_route=%2Fwp%2Fv2%2Fproduct_brand&post=23548"},{"taxonomy":"product_cat","embeddable":true,"href":"https:\/\/furlanjet.com.br\/index.php?rest_route=%2Fwp%2Fv2%2Fproduct_cat&post=23548"},{"taxonomy":"product_tag","embeddable":true,"href":"https:\/\/furlanjet.com.br\/index.php?rest_route=%2Fwp%2Fv2%2Fproduct_tag&post=23548"}],"curies":[{"name":"wp","href":"https:\/\/api.w.org\/{rel}","templated":true}]}}