{"id":23348,"date":"2019-11-10T08:14:37","date_gmt":"2019-11-10T11:14:37","guid":{"rendered":"http:\/\/furlanjet.com.br\/?post_type=product&#038;p=23348"},"modified":"2019-11-10T08:18:20","modified_gmt":"2019-11-10T11:18:20","slug":"cartucho-de-toner-kyocera-tk5242c-ciano-compativel","status":"publish","type":"product","link":"https:\/\/furlanjet.com.br\/?product=cartucho-de-toner-kyocera-tk5242c-ciano-compativel","title":{"rendered":"Cartucho de Toner Kyocera TK5242C Ciano Compat\u00edvel"},"content":{"rendered":"<p>Kyocera TK5242C<\/p>\n","protected":false},"excerpt":{"rendered":"<p>Cartucho de Toner Kyocera TK5242C Ciano<\/p>\n<p>&nbsp;<\/p>\n<p>Compatibilidade<\/p>\n<p>ECOSYSP5026CDN \u2013 ECOSYSM5526CDW<\/p>\n<p>&nbsp;<\/p>\n<p>Rentabilidade<\/p>\n<p>Capacidade de impress\u00e3o at\u00e9 3.000 p\u00e1ginas com 5% de cobertura conforme norma ISO\/IEC 19798 (Carta\/A4).<\/p>\n<p>&nbsp;<\/p>\n<p>Observa\u00e7\u00f5es<\/p>\n<p>&#8211; Todas as informa\u00e7\u00f5es divulgadas s\u00e3o de total responsabilidade do fabricante.<\/p>\n<p>&#8211; Imagens meramente ilustrativas.<\/p>\n","protected":false},"featured_media":23330,"comment_status":"closed","ping_status":"closed","template":"","meta":{"_joinchat":[]},"product_brand":[],"product_cat":[96],"product_tag":[],"class_list":{"0":"post-23348","1":"product","2":"type-product","3":"status-publish","6":"product_cat-kyocera","8":"first","9":"instock","10":"taxable","11":"shipping-taxable","12":"product-type-simple"},"_links":{"self":[{"href":"https:\/\/furlanjet.com.br\/index.php?rest_route=\/wp\/v2\/product\/23348","targetHints":{"allow":["GET"]}}],"collection":[{"href":"https:\/\/furlanjet.com.br\/index.php?rest_route=\/wp\/v2\/product"}],"about":[{"href":"https:\/\/furlanjet.com.br\/index.php?rest_route=\/wp\/v2\/types\/product"}],"replies":[{"embeddable":true,"href":"https:\/\/furlanjet.com.br\/index.php?rest_route=%2Fwp%2Fv2%2Fcomments&post=23348"}],"version-history":[{"count":0,"href":"https:\/\/furlanjet.com.br\/index.php?rest_route=\/wp\/v2\/product\/23348\/revisions"}],"wp:featuredmedia":[{"embeddable":true,"href":"https:\/\/furlanjet.com.br\/index.php?rest_route=\/wp\/v2\/media\/23330"}],"wp:attachment":[{"href":"https:\/\/furlanjet.com.br\/index.php?rest_route=%2Fwp%2Fv2%2Fmedia&parent=23348"}],"wp:term":[{"taxonomy":"product_brand","embeddable":true,"href":"https:\/\/furlanjet.com.br\/index.php?rest_route=%2Fwp%2Fv2%2Fproduct_brand&post=23348"},{"taxonomy":"product_cat","embeddable":true,"href":"https:\/\/furlanjet.com.br\/index.php?rest_route=%2Fwp%2Fv2%2Fproduct_cat&post=23348"},{"taxonomy":"product_tag","embeddable":true,"href":"https:\/\/furlanjet.com.br\/index.php?rest_route=%2Fwp%2Fv2%2Fproduct_tag&post=23348"}],"curies":[{"name":"wp","href":"https:\/\/api.w.org\/{rel}","templated":true}]}}