{"id":23344,"date":"2019-11-10T08:08:19","date_gmt":"2019-11-10T11:08:19","guid":{"rendered":"http:\/\/furlanjet.com.br\/?post_type=product&#038;p=23344"},"modified":"2019-11-10T08:09:07","modified_gmt":"2019-11-10T11:09:07","slug":"cartucho-de-toner-kyocera-tk5232k-preto-compativel","status":"publish","type":"product","link":"https:\/\/furlanjet.com.br\/?product=cartucho-de-toner-kyocera-tk5232k-preto-compativel","title":{"rendered":"Cartucho de Toner Kyocera TK5232K Preto Compat\u00edvel"},"content":{"rendered":"<p>Kyocera TK5232K<\/p>\n","protected":false},"excerpt":{"rendered":"<p>Cor<\/p>\n<p>Preto<\/p>\n<p>&nbsp;<\/p>\n<p>Compatibilidade<\/p>\n<p>ECOSYS P5021CDN E ECOSYS M5521CDN<\/p>\n<p>Rentabilidade<\/p>\n<p>Aproximadamente 2.600 p\u00e1ginas com 5% de cobertura em acordo com a norma ISO\/IEC 19752.<\/p>\n<p>Observa\u00e7\u00f5es<br \/>\n&#8211; Todas as informa\u00e7\u00f5es divulgadas s\u00e3o de total responsabilidade do fabricante.<br \/>\n&#8211; Imagem meramente ilustrativa.<\/p>\n","protected":false},"featured_media":23332,"comment_status":"closed","ping_status":"closed","template":"","meta":{"_joinchat":[]},"product_brand":[],"product_cat":[96],"product_tag":[],"class_list":{"0":"post-23344","1":"product","2":"type-product","3":"status-publish","6":"product_cat-kyocera","8":"first","9":"instock","10":"taxable","11":"shipping-taxable","12":"product-type-simple"},"_links":{"self":[{"href":"https:\/\/furlanjet.com.br\/index.php?rest_route=\/wp\/v2\/product\/23344","targetHints":{"allow":["GET"]}}],"collection":[{"href":"https:\/\/furlanjet.com.br\/index.php?rest_route=\/wp\/v2\/product"}],"about":[{"href":"https:\/\/furlanjet.com.br\/index.php?rest_route=\/wp\/v2\/types\/product"}],"replies":[{"embeddable":true,"href":"https:\/\/furlanjet.com.br\/index.php?rest_route=%2Fwp%2Fv2%2Fcomments&post=23344"}],"version-history":[{"count":0,"href":"https:\/\/furlanjet.com.br\/index.php?rest_route=\/wp\/v2\/product\/23344\/revisions"}],"wp:featuredmedia":[{"embeddable":true,"href":"https:\/\/furlanjet.com.br\/index.php?rest_route=\/wp\/v2\/media\/23332"}],"wp:attachment":[{"href":"https:\/\/furlanjet.com.br\/index.php?rest_route=%2Fwp%2Fv2%2Fmedia&parent=23344"}],"wp:term":[{"taxonomy":"product_brand","embeddable":true,"href":"https:\/\/furlanjet.com.br\/index.php?rest_route=%2Fwp%2Fv2%2Fproduct_brand&post=23344"},{"taxonomy":"product_cat","embeddable":true,"href":"https:\/\/furlanjet.com.br\/index.php?rest_route=%2Fwp%2Fv2%2Fproduct_cat&post=23344"},{"taxonomy":"product_tag","embeddable":true,"href":"https:\/\/furlanjet.com.br\/index.php?rest_route=%2Fwp%2Fv2%2Fproduct_tag&post=23344"}],"curies":[{"name":"wp","href":"https:\/\/api.w.org\/{rel}","templated":true}]}}