{"id":23281,"date":"2019-11-09T08:54:00","date_gmt":"2019-11-09T11:54:00","guid":{"rendered":"http:\/\/furlanjet.com.br\/?post_type=product&#038;p=23281"},"modified":"2019-11-09T08:56:08","modified_gmt":"2019-11-09T11:56:08","slug":"workforce-pro-wf-c5790-epson","status":"publish","type":"product","link":"https:\/\/furlanjet.com.br\/?product=workforce-pro-wf-c5790-epson","title":{"rendered":"WorkForce Pro WF-C5790 &#8211; Epson"},"content":{"rendered":"<p>A multifuncional colorida WorkForce Pro WF-C5790 \u00e9 uma multifuncional compacta, com baixos custos de opera\u00e7\u00e3o e de alta produtividade.<\/p>\n<p>A WorkForce Pro WF-C5790 utiliza tecnologia PrecisionCore e inclui um sistema de bolsas de tinta substitu\u00edveis. Esse sistema de bolsa de tintas substitu\u00edveL da multifuncional WorkForce Pro WF-C5790 minimiza as interven\u00e7\u00f5es e reduz o custo total de impress\u00e3o em at\u00e9 45% sem afetar a produtividade.<\/p>\n","protected":false},"excerpt":{"rendered":"<p>Principais caracter\u00edsticas<\/p>\n<p>&nbsp;<\/p>\n<p>Alta velocidade de impress\u00e3o sem necessidade de aquecimento\u00a0\u2014 at\u00e9 34 ppm (em preto\/em cores) e sa\u00edda r\u00e1pida da primeira folha (4,8 segundos em preto, 5,3 segundos em cores).<\/p>\n<p>&nbsp;<\/p>\n<p>Redu\u00e7\u00e3o de custos\u00a0\u2014 custo de impress\u00e3o at\u00e9 45% menor comparado com laser colorida.<\/p>\n<p>&nbsp;<\/p>\n<p>Pronta para MPS\u00a0\u2014 Controle custos, aumente a produtividade e habilite a seguran\u00e7a, com Epson Device Admin e Epson Print Admin. Al\u00e9m disso, a plataforma aberta da Epson permite uma integra\u00e7\u00e3o perfeita com solu\u00e7\u00f5es embarcadas padr\u00e3o de mercado como PaperCut MF, NDDigital, Equitrac entre outros.<\/p>\n<p>Desenvolvida para uso exclusivo com as bolsas de tinta Epson*.<\/p>\n","protected":false},"featured_media":23282,"comment_status":"closed","ping_status":"closed","template":"","meta":{"_joinchat":[]},"product_brand":[],"product_cat":[172],"product_tag":[],"class_list":{"0":"post-23281","1":"product","2":"type-product","3":"status-publish","6":"product_cat-multifuncional-jato-de-tinta","8":"first","9":"instock","10":"taxable","11":"shipping-taxable","12":"product-type-simple"},"_links":{"self":[{"href":"https:\/\/furlanjet.com.br\/index.php?rest_route=\/wp\/v2\/product\/23281","targetHints":{"allow":["GET"]}}],"collection":[{"href":"https:\/\/furlanjet.com.br\/index.php?rest_route=\/wp\/v2\/product"}],"about":[{"href":"https:\/\/furlanjet.com.br\/index.php?rest_route=\/wp\/v2\/types\/product"}],"replies":[{"embeddable":true,"href":"https:\/\/furlanjet.com.br\/index.php?rest_route=%2Fwp%2Fv2%2Fcomments&post=23281"}],"version-history":[{"count":0,"href":"https:\/\/furlanjet.com.br\/index.php?rest_route=\/wp\/v2\/product\/23281\/revisions"}],"wp:featuredmedia":[{"embeddable":true,"href":"https:\/\/furlanjet.com.br\/index.php?rest_route=\/wp\/v2\/media\/23282"}],"wp:attachment":[{"href":"https:\/\/furlanjet.com.br\/index.php?rest_route=%2Fwp%2Fv2%2Fmedia&parent=23281"}],"wp:term":[{"taxonomy":"product_brand","embeddable":true,"href":"https:\/\/furlanjet.com.br\/index.php?rest_route=%2Fwp%2Fv2%2Fproduct_brand&post=23281"},{"taxonomy":"product_cat","embeddable":true,"href":"https:\/\/furlanjet.com.br\/index.php?rest_route=%2Fwp%2Fv2%2Fproduct_cat&post=23281"},{"taxonomy":"product_tag","embeddable":true,"href":"https:\/\/furlanjet.com.br\/index.php?rest_route=%2Fwp%2Fv2%2Fproduct_tag&post=23281"}],"curies":[{"name":"wp","href":"https:\/\/api.w.org\/{rel}","templated":true}]}}