{"id":23276,"date":"2019-11-09T08:48:37","date_gmt":"2019-11-09T11:48:37","guid":{"rendered":"http:\/\/furlanjet.com.br\/?post_type=product&#038;p=23276"},"modified":"2019-11-09T08:51:39","modified_gmt":"2019-11-09T11:51:39","slug":"multifuncional-jato-de-tinta-a3-mfc-t4500dw-brother","status":"publish","type":"product","link":"https:\/\/furlanjet.com.br\/?product=multifuncional-jato-de-tinta-a3-mfc-t4500dw-brother","title":{"rendered":"Multifuncional Jato de Tinta A3 MFC-T4500DW &#8211; Brother"},"content":{"rendered":"<p>Multifuncional Jato de Tinta MFC-T4500DW Brother \u00e9 um equipamento completo que possui as fun\u00e7\u00f5es de impress\u00e3o, c\u00f3pia, digitaliza\u00e7\u00e3o e fax, suporta impress\u00e3o at\u00e9 tamanho A3. Equipamento profissional, econ\u00f4mico, de alto rendimento e conta com o sistema de recarga original InkBenefit Tank Business.<\/p>\n<p>A tela da Multifuncional Brother 4500 \u00e9 LCD sens\u00edvel ao toque e colorida de 2,7\u201d permitindo uma navega\u00e7\u00e3o f\u00e1cil e intuitiva, seu scanner com vidro de exposi\u00e7\u00e3o A3 conta com ADF para at\u00e9 50 folhas e resolu\u00e7\u00e3o \u00f3tica de 2400 x 1200 dpi.<\/p>\n<p>Fa\u00e7a impress\u00e3o e digitaliza\u00e7\u00e3o para aplicativos de nuvem populares utilizando rede sem fio atrav\u00e9s dos dispositivos m\u00f3veis, compartilhe o equipamento com v\u00e1rios usu\u00e1rios de rede ou conex\u00e3o local a um \u00fanico computador com o cabo usb. O Brother MFC T4500 proporciona impress\u00e3o de alta qualidade e baixo custo utilizando as garrafas de tintas de ultra rendimento, a velocidade de impress\u00e3o \u00e9 at\u00e9 35ppm em preto e 27ppm em cores pelo modo r\u00e1pido, seus documentos e fotos com resolu\u00e7\u00e3o at\u00e9 4.800 x 1.200 dpi.<\/p>\n","protected":false},"excerpt":{"rendered":"<p>Principais Caracter\u00edsticas<\/p>\n<p>&#8211; Impress\u00e3o, c\u00f3pia, digitaliza\u00e7\u00e3o e fax;<\/p>\n<p>&#8211; Tela LCD colorida de 2,7\u201d;<\/p>\n<p>&#8211; Tamanho do papel at\u00e9 A3;<\/p>\n<p>&#8211; Impress\u00e3o duplex;<\/p>\n<p>&#8211; Ethernet, USB 2.0 de alta velocidade e Sem Fio 802.11b\/g\/n;<\/p>\n<p>&#8211; Compat\u00edvel com dispositivos m\u00f3veis;<\/p>\n<p>&#8211; Ciclo mensal de impress\u00e3o at\u00e9 30.000 p\u00e1ginas;<\/p>\n<p>&#8211; Impress\u00e3o p&amp;b at\u00e9 35 ppm e colorido at\u00e9 27 ppm;<\/p>\n<p>&#8211; C\u00f3pia p&amp;b at\u00e9 12 ppm e colorido at\u00e9 15 ppm;<\/p>\n<p>&#8211; Fotos com resolu\u00e7\u00e3o de at\u00e9 4.800 x 1.200 dpi;<\/p>\n<p>&#8211; ADF para at\u00e9 50 folhas;<\/p>\n<p>&#8211; Bandeja padr\u00e3o at\u00e9 250 folhas;<\/p>\n<p>&#8211; Veloc. modem (fax) de 33,6 kbps;<\/p>\n<p>&#8211; Suprimento ultra rendimento (p&amp;b aprox. 6.500 p\u00e1g. e colorido aprox. 5.000 p\u00e1g.);<\/p>\n<p>&nbsp;<\/p>\n<p>Especifica\u00e7\u00e3o do Produto<\/p>\n<p>&nbsp;<\/p>\n<p>\u2022\u00a0Tecnologia de Impress\u00e3o:\u00a0Jato de Tinta<\/p>\n<p>\u2022\u00a0Display:\u00a0Tela LCD sens\u00edvel ao toque colorida de 2,7\u201d<\/p>\n<p>\u2022\u00a0Interface:\u00a0Ethernet, USB 2.0 de alta velocidade e Sem Fio 802.11b\/g\/n<\/p>\n<p>\u2022\u00a0Compatibilidade com Dispositivos M\u00f3veis:\u00a0AirPrint, Google Cloud Prin, Mopria e Brother iPrint&amp;Scan<\/p>\n<p>\u2022\u00a0Ciclo Mensal de Impress\u00e3o:\u00a0At\u00e9 30.000 p\u00e1ginas<\/p>\n<p>\u2022\u00a0Volume Mensal Recomendado:\u00a0250 a 2.000 p\u00e1ginas<\/p>\n<p>\u2022\u00a0Voltagem:\u00a0120V<\/p>\n<p>&nbsp;<\/p>\n<p>Impressora<\/p>\n<p>&nbsp;<\/p>\n<p>\u2022\u00a0Velocidade da Impress\u00e3o Modo R\u00e1pido:\u00a0P&amp;B at\u00e9 35 p\u00e1ginas por minuto\/ Colorido at\u00e9 27 p\u00e1ginas por minuto<\/p>\n<p>\u2022\u00a0Velocidade da Impress\u00e3o ISO\/IEC 24734:\u00a0P&amp;B at\u00e9 22 imagens por minuto\/ Colorido at\u00e9 20 imagens por minuto<\/p>\n<p>\u2022\u00a0Impress\u00e3o Duplex:\u00a0Sim (frente e verso autom\u00e1tico)<\/p>\n<p>\u2022\u00a0Resolu\u00e7\u00e3o de Impress\u00e3o:\u00a0At\u00e9 4.800 x 1.200 dpi<\/p>\n<p>\u2022\u00a0Impress\u00e3o Sem Bordas:\u00a0Sim<\/p>\n<p>&nbsp;<\/p>\n<p>Papel<\/p>\n<p>&nbsp;<\/p>\n<p>\u2022\u00a0Bandeja Padr\u00e3o:\u00a0Capacidade p\/ at\u00e9 250 folhas (papel comum 80 g\/m\u00b2)<\/p>\n<p>\u2022\u00a0Bandeja Multiuso:\u00a0Capacidade p\/ at\u00e9 100 folhas<\/p>\n<p>\u2022\u00a0Alimentador Autom\u00e1tico de Documentos (ADF):\u00a0Capacidade p\/ at\u00e9 50 folhas<\/p>\n<p>\u2022\u00a0Tamanho do Papel:\u00a0A3, Duplo Carta, Of\u00edcio, F\u00f3lio, A5, A6, Envelopes (C5, Com-10, DL, Monarch), Fotografia (10 \u00d7 15 cm), Fotografia L (9 \u00d7 13 cm), Fotografia 2L (13 \u00d7 18 cm) e Ficha (13 \u00d7 20 cm)<\/p>\n<p>Tipo de Papel:\u00a0Comum, papel para jato de tinta (revestido), brilhante e reciclado<\/p>\n<p>&nbsp;<\/p>\n<p>C\u00f3pia<\/p>\n<p>&nbsp;<\/p>\n<p>\u2022\u00a0Velocidade de C\u00f3pia:\u00a0P&amp;B at\u00e9 12 p\u00e1ginas por minuto\/ Colorido at\u00e9 15 p\u00e1ginas por minuto<\/p>\n<p>\u2022\u00a0Resolu\u00e7\u00e3o da C\u00f3pia:\u00a0At\u00e9 4.800 x 1.200 dpi<\/p>\n<p>\u2022\u00a0Amplia\u00e7\u00e3o\/Redu\u00e7\u00e3o de C\u00f3pia:\u00a025% a 400% em incrementos de 1%<\/p>\n<p>\u2022\u00a0Op\u00e7\u00f5es de C\u00f3pia:\u00a0M\u00faltiplas\/empilhadas (at\u00e9 99), agrupadas, N em 1, p\u00f4ster, ajustar \u00e0 p\u00e1gina, remo\u00e7\u00e3o da cor de fundo e alinhamento autom\u00e1tico<\/p>\n<p>&nbsp;<\/p>\n<p>Scanner<\/p>\n<p>&nbsp;<\/p>\n<p>\u2022\u00a0Tipo:\u00a0Flatbed (vidro de exposi\u00e7\u00e3o) colorido (CIS)<\/p>\n<p>\u2022\u00a0Tamanho do Vidro:\u00a011\u201d x 17\u201d (A3)<\/p>\n<p>\u2022\u00a0Resolu\u00e7\u00e3o da Digitaliza\u00e7\u00e3o \u00d3ptica:\u00a0At\u00e9 2.400 x 1.200 dpi<\/p>\n<p>\u2022\u00a0Resolu\u00e7\u00e3o da Digitaliza\u00e7\u00e3o Interpolada:\u00a0At\u00e9 19.200 x 19.200 dpi<\/p>\n<p>\u2022\u00a0Digitaliza Para:\u00a0Imagem, OCR, e-mail, arquivo, mem\u00f3ria USB, FTP, servidor de e-mail\u00a0(mediante download), rede e SFTP<\/p>\n<p>&nbsp;<\/p>\n<p>Fax<\/p>\n<p>&nbsp;<\/p>\n<p>\u2022\u00a0Velocidade do Modem:\u00a033,6 kbps<\/p>\n<p>\u2022\u00a0Mem\u00f3ria:\u00a0At\u00e9 200 p\u00e1ginas<\/p>\n<p>\u2022\u00a0Posi\u00e7\u00f5es de Discagem:\u00a0250 (200 discagem r\u00e1pida e 50 manual)<\/p>\n<p>\u2022\u00a0Compatibilidade com PC-Fax:\u00a0Sim\u00a0(somente p&amp;b e a recep\u00e7\u00e3o de fax n\u00e3o est\u00e1 dispon\u00edvel p\/ usu\u00e1rios de Mac)<\/p>\n<p>&nbsp;<\/p>\n<p>Sistema Operacional<\/p>\n<p>\u2022 Windows 10, 8.1, 8, 7 SP1 (32 &amp; 64 bits) \/ Windows Server 2016, 2012R, 2012 e 2008 (32 &amp; 64 bits)<\/p>\n<p>\u2022 Mac OS v10.13.x, 10.12.x e 10.11.6<\/p>\n<p>&nbsp;<\/p>\n<p>Dispositivos M\u00f3veis<\/p>\n<p>\u2022 iOS<\/p>\n<p>\u2022 Android<\/p>\n<p>\u2022 Windows Phone<\/p>\n<p>&nbsp;<\/p>\n<p>Suprimentos<\/p>\n<p>BTD60BK Garrafa de tinta preta de Ultra rendimento aprox. at\u00e9 6.500 p\u00e1ginas. Em acordo com os padr\u00f5es ISO\/IEC 24712.<\/p>\n<p>BT5001C Garrafa de tinta ciano de Ultra rendimento aprox. at\u00e9 5.000 p\u00e1ginas. Em acordo com os padr\u00f5es ISO\/IEC 24712.<\/p>\n<p>BT5001M Garrafa de tinta magenta de Ultra rendimento aprox. at\u00e9 5.000 p\u00e1ginas. Em acordo com os padr\u00f5es ISO\/IEC 24712.<\/p>\n<p>BT5001Y Garrafa de tinta amarelo de Ultra rendimento aprox. at\u00e9 5.000 p\u00e1ginas. Em acordo com os padr\u00f5es ISO\/IEC 24712.<\/p>\n<p>&nbsp;<\/p>\n<p>Itens Inclusos na Caixa<\/p>\n<p>1 und Multifuncional Jato de Tinta Brother MFC-T4500DW;<\/p>\n<p>1 und Garrafa de tinta preta BTD60BK (inicial de f\u00e1brica);<\/p>\n<p>1 und Garrafa de tinta BT5001 de cada cor C, M e Y (inicial de f\u00e1brica);<\/p>\n<p>Guia de configura\u00e7\u00e3o r\u00e1pida;<\/p>\n<p>Guia de seguran\u00e7a do produto;<\/p>\n<p>CD de instala\u00e7\u00e3o para Windows e Mac;<\/p>\n<p>1 und Cabo de linha telef\u00f4nica;<\/p>\n<p>1 und Cabo USB;<\/p>\n<p>&nbsp;<\/p>\n<p>Dimens\u00f5es e Peso<\/p>\n<p>Equipamento: (L) 57,4 cm x (P) 47,8 cm x (A) 30,5 cm \u2013 20,6 kg<\/p>\n<p>Com a Caixa: (L) 66,8 cm x (P) 56,4 cm x (A) 42,4 cm \u2013 25,1 kg<\/p>\n<p>&nbsp;<\/p>\n<p>Observa\u00e7\u00f5es<\/p>\n<p>&#8211; Todas as informa\u00e7\u00f5es divulgadas s\u00e3o de total responsabilidade do fabricante.<\/p>\n<p>&#8211; Imagem meramente ilustrativa.<\/p>\n","protected":false},"featured_media":23277,"comment_status":"closed","ping_status":"closed","template":"","meta":{"_joinchat":[]},"product_brand":[],"product_cat":[172],"product_tag":[],"class_list":{"0":"post-23276","1":"product","2":"type-product","3":"status-publish","6":"product_cat-multifuncional-jato-de-tinta","8":"first","9":"instock","10":"taxable","11":"shipping-taxable","12":"product-type-simple"},"_links":{"self":[{"href":"https:\/\/furlanjet.com.br\/index.php?rest_route=\/wp\/v2\/product\/23276","targetHints":{"allow":["GET"]}}],"collection":[{"href":"https:\/\/furlanjet.com.br\/index.php?rest_route=\/wp\/v2\/product"}],"about":[{"href":"https:\/\/furlanjet.com.br\/index.php?rest_route=\/wp\/v2\/types\/product"}],"replies":[{"embeddable":true,"href":"https:\/\/furlanjet.com.br\/index.php?rest_route=%2Fwp%2Fv2%2Fcomments&post=23276"}],"version-history":[{"count":1,"href":"https:\/\/furlanjet.com.br\/index.php?rest_route=\/wp\/v2\/product\/23276\/revisions"}],"predecessor-version":[{"id":23280,"href":"https:\/\/furlanjet.com.br\/index.php?rest_route=\/wp\/v2\/product\/23276\/revisions\/23280"}],"wp:featuredmedia":[{"embeddable":true,"href":"https:\/\/furlanjet.com.br\/index.php?rest_route=\/wp\/v2\/media\/23277"}],"wp:attachment":[{"href":"https:\/\/furlanjet.com.br\/index.php?rest_route=%2Fwp%2Fv2%2Fmedia&parent=23276"}],"wp:term":[{"taxonomy":"product_brand","embeddable":true,"href":"https:\/\/furlanjet.com.br\/index.php?rest_route=%2Fwp%2Fv2%2Fproduct_brand&post=23276"},{"taxonomy":"product_cat","embeddable":true,"href":"https:\/\/furlanjet.com.br\/index.php?rest_route=%2Fwp%2Fv2%2Fproduct_cat&post=23276"},{"taxonomy":"product_tag","embeddable":true,"href":"https:\/\/furlanjet.com.br\/index.php?rest_route=%2Fwp%2Fv2%2Fproduct_tag&post=23276"}],"curies":[{"name":"wp","href":"https:\/\/api.w.org\/{rel}","templated":true}]}}