{"id":23272,"date":"2019-11-09T08:45:36","date_gmt":"2019-11-09T11:45:36","guid":{"rendered":"http:\/\/furlanjet.com.br\/?post_type=product&#038;p=23272"},"modified":"2019-11-09T08:47:45","modified_gmt":"2019-11-09T11:47:45","slug":"multifuncional-mono-ecotank-m3180-epson","status":"publish","type":"product","link":"https:\/\/furlanjet.com.br\/?product=multifuncional-mono-ecotank-m3180-epson","title":{"rendered":"Multifuncional Mono EcoTank M3180 &#8211; Epson"},"content":{"rendered":"<p>Multifuncional Mono EcoTank M3180<\/p>\n","protected":false},"excerpt":{"rendered":"<p>Especica\u00e7\u00f5es t\u00e9cnicas<\/p>\n<p>&nbsp;<\/p>\n<p>Impress\u00e3o<\/p>\n<p>Tecnologia de impress\u00e3o: Jato de tinta PrecisionCore\u00ae monocrom\u00e1tica otimizada;<\/p>\n<p>Linguagem de impress\u00e3o: Epson ESC\/P-R, emula\u00e7\u00e3o PCL\u00ae 51, emula\u00e7\u00e3o PCL\u00ae 61;<\/p>\n<p>N\u00famero de injetores: 800 injetores pretos (2 las de 400 injetores);<\/p>\n<p>Tamanho m\u00ednimo da gota de tinta; 2.8 pl, com tecnologia de gotas de tinta de tamanho vari\u00e1vel;<\/p>\n<p>Resolu\u00e7\u00e3o m\u00e1xima de impress\u00e3o: 1200 dpi x 2400 dpi;<\/p>\n<p>Velocidade de impress\u00e3o ISO: Simples:20 ISO ppm, dupla: 9 ISO ppm;<\/p>\n<p>Velocidade m\u00e1xima de impress\u00e3o: 39 ppm (preto);<\/p>\n<p>Ciclo de trabalho mensal m\u00e1ximo: At\u00e9 20.000 p\u00e1ginas;<\/p>\n<p>Tempo de sa\u00edda da primeira p\u00e1gina: 6 segundos ap\u00f3s receber os dados em modo preparado;<\/p>\n<p>Duplex autom\u00e1tica: Sim.<\/p>\n<p>&nbsp;<\/p>\n<p>Impress\u00e3o e digitaliza\u00e7\u00e3o Wireless<\/p>\n<p>Solu\u00e7\u00f5es Epson: Epson ConnectTM4 Solutions, Epson Email Print\u00ae, Remote Print Driver, Scan to Cloud\u00ae;<\/p>\n<p>Outros:\u00a0Epson iPrintTM App (iOSTM, AndroidTM, Google Cloud PrintTM, Mopria Print ServiceTM.<\/p>\n<p>&nbsp;<\/p>\n<p>C\u00f3pia<\/p>\n<p>Velocidade de c\u00f3pia: 30 cpm (A4 \/ carta);<\/p>\n<p>Velocidade de c\u00f3pia ISO: 17 cpm (A4 \/ carta);<\/p>\n<p>Quantidade de c\u00f3pias: 1-99 c\u00f3pias;<\/p>\n<p>Tamanho m\u00e1ximo da c\u00f3pia: A4\/carta;<\/p>\n<p>Resolu\u00e7\u00e3o de c\u00f3pia (entrada\/sa\u00edda): De entrada: at\u00e9 600 dpi x 600 dpi; de sa\u00edda: at\u00e9 1200 dpi x 1200 dpi;<\/p>\n<p>Caracter\u00edsticas das c\u00f3pias: redu\u00e7\u00e3o e amplia\u00e7\u00e3o (25% &#8211; 400%).<\/p>\n<p>&nbsp;<\/p>\n<p>Digitaliza\u00e7\u00e3o<\/p>\n<p>Tipo de scanner: Base plana com sensor de linhas CIS colorido<\/p>\n<p>Resolu\u00e7\u00e3o \u00f3ptica: 1200 dpi<\/p>\n<p>Resolu\u00e7\u00e3o de hardware: \u00d3tima \/ hardware: 1200 dpi \/ 1200 dpi x 2400 dpi<\/p>\n<p>Resolu\u00e7\u00e3o m\u00e1xima de impress\u00e3o: 9600 dpi interpolada<\/p>\n<p>Velocidade de digitaliza\u00e7\u00e3o (ADF): 12 segundos preto e branco \/ 27 segundos em cores PDF e tamanho A4 a 200 dpi<\/p>\n<p>\u00c1rea m\u00e1xima de digitaliza\u00e7\u00e3o: 21,6 cm x 35,6 cm<\/p>\n<p>Profundidade das cores: Em cores entrada: 48 bits, sa\u00edda: 24 bits; tons de cinza entrada: 16 bits, salida: 8 bits branco e preto entrada: 16 bits, salida: 1 bit<\/p>\n","protected":false},"featured_media":23273,"comment_status":"closed","ping_status":"closed","template":"","meta":{"_joinchat":[]},"product_brand":[],"product_cat":[172],"product_tag":[],"class_list":{"0":"post-23272","1":"product","2":"type-product","3":"status-publish","6":"product_cat-multifuncional-jato-de-tinta","8":"first","9":"instock","10":"taxable","11":"shipping-taxable","12":"product-type-simple"},"_links":{"self":[{"href":"https:\/\/furlanjet.com.br\/index.php?rest_route=\/wp\/v2\/product\/23272","targetHints":{"allow":["GET"]}}],"collection":[{"href":"https:\/\/furlanjet.com.br\/index.php?rest_route=\/wp\/v2\/product"}],"about":[{"href":"https:\/\/furlanjet.com.br\/index.php?rest_route=\/wp\/v2\/types\/product"}],"replies":[{"embeddable":true,"href":"https:\/\/furlanjet.com.br\/index.php?rest_route=%2Fwp%2Fv2%2Fcomments&post=23272"}],"version-history":[{"count":0,"href":"https:\/\/furlanjet.com.br\/index.php?rest_route=\/wp\/v2\/product\/23272\/revisions"}],"wp:featuredmedia":[{"embeddable":true,"href":"https:\/\/furlanjet.com.br\/index.php?rest_route=\/wp\/v2\/media\/23273"}],"wp:attachment":[{"href":"https:\/\/furlanjet.com.br\/index.php?rest_route=%2Fwp%2Fv2%2Fmedia&parent=23272"}],"wp:term":[{"taxonomy":"product_brand","embeddable":true,"href":"https:\/\/furlanjet.com.br\/index.php?rest_route=%2Fwp%2Fv2%2Fproduct_brand&post=23272"},{"taxonomy":"product_cat","embeddable":true,"href":"https:\/\/furlanjet.com.br\/index.php?rest_route=%2Fwp%2Fv2%2Fproduct_cat&post=23272"},{"taxonomy":"product_tag","embeddable":true,"href":"https:\/\/furlanjet.com.br\/index.php?rest_route=%2Fwp%2Fv2%2Fproduct_tag&post=23272"}],"curies":[{"name":"wp","href":"https:\/\/api.w.org\/{rel}","templated":true}]}}