{"id":23268,"date":"2019-11-09T08:41:34","date_gmt":"2019-11-09T11:41:34","guid":{"rendered":"http:\/\/furlanjet.com.br\/?post_type=product&#038;p=23268"},"modified":"2019-11-09T08:44:00","modified_gmt":"2019-11-09T11:44:00","slug":"multifuncional-jato-de-tinta-sem-fio-mega-tank-g4100-canon","status":"publish","type":"product","link":"https:\/\/furlanjet.com.br\/?product=multifuncional-jato-de-tinta-sem-fio-mega-tank-g4100-canon","title":{"rendered":"Multifuncional jato de tinta sem fio Mega Tank G4100 &#8211; Canon"},"content":{"rendered":"<p>A nova impressora multifuncional jato de tinta sem fio\u00a0Mega Tank G4100\u00a0\u00e9 ideal para qualquer pessoa que busca facilidade de manuseio, alto rendimento e baixo custo de impress\u00e3o, confiabilidade e imagem de alta qualidade. A Mega Tank G4100 permite imprimir, copiar, digitalizar e enviar fax, al\u00e9m de apresentar um alimentador autom\u00e1tico de docs (ADF) e uma tela LCD de 2 linhas.<\/p>\n<p>Essa impressora top de linha possui um sistema de tanque de tinta integrado que permite visualizar o n\u00edvel da tinta pela parte frontal da impressora. Al\u00e9m disso, as garrafas de tinta foram feitas pensando em uma experi\u00eancia de utiliza\u00e7\u00e3o para minimizar poss\u00edveis desperd\u00edcios de tinta, vazamentos e manchas. A Mega Tank G4100 tamb\u00e9m possui um sistema de tinta h\u00edbrido que usa tinta preta pigmento e tintas coloridas corante, proporcionando um preto profundo para textos mais n\u00edtidos e cores vibrantes para uma impress\u00e3o visualmente impactante. Outro diferencial dessa impressora \u00e9 que ela foi projetada com um tubo flex\u00edvel, dur\u00e1vel, de alta qualidade e protegido contra entrada de ar, que ajuda a evitar o ressecamento da tinta quando a impressora n\u00e3o est\u00e1 em uso.<\/p>\n<p>&nbsp;<\/p>\n<p>\u2022 Impressora jato de tinta, copiadora, scanner e fax \u00a0com conex\u00e3o sem fio6<\/p>\n<p>\u2022 Sistema de tanque de tinta integrado que permite visualizar os n\u00edveis da tinta<\/p>\n<p>\u2022 Alto rendimento e baixo custo de impress\u00e3o por p\u00e1gina. Imprime at\u00e9\u00b9 6.000 p\u00e1ginas em preto, 7.000 p\u00e1ginas coloridas ou 2.000 fotos 10&#215;15 cm<\/p>\n<p>\u2022 Fun\u00e7\u00e3o de fax, ADF com capacidade de 20 folhas e tela LCD de duas linhas<\/p>\n<p>\u2022 Resolu\u00e7\u00e3o de impress\u00e3o\u00b3 de at\u00e9 4800&#215;1200 dpi em cores e de at\u00e9 600&#215;600 dpi em preto<\/p>\n<p>\u2022 Velocidade de impress\u00e3o4: aprox. de 8,8 ipm em preto (ESAT), 5,0 ipm em cores (ESAT)<\/p>\n<p>\u2022 Conectividade Wi-Fi: imprima sem fios diretamente de seu computador e dispositivos m\u00f3veis7 compat\u00edveis<\/p>\n","protected":false},"excerpt":{"rendered":"<p>Impressora<\/p>\n<p>&nbsp;<\/p>\n<p>Tipo de Impressora:\u00a0Multifuncional recarreg\u00e1vel<\/p>\n<p>Fun\u00e7\u00f5es :\u00a0Impressora jato de tinta, Copiadora, Scanner, Fax, Conex\u00e3o sem fio6<\/p>\n<p>Velocidade de Impress\u00e3o preta (ESAT):\u00a0Aprox. 8,8 ipm4 (imagens por minuto)<\/p>\n<p>Velocidade de Impress\u00e3o colorida (ESAT):\u00a0Aprox. 5,0 ipm4 (imagens por minuto)<\/p>\n<p>Velocidade de impress\u00e3o de fotografias:\u00a0\u00a0Aprox. 60 seg5 (papel 10&#215;15)<\/p>\n<p>Resolu\u00e7\u00e3o de Impress\u00e3o<\/p>\n<p>&#8220;Color: at\u00e9 4800 x 1200 dpi\u00b3<\/p>\n<p>Preto: at\u00e9 600 x 600 dpi\u00b3&#8221;<\/p>\n<p>N\u00famero de bicos injetores:\u00a0Total de 1472 ejetores (BK 320 ejetores, C\/M\/Y 384 ejetores cada)<\/p>\n<p>Impress\u00e3o Sem Margens:\u00a0Impress\u00e3o sem bordas at\u00e9 A4\u00b2<\/p>\n<p>Impress\u00e3o Frente e Verso:\u00a0Manual<\/p>\n<p>Impress\u00e3o Direta em Disco (DVD\/CD):\u00a0N\u00c3O<\/p>\n<p>Ciclo mensal m\u00e1x.:\u00a0ND<\/p>\n<p>Volume de impress\u00e3o recomendado por m\u00eas:\u00a0ND<\/p>\n<p>&nbsp;<\/p>\n<p>Cartuchos e Rendimentos<\/p>\n<p>&nbsp;<\/p>\n<p>Cartuchos de tinta padr\u00e3o:<\/p>\n<ul>\n<li>GI-190 Frasco de tinta pigmento preta (135 ml)<\/li>\n<li>GI-190 Frasco de tinta ciano (70 ml)<\/li>\n<li>GI-190 Frasco de tinta magenta (70 ml)<\/li>\n<li>GI-190 Frasco de tinta amarela (70 ml)&#8221;<\/li>\n<\/ul>\n<p>Cartuchos de tinta opcionais:\u00a0NA<\/p>\n<p>Rendimento do cartucho (Papel comum)&#8221;Kit que acompanha o produto:<\/p>\n<p>Preto: at\u00e9 6.000\u00b9 p\u00e1gs<\/p>\n<p>Colorido: at\u00e9 7.000\u00b9 p\u00e1gs&#8221;<\/p>\n<p>Rendimento do cartucho (papel fotogr\u00e1fico):\u00a0Papel fotogr\u00e1fico 10&#215;15 cm: at\u00e9 2000\u00b9<\/p>\n<p>&nbsp;<\/p>\n<p>Pap\u00e9is<\/p>\n<p>&nbsp;<\/p>\n<p>Tipos de papel:<\/p>\n<p>Comum: Papel comum, papel de alta resolu\u00e7\u00e3o<\/p>\n<p>Brilhante: Papel fotogr\u00e1fico Plus Glossy II, Papel fotogr\u00e1fico Glossy<\/p>\n<p>Fosco: Papel fotogr\u00e1fico fosco<\/p>\n<p>Envelope: Envelope americano n\u00ba 10&#8243;<\/p>\n<p>Capacidade da bandeja de pap\u00e9is (papel comum):<\/p>\n<p>&#8220;100 Folhas de Papel Comum ou 20 Folhas de Papel fotogr\u00e1fico 10 x 15 cm<\/p>\n<p>Capacidade do ADF:<\/p>\n<p>Tamanho A4 ou Carta: m\u00e1x. 20 folhas (papel de 75 g \/m\u00b2), at\u00e9 2 mm de espessura<\/p>\n<p>Tamanho Of\u00edcio: m\u00e1x. 5 folhas (papel de 75 g \/m\u00b2), at\u00e9 0,5 mm de espessura&#8221;<\/p>\n<p>Tamanhos de papel: A4, A5, B5, carta, of\u00edcio, envelopes n\u00ba 10, 10 x 15 cm, 13 x 18 cm, 20 x 25 cm, 13 x 13 cm, Tamanho Personalizado, Cart\u00e3o de Visita (Largura 55 mm &#8211; 215,9 mm: Comprimento 89 mm &#8211; 676 mm)<\/p>\n<p>Gramatura do papel:\u00a0&#8220;Papel normal: 64 a 105 g\/m\u00b2 , Pap\u00e9is fotogr\u00e1ficos Canon at\u00e9 275 g\/m\u00b2&#8221;<\/p>\n","protected":false},"featured_media":23270,"comment_status":"closed","ping_status":"closed","template":"","meta":{"_joinchat":[]},"product_brand":[],"product_cat":[172],"product_tag":[],"class_list":{"0":"post-23268","1":"product","2":"type-product","3":"status-publish","6":"product_cat-multifuncional-jato-de-tinta","8":"first","9":"instock","10":"taxable","11":"shipping-taxable","12":"product-type-simple"},"_links":{"self":[{"href":"https:\/\/furlanjet.com.br\/index.php?rest_route=\/wp\/v2\/product\/23268","targetHints":{"allow":["GET"]}}],"collection":[{"href":"https:\/\/furlanjet.com.br\/index.php?rest_route=\/wp\/v2\/product"}],"about":[{"href":"https:\/\/furlanjet.com.br\/index.php?rest_route=\/wp\/v2\/types\/product"}],"replies":[{"embeddable":true,"href":"https:\/\/furlanjet.com.br\/index.php?rest_route=%2Fwp%2Fv2%2Fcomments&post=23268"}],"version-history":[{"count":0,"href":"https:\/\/furlanjet.com.br\/index.php?rest_route=\/wp\/v2\/product\/23268\/revisions"}],"wp:featuredmedia":[{"embeddable":true,"href":"https:\/\/furlanjet.com.br\/index.php?rest_route=\/wp\/v2\/media\/23270"}],"wp:attachment":[{"href":"https:\/\/furlanjet.com.br\/index.php?rest_route=%2Fwp%2Fv2%2Fmedia&parent=23268"}],"wp:term":[{"taxonomy":"product_brand","embeddable":true,"href":"https:\/\/furlanjet.com.br\/index.php?rest_route=%2Fwp%2Fv2%2Fproduct_brand&post=23268"},{"taxonomy":"product_cat","embeddable":true,"href":"https:\/\/furlanjet.com.br\/index.php?rest_route=%2Fwp%2Fv2%2Fproduct_cat&post=23268"},{"taxonomy":"product_tag","embeddable":true,"href":"https:\/\/furlanjet.com.br\/index.php?rest_route=%2Fwp%2Fv2%2Fproduct_tag&post=23268"}],"curies":[{"name":"wp","href":"https:\/\/api.w.org\/{rel}","templated":true}]}}