{"id":23260,"date":"2019-11-09T08:27:44","date_gmt":"2019-11-09T11:27:44","guid":{"rendered":"http:\/\/furlanjet.com.br\/?post_type=product&#038;p=23260"},"modified":"2019-11-20T10:28:30","modified_gmt":"2019-11-20T13:28:30","slug":"multifuncional-mono-a3-taskalfa5003-50ppm-wifi-225k-mensal-kyocera","status":"publish","type":"product","link":"https:\/\/furlanjet.com.br\/?product=multifuncional-mono-a3-taskalfa5003-50ppm-wifi-225k-mensal-kyocera","title":{"rendered":"Multifuncional Mono A3 TASKALFA5003 50PPM WIFI 225K Mensal- Kyocera"},"content":{"rendered":"<p>Multifuncional Mono A3 TASKALFA5003<\/p>\n","protected":false},"excerpt":{"rendered":"<p>As principais caracter\u00edsticas das Multifuncionais TASKalfa 5003i e TASKalfa 6003i s\u00e3o:<\/p>\n<p>\u2022 Velocidade de 50ppm (TASKalfa 5003i) e 60ppm (TASKalfa 6003i);<\/p>\n<p>\u2022 Volume de impress\u00e3o: \u00a0\u00a0&#8211; TASKalfa 5003i: 225.000 p\u00e1ginas \u00a0&#8211; TASKalfa 6003i: 250.000 p\u00e1ginas<\/p>\n<p>\u2022 Processador de 1.2GHz;<\/p>\n<p>\u2022 Mem\u00f3ria padr\u00e3o de 4GB e HDD de 320GB + 8GB SSD<\/p>\n<p>\u2022 Alimentador de Originais opcionais;<\/p>\n<p>\u2022 Capacidade de 1.150 folhas padr\u00e3o de papel, m\u00e1ximo at\u00e9 7.150 folhas;<\/p>\n<p>\u2022 Compat\u00edvel com Solu\u00e7\u00e3o Embarcada \u2013 HyPAS;<\/p>\n<p>\u2022 Painel TSI de 10.1\u201d com tecla Home;<\/p>\n<p>\u2022 Seguran\u00e7a de Dados Padr\u00e3o (Data Security Kit);<\/p>\n<p>\u2022 Opcional de OCR (PDF pesquis\u00e1vel), Scan Extension Kit (A);<\/p>\n<p>\u2022 Finalizadores opcionais;<\/p>\n<p>\u2022 Sensor de movimento que detecta a aproxima\u00e7\u00e3o de pessoas;<\/p>\n<p>\u2022 Impress\u00e3o em papel tamanho banner (305mm x 1.220mm);<\/p>\n<p>\u2022 Tecnologia Wi-Fi e Wi-Fi Direct (somente na TASKalfa 5003i);<\/p>\n<p>\u2022 Compat\u00edveis com Apple AirPrint\u00ae, Google Cloud PrintTM, KYOCERA Mobile Print e MopriaTM;<\/p>\n<p>\u2022 3 anos de garantia.<\/p>\n","protected":false},"featured_media":23261,"comment_status":"closed","ping_status":"closed","template":"","meta":{"_joinchat":[]},"product_brand":[],"product_cat":[170],"product_tag":[],"class_list":{"0":"post-23260","1":"product","2":"type-product","3":"status-publish","6":"product_cat-multifuncional-laser-pb","8":"first","9":"instock","10":"taxable","11":"shipping-taxable","12":"product-type-simple"},"_links":{"self":[{"href":"https:\/\/furlanjet.com.br\/index.php?rest_route=\/wp\/v2\/product\/23260","targetHints":{"allow":["GET"]}}],"collection":[{"href":"https:\/\/furlanjet.com.br\/index.php?rest_route=\/wp\/v2\/product"}],"about":[{"href":"https:\/\/furlanjet.com.br\/index.php?rest_route=\/wp\/v2\/types\/product"}],"replies":[{"embeddable":true,"href":"https:\/\/furlanjet.com.br\/index.php?rest_route=%2Fwp%2Fv2%2Fcomments&post=23260"}],"version-history":[{"count":0,"href":"https:\/\/furlanjet.com.br\/index.php?rest_route=\/wp\/v2\/product\/23260\/revisions"}],"wp:featuredmedia":[{"embeddable":true,"href":"https:\/\/furlanjet.com.br\/index.php?rest_route=\/wp\/v2\/media\/23261"}],"wp:attachment":[{"href":"https:\/\/furlanjet.com.br\/index.php?rest_route=%2Fwp%2Fv2%2Fmedia&parent=23260"}],"wp:term":[{"taxonomy":"product_brand","embeddable":true,"href":"https:\/\/furlanjet.com.br\/index.php?rest_route=%2Fwp%2Fv2%2Fproduct_brand&post=23260"},{"taxonomy":"product_cat","embeddable":true,"href":"https:\/\/furlanjet.com.br\/index.php?rest_route=%2Fwp%2Fv2%2Fproduct_cat&post=23260"},{"taxonomy":"product_tag","embeddable":true,"href":"https:\/\/furlanjet.com.br\/index.php?rest_route=%2Fwp%2Fv2%2Fproduct_tag&post=23260"}],"curies":[{"name":"wp","href":"https:\/\/api.w.org\/{rel}","templated":true}]}}