{"id":23252,"date":"2019-11-09T08:19:12","date_gmt":"2019-11-09T11:19:12","guid":{"rendered":"http:\/\/furlanjet.com.br\/?post_type=product&#038;p=23252"},"modified":"2019-11-09T08:22:14","modified_gmt":"2019-11-09T11:22:14","slug":"multifuncional-mono-laser-mfc-l6902dw-brother","status":"publish","type":"product","link":"https:\/\/furlanjet.com.br\/?product=multifuncional-mono-laser-mfc-l6902dw-brother","title":{"rendered":"Multifuncional Mono Laser MFC-L6902DW &#8211; Brother"},"content":{"rendered":"<p>O Multifuncional Brother\u00a0MFC-L6902DW\u00a0\u00e9 um equipamento laser dur\u00e1vel, ideal para grupos de trabalho de m\u00e9dio porte, com altos volumes de impress\u00e3o. Grande economia e baixo custo por p\u00e1gina devido ao seu cartucho de toner de ultra-rendimento (20.000 p\u00e1ginas) incluso. Maximize a produtividade de seu grupo de trabalho com impress\u00f5es r\u00e1pidas e velocidades de c\u00f3pia at\u00e9 52ppm (carta) e uma grande capacidade de papel de 520 folhas. Expans\u00edvel para atender praticamente qualquer escrit\u00f3rio, adicione bandejas opcionais para aumentar a capacidade para 2.650 folhas. Oferece recursos avan\u00e7ados de digitaliza\u00e7\u00e3o, incluindo v\u00e1rios destinos de digitaliza\u00e7\u00e3o e uma velocidade de digitaliza\u00e7\u00e3o monocrom\u00e1tica r\u00e1pida para ajudar a otimizar o seu fluxo de trabalho. Recursos avan\u00e7ados de seguran\u00e7a e leitor de cart\u00e3o integrado.<\/p>\n","protected":false},"excerpt":{"rendered":"<p>Principais Caracter\u00edsticas<\/p>\n<ul>\n<li><a name=\"CONTENTHOMEDEFAULT_MODELDETAIL1_DIVFEATURETEXT\"><\/a>Impress\u00e3o r\u00e1pida 52\/50 ppm (carta\/A4) para altos volumes de impress\u00e3o<\/li>\n<li>Baixo custo total de propriedade<\/li>\n<li>Manuseio de papel expans\u00edvel<\/li>\n<li>Digitaliza\u00e7\u00e3o r\u00e1pida em duplex (frente e verso)<\/li>\n<li>Fun\u00e7\u00f5es avan\u00e7adas de seguran\u00e7a<\/li>\n<li>Display touchscreen colorido de 5&#8243;<\/li>\n<li>Rede Wireless integrada<\/li>\n<li>Vidro de documentos tamanho of\u00edcio<\/li>\n<li>Impress\u00e3o\/digitaliza\u00e7\u00e3o com seu dispositivo m\u00f3vel<\/li>\n<li>Leitor de cart\u00e3o integrado (NFC)<\/li>\n<\/ul>\n<p>&nbsp;<\/p>\n<p>Impress\u00e3o<\/p>\n<p>&#8211; Resolu\u00e7\u00e3o da C\u00f3pia (m\u00e1xima em dpi): At\u00e9 1200 x 600 dpi<\/p>\n<p>&#8211; C\u00f3pias M\u00faltiplas: Sim<\/p>\n<p>&#8211; Discagem Abreviada (n\u00b0 de locais): 300<\/p>\n<p>&#8211; Acesso Remoto: Sim<\/p>\n<p>&#8211; Relat\u00f3rio de Atividades\/Relat\u00f3rios Peri\u00f3dicos: Sim<\/p>\n<p>&#8211; Impress\u00e3o Colorida: N\u00e3o<\/p>\n<p>&#8211; Fun\u00e7\u00f5es Principais: Impress\u00e3o, digitaliza\u00e7\u00e3o, c\u00f3pia e fax<\/p>\n<p>&#8211; C\u00f3pia Duplex (Frente e Verso): Sim<\/p>\n<p>&#8211; Tempo de Impress\u00e3o da Primeira P\u00e1gina: 7,5 segundos<\/p>\n<p>&#8211; Tecnologia de Impress\u00e3o: Laser Eletrofotogr\u00e1fico<\/p>\n<p>&#8211; Mem\u00f3ria Padr\u00e3o: 1 GB<\/p>\n<p>&#8211; Velocidade M\u00e1x. de Impress\u00e3o em Preto (ppm): 52\/50 ppm (carta\/A4)<\/p>\n<p>&#8211; Resolu\u00e7\u00e3o da Impress\u00e3o (m\u00e1xima em dpi): At\u00e9 1200 x 1200 dpi<\/p>\n<p>&#8211; Capacidade da Bandeja de Papel: 520 folhas<\/p>\n<p>&#8211; Capacidade de Papel na Bandeja Opcional (folhas): 4 x 520 folhas<\/p>\n<p>&#8211; Bandeja Multiuso: 50 folhas<\/p>\n<p>&#8211; Capacidade de Impress\u00e3o Duplex (Frente e Verso): Sim<\/p>\n<p>&#8211; Interface de Rede Embutida: Wireless 802.11b\/g\/n, Gigabit Ethernet, Hi-Speed USB 2.0<\/p>\n<p>&#8211; Compatibilidade com o Driver de Impressora: Windows\u00ae, Mac OS\u00ae, Linux<\/p>\n<p>&#8211; Emula\u00e7\u00f5es: PCL6, BR-Script3\u2021, IBM Proprinter, Epson FX, PDF Version 1.7, XPS Version 1.0<\/p>\n<p>&#8211; Fun\u00e7\u00e3o de Impress\u00e3o Segura: Sim<\/p>\n<p>&#8211; Volume M\u00e1ximo de Ciclo Mensal: 150.000 p\u00e1ginas<\/p>\n<p>&#8211; Volume de Impress\u00e3o Mensal Recomendado: At\u00e9 10.000 p\u00e1ginas<\/p>\n<p>&#8211; Tamanho M\u00e1x. de Impress\u00e3o: 21,6 x 35,6 cm (of\u00edcio)<\/p>\n<p>&#8211; Aplicativo de Impress\u00e3o para Dispositivos M\u00f3veis\u2021 AirPrint\u2122, Google Cloud Print\u2122 2.0, Brother iPrint&amp;Scan, Mopria\u00ae, Cortado Workplace, Wi-Fi Direct\u00ae e NFC<\/p>\n<p>&nbsp;<\/p>\n<p>Fax<\/p>\n<p>&#8211; Velocidade do Fax Modem: 33,6 Kbps<\/p>\n<p>&#8211; Digitaliza\u00e7\u00e3o R\u00e1pida (Transmiss\u00e3o da Mem\u00f3ria): Aproximadamente 2,5 segundos<\/p>\n<p>&#8211; Escala de Cinza do Fax: 256<\/p>\n<p>&#8211; M\u00e9todo de Codifica\u00e7\u00e3o do Fax: MH \/ MR \/ MMR \/ JBIG \/ JPEG<\/p>\n<p>&#8211; PC Fax: Sim<\/p>\n<p>&#8211; Capacidade de PC-Fax (envio\/recep\u00e7\u00e3o): Sim<\/p>\n<p>&#8211; Mem\u00f3ria das P\u00e1ginas de Fax: At\u00e9 500 p\u00e1ginas<\/p>\n<p>&#8211; Duplex Autom\u00e1tico para Fax: Sim<\/p>\n<p>&nbsp;<\/p>\n<p>C\u00f3pia<\/p>\n<p>&#8211; Resolu\u00e7\u00e3o de C\u00f3pia (m\u00e1xima): At\u00e9 1200 x 600 dpi<\/p>\n<p>&#8211; Copia sem uso do PC: Sim<\/p>\n<p>&#8211; Capacidade M\u00e1x. do Alimentador Autom\u00e1tico de Documentos (ADF): 80 folhas<\/p>\n<p>&#8211; Velocidade da C\u00f3pia em Preto: 52\/50 ppm (carta\/A4)<\/p>\n<p>&#8211; Redu\u00e7\u00e3o\/Amplia\u00e7\u00e3o: 25% ~ 400%<\/p>\n<p>&#8211; Fun\u00e7\u00e3o de C\u00f3pias Ordenadas: Sim<\/p>\n<p>&#8211; Tamanho do Vidro de Documentos: Of\u00edcio<\/p>\n<p>&#8211; C\u00f3pia Duplex (Frente e Verso): Sim<\/p>\n<p>&#8211; C\u00f3pias de ID (Documentos de Identidade): Sim<\/p>\n<p>&nbsp;<\/p>\n<p>Digitaliza\u00e7\u00e3o<\/p>\n<p>&#8211; ADF: Sim<\/p>\n<p>&#8211; Scan Drivers Included: TWAIN, WIA, ICA, ISIS, SANE<\/p>\n<p>&#8211; Resolu\u00e7\u00e3o de Digitaliza\u00e7\u00e3o Interpolada (dpi): At\u00e9 19200 x 19200 dpi<\/p>\n<p>&#8211; Resolu\u00e7\u00e3o de Digitaliza\u00e7\u00e3o \u00d3ptica (dpi): 1200 x 1200 dpi<\/p>\n<p>&#8211; Formatos (Exporta\u00e7\u00e3o): JPEG, PDF Single-page\/Multi-page (PDF seguro, PDF pesquis\u00e1vel, PDF\/A), TIFF Single-page\/Multi-page, TXT, BMP, DOCX,XML, PPTX, XPS, PNG<\/p>\n<p>&#8211; Digitaliza para E-mail, Imagem, OCR, File, FTP, USB, Network Folder (CIFS &#8211; Windows\u00ae only), E-mail Server, SharePoint\u00ae, SSH Server (SFTP), Cloud (Web Connect)\u2021, Easy Scan to Email<\/p>\n<p>&#8211; Digitaliza\u00e7\u00e3o Duplex (Frente e Verso):Sim<\/p>\n<p>&nbsp;<\/p>\n<p>Outros<\/p>\n<p>&#8211; Dimens\u00f5es do Equipamento sem caixa: 49,5 x 42,7 x 51,8 cm<\/p>\n<p>&#8211; Web Connect: GOOGLE DRIVE\u2122\/GOOGLE DRIVE for Business, EVERNOTE\u00ae\/EVERNOTE Business, ONEDRIVE\u00ae\/ONEDRIVE for Business, ONENOTE\u00ae, DROPBOX\/DROPBOX for Business, Google Apps for Business\u2122, BOX\/BOX for Business, FACEBOOK\u2122, FLICKR\u00ae, and PICASA Web Albums\u2122<\/p>\n<p>&#8211; Velocidade da CPU (Processador): 800 MHz<\/p>\n<p>&#8211; Modo de Economia de Toner: Sim<\/p>\n<p>&#8211; Capacidade de Sa\u00edda do Papel: 250 folhas<\/p>\n<p>&#8211; Fun\u00e7\u00f5es de Seguran\u00e7a: Integrated NFC Card Reader, Active Directory\u00ae, Secure Function Lock, Lock Slot, Secure Print<\/p>\n<p>&#8211; Garantia: Limitada de 2 anos<\/p>\n<p>&#8211; Fonte de Alimenta\u00e7\u00e3o: AC 120V 50\/60Hz<\/p>\n<p>&#8211; Certifica\u00e7\u00e3o Energy Star: Sim<\/p>\n<p>&#8211; Dimens\u00f5es da Caixa de Embalagem (LxPxA cm): 59,9 x 52,6 x 76,2 cm<\/p>\n<p>&#8211; Peso da Caixa de Embalagem (kg): 23,5 kg<\/p>\n<p>&#8211; Tela LCD: Touchscreen colorido de 5&#8243;<\/p>\n<p>&#8211; Wi-Fi CERTIFIED\u2122: Sim (802.11b\/g\/n)<\/p>\n","protected":false},"featured_media":23253,"comment_status":"closed","ping_status":"closed","template":"","meta":{"_joinchat":[]},"product_brand":[],"product_cat":[170],"product_tag":[],"class_list":{"0":"post-23252","1":"product","2":"type-product","3":"status-publish","6":"product_cat-multifuncional-laser-pb","8":"first","9":"instock","10":"taxable","11":"shipping-taxable","12":"product-type-simple"},"_links":{"self":[{"href":"https:\/\/furlanjet.com.br\/index.php?rest_route=\/wp\/v2\/product\/23252","targetHints":{"allow":["GET"]}}],"collection":[{"href":"https:\/\/furlanjet.com.br\/index.php?rest_route=\/wp\/v2\/product"}],"about":[{"href":"https:\/\/furlanjet.com.br\/index.php?rest_route=\/wp\/v2\/types\/product"}],"replies":[{"embeddable":true,"href":"https:\/\/furlanjet.com.br\/index.php?rest_route=%2Fwp%2Fv2%2Fcomments&post=23252"}],"version-history":[{"count":0,"href":"https:\/\/furlanjet.com.br\/index.php?rest_route=\/wp\/v2\/product\/23252\/revisions"}],"wp:featuredmedia":[{"embeddable":true,"href":"https:\/\/furlanjet.com.br\/index.php?rest_route=\/wp\/v2\/media\/23253"}],"wp:attachment":[{"href":"https:\/\/furlanjet.com.br\/index.php?rest_route=%2Fwp%2Fv2%2Fmedia&parent=23252"}],"wp:term":[{"taxonomy":"product_brand","embeddable":true,"href":"https:\/\/furlanjet.com.br\/index.php?rest_route=%2Fwp%2Fv2%2Fproduct_brand&post=23252"},{"taxonomy":"product_cat","embeddable":true,"href":"https:\/\/furlanjet.com.br\/index.php?rest_route=%2Fwp%2Fv2%2Fproduct_cat&post=23252"},{"taxonomy":"product_tag","embeddable":true,"href":"https:\/\/furlanjet.com.br\/index.php?rest_route=%2Fwp%2Fv2%2Fproduct_tag&post=23252"}],"curies":[{"name":"wp","href":"https:\/\/api.w.org\/{rel}","templated":true}]}}