{"id":23249,"date":"2019-11-09T08:16:26","date_gmt":"2019-11-09T11:16:26","guid":{"rendered":"http:\/\/furlanjet.com.br\/?post_type=product&#038;p=23249"},"modified":"2019-11-09T08:18:50","modified_gmt":"2019-11-09T11:18:50","slug":"multifuncional-image-runner-ir1643if-canon","status":"publish","type":"product","link":"https:\/\/furlanjet.com.br\/?product=multifuncional-image-runner-ir1643if-canon","title":{"rendered":"Multifuncional image RUNNER IR1643iF &#8211; Canon"},"content":{"rendered":"<p>Projetada para atender grupos de trabalho de todos os portes, a multifuncional IR1643iF possui o desempenho veloz, baix\u00edssima manuten\u00e7\u00e3o e a possibilidade de expandir a capacidade de papel para grupos atarefados. Uma tela\u00a0Touch screen\u00a0colorida de 5&#8243; proporciona uma experi\u00eancia intuitiva do usu\u00e1rio e pode ser personalizada por um administrador do dispositivo para simplificar muitas das tarefas di\u00e1rias.<\/p>\n","protected":false},"excerpt":{"rendered":"<p>Caracter\u00edstica<\/p>\n<ul>\n<li><a name=\"_dx_frag_StartFragment\"><\/a>Velocidade de at\u00e9 45ppm;<\/li>\n<li>Primeira p\u00e1gina em menos de 6 s;<\/li>\n<li>Gaveta para 550 folhas;<\/li>\n<li>Fax e Wifi;<\/li>\n<li>Scanner passagem \u00fanica;<\/li>\n<li>ID para 300 usu\u00e1rios com controle de c\u00f3pia, impress\u00e3o e digitaliza\u00e7\u00e3o;<\/li>\n<li>Toner e cilindro juntos;<\/li>\n<li>2 processadores de 800MHz.<\/li>\n<li>PCL6, PCL5, Adobe PostScript 3;<\/li>\n<li>Tecnologia NFC.<\/li>\n<\/ul>\n","protected":false},"featured_media":23250,"comment_status":"closed","ping_status":"closed","template":"","meta":{"_joinchat":[]},"product_brand":[],"product_cat":[170],"product_tag":[],"class_list":{"0":"post-23249","1":"product","2":"type-product","3":"status-publish","6":"product_cat-multifuncional-laser-pb","8":"first","9":"instock","10":"taxable","11":"shipping-taxable","12":"product-type-simple"},"_links":{"self":[{"href":"https:\/\/furlanjet.com.br\/index.php?rest_route=\/wp\/v2\/product\/23249","targetHints":{"allow":["GET"]}}],"collection":[{"href":"https:\/\/furlanjet.com.br\/index.php?rest_route=\/wp\/v2\/product"}],"about":[{"href":"https:\/\/furlanjet.com.br\/index.php?rest_route=\/wp\/v2\/types\/product"}],"replies":[{"embeddable":true,"href":"https:\/\/furlanjet.com.br\/index.php?rest_route=%2Fwp%2Fv2%2Fcomments&post=23249"}],"version-history":[{"count":0,"href":"https:\/\/furlanjet.com.br\/index.php?rest_route=\/wp\/v2\/product\/23249\/revisions"}],"wp:featuredmedia":[{"embeddable":true,"href":"https:\/\/furlanjet.com.br\/index.php?rest_route=\/wp\/v2\/media\/23250"}],"wp:attachment":[{"href":"https:\/\/furlanjet.com.br\/index.php?rest_route=%2Fwp%2Fv2%2Fmedia&parent=23249"}],"wp:term":[{"taxonomy":"product_brand","embeddable":true,"href":"https:\/\/furlanjet.com.br\/index.php?rest_route=%2Fwp%2Fv2%2Fproduct_brand&post=23249"},{"taxonomy":"product_cat","embeddable":true,"href":"https:\/\/furlanjet.com.br\/index.php?rest_route=%2Fwp%2Fv2%2Fproduct_cat&post=23249"},{"taxonomy":"product_tag","embeddable":true,"href":"https:\/\/furlanjet.com.br\/index.php?rest_route=%2Fwp%2Fv2%2Fproduct_tag&post=23249"}],"curies":[{"name":"wp","href":"https:\/\/api.w.org\/{rel}","templated":true}]}}