{"id":23241,"date":"2019-11-09T08:07:40","date_gmt":"2019-11-09T11:07:40","guid":{"rendered":"http:\/\/furlanjet.com.br\/?post_type=product&#038;p=23241"},"modified":"2019-11-09T08:11:38","modified_gmt":"2019-11-09T11:11:38","slug":"multifuncional-laser-mono-ecosys-m4125idn-kyocera","status":"publish","type":"product","link":"https:\/\/furlanjet.com.br\/?product=multifuncional-laser-mono-ecosys-m4125idn-kyocera","title":{"rendered":"Multifuncional Laser Mono ECOSYS M4125idn &#8211; Kyocera"},"content":{"rendered":"<p>Multifuncional Laser Mono ECOSYS M4125idn &#8211; Kyocera<\/p>\n<p>&nbsp;<\/p>\n<p>A multifuncional laser ECOSYS M4125idn oferece funcionalidades e uma qualidade de impress\u00e3o monocrom\u00e1tica de alto n\u00edvel aos escrit\u00f3rios e grupos de trabalho que buscam um equipamento multifuncional compacto. Com seu desempenho \u00e9 poss\u00edvel obter velocidades de impress\u00e3o de at\u00e9 25 p\u00e1ginas por minuto e capacidade de tamanhos de pap\u00e9is de A6 at\u00e9 A3. Os recursos podem ser aprimorados por meio de avan\u00e7ados aplicativos de neg\u00f3cios, permitindo que o dispositivo se adapte \u00e0s suas necessidades. Projetado com a avan\u00e7ada tecnologia ECOSYS da KYOCERA, este equipamento oferece confiabilidade e durabilidade aos escrit\u00f3rios ecologicamente conscientes, com um baixo custo total de propriedade (TCO), garantindo que suas demandas de manuseio de documentos digitais sejam atendidas e que os resultados finais sejam satisfat\u00f3rios.<\/p>\n<p>&nbsp;<\/p>\n<p>\u2022 At\u00e9 25 p\u00e1ginas A4 por minuto monocrom\u00e1tico<\/p>\n<p>\u2022 Tela sens\u00edvel ao toque de 4,3\u201d (11 cm) colorida de f\u00e1cil utiliza\u00e7\u00e3o<\/p>\n<p>\u2022 Compat\u00edvel com a tecnologia HyPAS para executar os aplicativos de neg\u00f3cios da KYOCERA<\/p>\n<p>\u2022 Qualidade de impress\u00e3o de 1.200 x 1.200 dpi<\/p>\n<p>\u2022 Capacidade de papel para at\u00e9 1.600 folhas<\/p>\n<p>\u2022 Interface padr\u00e3o USB Host para impress\u00e3o e digitaliza\u00e7\u00e3o m\u00f3veis<\/p>\n<p>\u2022 Compat\u00edvel com os aplicativos Apple AirPrint\u00ae, Google Cloud Print\u2122, Mopria\u00ae e KYOCERA Mobile Print, oferecendo conectividade a qualquer momento e em qualquer lugar<\/p>\n<p>\u2022 A compatibilidade de Comunica\u00e7\u00e3o por Campo de Proximidade (NFC) padr\u00e3o, para dispositivos Android e Wi-Fi Direct, fornece uma conveni\u00eancia adicional para dispositivos inteligentes<\/p>\n<p>\u2022 Compat\u00edvel com o KYOCERA Fleet Services, um sistema de monitoramento baseado em nuvem, que otimiza o tempo de funcionamento do dispositivo e reduz custos operacionais<\/p>\n","protected":false},"excerpt":{"rendered":"<p>ESPECIFICA\u00c7\u00d5ES B\u00c1SICAS<\/p>\n<p>Configura\u00e7\u00f5es:\u00a0Multifuncional a laser monocrom\u00e1tico A3 \u2013 Impress\u00e3o\/C\u00f3pia\/Digitaliza\u00e7\u00e3o\/Fax opcional<\/p>\n<p>P\u00e1ginas por minuto:\u00a0A4\/Carta: 25 ppm, Of\u00edcio: 12 ppm, A3\/Carta, dupla: 12 ppm<\/p>\n<p>Tempo de aquecimento:\u00a021 seg.<\/p>\n<p>Primeira impress\u00e3o:\u00a0Impress\u00e3o\/C\u00f3pia: 5,8 segundos<\/p>\n<p>Visor:\u00a0Tela sens\u00edvel ao toque de 4,3\u201d (11 cm)<\/p>\n<p>Painel:\u00a0com multi-linguagem e Portugu\u00eas brasileiro<\/p>\n<p>Resolu\u00e7\u00e3o:\u00a01.200 x 1.200 dpi, 600 x 600 dpi;<\/p>\n<p>Mem\u00f3ria (RAM):\u00a0Padr\u00e3o de 1 GB, expans\u00edvel at\u00e9 3 GB<\/p>\n<p>Unidade de disco r\u00edgido:\u00a0HD-6 opcional (32 GB SSD); HD-7 opcional (128 GB SSD)<\/p>\n<p>Impress\u00e3o frente e verso:\u00a0Impress\u00e3o frente e verso sem empilhamento padr\u00e3o, com suporte a pap\u00e9is de A5 at\u00e9 A3, 60 a 163 g\/m<sup>2<\/sup><\/p>\n<p>Requisitos el\u00e9tricos:\u00a0120V, 60Hz, 9,8A;<\/p>\n<p>Consumo el\u00e9trico t\u00edpico (TEC):\u00a0120V: 1,01 kWh\/semana;<\/p>\n<p>Dimens\u00f5es:\u00a059 cm (L) x 59 cm (P) x 69 cm (A) &#8211;\u00a0Peso:\u00a049 kg<\/p>\n<p>Ciclo de funcionamento mensal m\u00e1ximo:\u00a080.000 p\u00e1ginas por m\u00eas<\/p>\n<p>Observa\u00e7\u00f5es:<\/p>\n<p>Todas as informa\u00e7\u00f5es divulgadas s\u00e3o de total responsabilidade do fabricante.<\/p>\n<p>Imagens meramente ilustrativas.<\/p>\n","protected":false},"featured_media":23242,"comment_status":"closed","ping_status":"closed","template":"","meta":{"_joinchat":[]},"product_brand":[],"product_cat":[170],"product_tag":[],"class_list":{"0":"post-23241","1":"product","2":"type-product","3":"status-publish","6":"product_cat-multifuncional-laser-pb","8":"first","9":"instock","10":"taxable","11":"shipping-taxable","12":"product-type-simple"},"_links":{"self":[{"href":"https:\/\/furlanjet.com.br\/index.php?rest_route=\/wp\/v2\/product\/23241","targetHints":{"allow":["GET"]}}],"collection":[{"href":"https:\/\/furlanjet.com.br\/index.php?rest_route=\/wp\/v2\/product"}],"about":[{"href":"https:\/\/furlanjet.com.br\/index.php?rest_route=\/wp\/v2\/types\/product"}],"replies":[{"embeddable":true,"href":"https:\/\/furlanjet.com.br\/index.php?rest_route=%2Fwp%2Fv2%2Fcomments&post=23241"}],"version-history":[{"count":0,"href":"https:\/\/furlanjet.com.br\/index.php?rest_route=\/wp\/v2\/product\/23241\/revisions"}],"wp:featuredmedia":[{"embeddable":true,"href":"https:\/\/furlanjet.com.br\/index.php?rest_route=\/wp\/v2\/media\/23242"}],"wp:attachment":[{"href":"https:\/\/furlanjet.com.br\/index.php?rest_route=%2Fwp%2Fv2%2Fmedia&parent=23241"}],"wp:term":[{"taxonomy":"product_brand","embeddable":true,"href":"https:\/\/furlanjet.com.br\/index.php?rest_route=%2Fwp%2Fv2%2Fproduct_brand&post=23241"},{"taxonomy":"product_cat","embeddable":true,"href":"https:\/\/furlanjet.com.br\/index.php?rest_route=%2Fwp%2Fv2%2Fproduct_cat&post=23241"},{"taxonomy":"product_tag","embeddable":true,"href":"https:\/\/furlanjet.com.br\/index.php?rest_route=%2Fwp%2Fv2%2Fproduct_tag&post=23241"}],"curies":[{"name":"wp","href":"https:\/\/api.w.org\/{rel}","templated":true}]}}