{"id":23238,"date":"2019-11-09T08:03:38","date_gmt":"2019-11-09T11:03:38","guid":{"rendered":"http:\/\/furlanjet.com.br\/?post_type=product&#038;p=23238"},"modified":"2019-11-09T08:06:48","modified_gmt":"2019-11-09T11:06:48","slug":"multifuncional-mono-ecosys-m3655idn-kyocera","status":"publish","type":"product","link":"https:\/\/furlanjet.com.br\/?product=multifuncional-mono-ecosys-m3655idn-kyocera","title":{"rendered":"Multifuncional Mono ECOSYS M3655idn &#8211; Kyocera"},"content":{"rendered":"<p>A\u00a0ECOSYS M3655idn\u00a0\u00e9 uma solu\u00e7\u00e3o completa para otimiza\u00e7\u00e3o de fluxos de impress\u00e3o de documentos. Este equipamentos oferece velocidade de at\u00e9 57 ppm, combinada a um desempenho impressionante, atendendo a todas as necessidades de impress\u00e3o, c\u00f3pia, digitaliza\u00e7\u00e3o colorida e fax. Al\u00e9m disso, possui processador de documentos de digitaliza\u00e7\u00e3o dupla passagem \u00fanica, alta capacidade de impress\u00e3o e fun\u00e7\u00f5es e funcionalidades acess\u00e1veis por meio da interface da tela de toque (touchscreen) de 7 polegadas. Os aplicativos de neg\u00f3cios impulsionam a produtividade com impress\u00e3o e digitaliza\u00e7\u00e3o seguras, al\u00e9m de solu\u00e7\u00f5es projetadas para se adequar aos seus fluxos de trabalhos espec\u00edficos, proporcionando \u00e0 sua empresa a vantagem de um baixo custo total de propriedade.<\/p>\n<p>&nbsp;<\/p>\n<p><strong>*Este equipamento n\u00e3o realiza impress\u00e3o em papel transfer.*<\/strong><\/p>\n","protected":false},"excerpt":{"rendered":"<p>CARACTER\u00cdSTICAS<\/p>\n<p>&nbsp;<\/p>\n<p>&#8211; At\u00e9 55 p\u00e1ginas por minuto A4;<\/p>\n<p>&#8211; Componentes de longa dura\u00e7\u00e3o para maior fiabilidade;<\/p>\n<p>&#8211; Desepenho compacto, todas as funcionalidades;<\/p>\n<p>&#8211; Impress\u00e3o duplex, c\u00f3pia, digitaliza\u00e7\u00e3o e fax standard;<\/p>\n<p>&#8211; Painel touchscreen a cores de 7 polegadas;<\/p>\n<p>&#8211; Baixo consumo de energia;<\/p>\n<p>&#8211; Plataforma HyPAS para f\u00e1cil personaliza\u00e7\u00e3o;<\/p>\n<p>&#8211; Digitaliza\u00e7\u00e3o suave e r\u00e1pida com o alimentador de digitaliza\u00e7\u00e3o Duplex de passagem \u00fanica;<\/p>\n<p>&#8211; PDF pesquis\u00e1vel e Scan para MS Office com Scan Extension Kit opciona.<\/p>\n<p>&nbsp;<\/p>\n<p>ESPECIFICA\u00c7\u00d5ES DA IMPRESSORA<\/p>\n<p>&nbsp;<\/p>\n<p>Processador padr\u00e3o:\u00a0ARM Cortex-A9 1.200MHz;<\/p>\n<p>PDLs\/Emula\u00e7\u00f5es:\u00a0PRESCRIBE, PCL6 (PCL-XL\/PCL-5c), KPDL3 (PS3, compat\u00edvel com AES, PDF Impress\u00e3o Direta), XPS, OpenXPS (compat\u00edvel com TIFF\/JPEG Impress\u00e3o Direta), IBM Proprinter, Line Print;<\/p>\n<p>Fontes:\u00a0Contorno: 93 fontes (PCL6\/KPDL3), 8 fontes (Windows\/ Vista); Bitmap: 1 fonte, 79 fontes de contorno;<\/p>\n<p>C\u00f3digo de barras:\u00a0Unidimensional: 45; Bidimensional: PDF417 1;<\/p>\n<p>Compatibilidade com o S.O. Windows:\u00a0Windows 7\/8\/8.1\/10\/ Server 2008\/Server 2008 R2\/Server 2012\/Server 2012 R2\/ Server 2016;<\/p>\n<p>Compatibilidade com o S.O. Mac:\u00a0Mac OS X v10.5 ou posterior;<\/p>\n<p>Interfaces:\u00a010\/100\/1000BaseTX, 1 USB 2.0 de alta velocidade, 1 USB 2.0 host de alta velocidade, 1 slot de expans\u00e3o; Opcional: IB-36 LAN sem fi o (alcance de aprox. 30 m e Wi-Fi Direct), IB-50 Dual LAN NIC;<\/p>\n<p>Impress\u00e3o m\u00f3vel:\u00a0KYOCERA Mobile Print\u2122, KYOCERA Mobile Print\u2122 for Students, KYOCERA MyPanel, Apple AirPrint\u00ae1, Wi-Fi Direct1, Google Cloud Print\u2122, Mopria\u00ae;<\/p>\n<p>Impress\u00e3o em rede e protocolos compat\u00edveis:\u00a0TCP\/IP, IPv4, IPv6, NetBEUI, FTP, LPR, Port9100, Apple Bonjour, IPP, WSD Scan\/Print, DHCP, DNS, PNP USB, LDAP, SMTP, PDF Impress\u00e3o Direta, PnP-X (WS-Discovery para WSD Print Service);<\/p>\n<p>Drivers:\u00a0KX Driver, KX(XPS) Driver, PCL Mini Driver, KPDL Mini Driver, Network FAX Driver, TWAIN Driver, WIA Driver, MAC Driver, Linux Driver;<\/p>\n<p>Utilit\u00e1rios:\u00a0KYOCERA Net Impress\u00e3o Direta, utilit\u00e1rio de gerenciamento de arquivos, KYOCERA Print Center, KYOCERA Net Admin, KYOCERA Net Viewer, registro de ID, configura\u00e7\u00e3o.<\/p>\n<p>SUPRIMENTOS<\/p>\n<p>Toner Preto:\u00a0TK-3182 para 21.000 p\u00e1ginas* &#8211; Acompanha toner para at\u00e9 10.000 p\u00e1ginas*;<\/p>\n<p>Kit Manuten\u00e7\u00e3o:\u00a0MK-3302 &#8211; 500.000 p\u00e1ginas.<\/p>\n","protected":false},"featured_media":23240,"comment_status":"closed","ping_status":"closed","template":"","meta":{"_joinchat":[]},"product_brand":[],"product_cat":[170],"product_tag":[],"class_list":{"0":"post-23238","1":"product","2":"type-product","3":"status-publish","6":"product_cat-multifuncional-laser-pb","8":"first","9":"instock","10":"taxable","11":"shipping-taxable","12":"product-type-simple"},"_links":{"self":[{"href":"https:\/\/furlanjet.com.br\/index.php?rest_route=\/wp\/v2\/product\/23238","targetHints":{"allow":["GET"]}}],"collection":[{"href":"https:\/\/furlanjet.com.br\/index.php?rest_route=\/wp\/v2\/product"}],"about":[{"href":"https:\/\/furlanjet.com.br\/index.php?rest_route=\/wp\/v2\/types\/product"}],"replies":[{"embeddable":true,"href":"https:\/\/furlanjet.com.br\/index.php?rest_route=%2Fwp%2Fv2%2Fcomments&post=23238"}],"version-history":[{"count":0,"href":"https:\/\/furlanjet.com.br\/index.php?rest_route=\/wp\/v2\/product\/23238\/revisions"}],"wp:featuredmedia":[{"embeddable":true,"href":"https:\/\/furlanjet.com.br\/index.php?rest_route=\/wp\/v2\/media\/23240"}],"wp:attachment":[{"href":"https:\/\/furlanjet.com.br\/index.php?rest_route=%2Fwp%2Fv2%2Fmedia&parent=23238"}],"wp:term":[{"taxonomy":"product_brand","embeddable":true,"href":"https:\/\/furlanjet.com.br\/index.php?rest_route=%2Fwp%2Fv2%2Fproduct_brand&post=23238"},{"taxonomy":"product_cat","embeddable":true,"href":"https:\/\/furlanjet.com.br\/index.php?rest_route=%2Fwp%2Fv2%2Fproduct_cat&post=23238"},{"taxonomy":"product_tag","embeddable":true,"href":"https:\/\/furlanjet.com.br\/index.php?rest_route=%2Fwp%2Fv2%2Fproduct_tag&post=23238"}],"curies":[{"name":"wp","href":"https:\/\/api.w.org\/{rel}","templated":true}]}}