{"id":23236,"date":"2019-11-09T08:00:46","date_gmt":"2019-11-09T11:00:46","guid":{"rendered":"http:\/\/furlanjet.com.br\/?post_type=product&#038;p=23236"},"modified":"2019-11-20T10:27:17","modified_gmt":"2019-11-20T13:27:17","slug":"multifuncional-laser-mono-ecosys-m2040dn-kyocera","status":"publish","type":"product","link":"https:\/\/furlanjet.com.br\/?product=multifuncional-laser-mono-ecosys-m2040dn-kyocera","title":{"rendered":"Multifuncional Laser Mono Ecosys M2040DN &#8211; Kyocera"},"content":{"rendered":"<p>A impressora multifuncional\u00a0ECOSYS M2040dn\/L\u00a0oferece qualidade excepcional de impress\u00e3o, c\u00f3pias, digitaliza\u00e7\u00e3o e fun\u00e7\u00f5es avan\u00e7adas em um dispositivo de mesa projetado para as empresas com consci\u00eancia ecol\u00f3gica e um pre\u00e7o acess\u00edvel. Com velocidades de impress\u00e3o de at\u00e9 42 ppm, fun\u00e7\u00f5es avan\u00e7adas de seguran\u00e7a e acessibilidade, impress\u00e3o\/digitaliza\u00e7\u00e3o USB, a\u00a0ECOSYS M2040dn\/L\u00a0executa as suas tarefas de impress\u00e3o, c\u00f3pias e digitaliza\u00e7\u00e3o, com precis\u00e3o e economia inigual\u00e1vel.<\/p>\n<p>&nbsp;<\/p>\n<p><strong>*Este equipamento n\u00e3o realiza impress\u00e3o em papel transfer.*<\/strong><\/p>\n","protected":false},"excerpt":{"rendered":"<p>Especifica\u00e7\u00f5es b\u00e1sicas<\/p>\n<p>&nbsp;<\/p>\n<p>&#8211; Configura\u00e7\u00f5es: Impressora multifuncional monocrom\u00e1tica a laser &#8211; press\u00e3o\/C\u00f3pia\/Digitaliza\u00e7\u00e3o em cores<\/p>\n<p>&#8211; P\u00e1ginas por minuto (ppm): Carta: 42 ppm; Of\u00edcio: 34 ppm; A4: 40 ppm<\/p>\n<p>&#8211; Visor: Painel de controle com visor LCD de 5 linhas com teclado f\u00edsico<\/p>\n<p>&#8211; Tempo de aquecimento: 20 segundos ou menos (em funcionamento), 10 segundos ou menos a partir do modo de espera (stand by)<\/p>\n<p>&#8211; Primeira impress\u00e3o: C\u00f3pia\/Impress\u00e3o: At\u00e9 6,4 segundos<\/p>\n<p>&#8211; Resolu\u00e7\u00e3o: 1.200 x 1.200 dpi, 600 x 600 dpi, 300 x 300 dpi<\/p>\n<p>&#8211; Mem\u00f3ria: Padr\u00e3o: 512 MB, expans\u00edvel at\u00e9 1,5 GB<\/p>\n<p>&#8211; Duplex: Impress\u00e3o frente e verso sem empilhamento padr\u00e3o, com suporte a pap\u00e9is do tipo A5, meio of\u00edcio, A4 at\u00e9 of\u00edcio (14 cm x 22 cm &#8211; 22\u00a0cm x 36 cm), de 60 a 163 g\/m2<\/p>\n<p>&#8211; Dimens\u00f5es\/Peso: 41 cm (L) x 41 cm (P) x 33 cm (A)\/21 kg<\/p>\n<p>&#8211; Ciclo de funcionamento mensal m\u00e1ximo: 80.000 p\u00e1ginas por m\u00eas<\/p>\n<p>&nbsp;<\/p>\n<p>Especifica\u00e7\u00f5es de impress\u00e3o<\/p>\n<p>&nbsp;<\/p>\n<p>&#8211; Processador padr\u00e3o: Cortex-A9 800MHz<\/p>\n<p>&#8211; PDLs\/Emula\u00e7\u00f5es: PRESCRIBE, PCL6 (PCL-XL\/PCL-5e), KPDL3 (PS3), PDF, PDF Direct Printing, XPS, OpenXPS, TIFF, JPEG<\/p>\n<p>&#8211; Fontes: 93 fontes PCL 6\/KPDL3, 8 fontes Windows\/Vista, 1 Bitmap<\/p>\n<p>&#8211; Compatibilidade com o S.O. Windows: Windows Server 2003, Windows Server 2008, Windows Server 2008 R2, Windows Server 2012, Windows Server 2012 R2, Windows XP, Windows Vista, Windows 7, Windows 8, Windows 8.1, Windows 10; Linux<\/p>\n<p>&#8211; Compatibilidade com o S.O. Mac: Apple Macintosh OS X 10.5 ou superior<\/p>\n<p>&#8211; Interfaces: 10\/100\/1000BaseTX, Hi-Speed USB 2.0, 1 USB Host<\/p>\n<p>&#8211; Impress\u00e3o m\u00f3vel: Apple AirPrint\u00ae, Google Cloud Print\u2122, KYOCERA Mobile Print, Mopria\u00ae<\/p>\n<p>&#8211; Impress\u00e3o em rede e protocolos suportados: TCP\/IP, IPv4, IPv6, NetBEUI, FTP, LPR, Port9100, AppleBonjour, IPP, WSD Print\/Scan, DHCP, DNS, LDAP, SNMP, HTTP, SMTP, PDF Direct Print (usando recursos KYOCERA NET Direct Print)<\/p>\n<p>&#8211; Drivers: KX Driver, KX(XPS) Driver, PCL Mini Driver, KPDL Mini Driver, Network Fax Driver, TWAIN Driver, WIA Driver, MAC Driver, Linux Driver<\/p>\n<p>&#8211; Utilit\u00e1rios: KYOCERA Net Direct Print, utilit\u00e1rio de gerenciamento de arquivos, KYOCERA Mobile Print, KYOCERA Print Center, KYOCERA Net Admin, KYOCERA Net Viewer, ajuste r\u00e1pido, menu de manuten\u00e7\u00e3o, KYOCERA Net Manager (Basic), ID Register, servi\u00e7o de gerenciamento de Software, Upgrade Studio, Web Package Builder, Web Package Maker, ferramenta de remo\u00e7\u00e3o, ferramenta de configura\u00e7\u00e3o<\/p>\n<p>&#8211; Fun\u00e7\u00f5es adicionais de impress\u00e3o: EcoPrint (rascunho); impress\u00e3o confidencial; teste e reten\u00e7\u00e3o; c\u00f3pia r\u00e1pida1 e armazenamento de trabalhos1<\/p>\n<p>&nbsp;<\/p>\n<p>Alimenta\u00e7\u00e3o de papel<\/p>\n<p>&nbsp;<\/p>\n<p>&#8211; Fontes de papel padr\u00e3o: Bandeja \u00fanica para 250 folhas, bandeja multiuso para 100 folhas<\/p>\n<p>&#8211; Padr\u00e3o\/M\u00e1ximo de fontes de papel: 2\/4 incluindo bandeja multiuso<\/p>\n<p>&#8211; Padr\u00e3o\/Capacidade m\u00e1xima de papel: 350 folhas\/850 folhas<\/p>\n<p>&#8211; Tamanho do papel: Bandejas padr\u00e3o\/Opcional\/Multiuso (MPT): A5, Meio carta, A4 at\u00e9 of\u00edcio (14 cm x 22 cm \u2013 22 cm x 36 cm)<\/p>\n<p>&#8211; Gramatura: Bandejas padr\u00e3o\/Opcional: de 60 &#8211; 163 g\/m2 ; MTP: de 60 &#8211; 220 g\/m2<\/p>\n<p>&#8211; Capacidade da bandeja de sa\u00edda de impress\u00e3o padr\u00e3o: 150 fls<\/p>\n<p>&#8211; Materiais de entrada: Bandejas padr\u00e3o\/Opcional: Papel comum, papel Bond, reciclado, velino, verg\u00ea, timbrado; MPT: Papel comum, etiquetas, papel Bond, reciclado, velino, timbrado, transpar\u00eancias, envelopes<\/p>\n<p>Suprimentos<\/p>\n<p>&#8211; Toner: Toner Preto &#8211; TK-1175 &#8211; 12.0003 impress\u00f5es<\/p>\n<p>&#8211; Acompanha toner inicial para at\u00e9 3.6003 impress\u00f5es<\/p>\n","protected":false},"featured_media":23237,"comment_status":"closed","ping_status":"closed","template":"","meta":{"_joinchat":[]},"product_brand":[],"product_cat":[170],"product_tag":[],"class_list":{"0":"post-23236","1":"product","2":"type-product","3":"status-publish","6":"product_cat-multifuncional-laser-pb","8":"first","9":"instock","10":"taxable","11":"shipping-taxable","12":"product-type-simple"},"_links":{"self":[{"href":"https:\/\/furlanjet.com.br\/index.php?rest_route=\/wp\/v2\/product\/23236","targetHints":{"allow":["GET"]}}],"collection":[{"href":"https:\/\/furlanjet.com.br\/index.php?rest_route=\/wp\/v2\/product"}],"about":[{"href":"https:\/\/furlanjet.com.br\/index.php?rest_route=\/wp\/v2\/types\/product"}],"replies":[{"embeddable":true,"href":"https:\/\/furlanjet.com.br\/index.php?rest_route=%2Fwp%2Fv2%2Fcomments&post=23236"}],"version-history":[{"count":0,"href":"https:\/\/furlanjet.com.br\/index.php?rest_route=\/wp\/v2\/product\/23236\/revisions"}],"wp:featuredmedia":[{"embeddable":true,"href":"https:\/\/furlanjet.com.br\/index.php?rest_route=\/wp\/v2\/media\/23237"}],"wp:attachment":[{"href":"https:\/\/furlanjet.com.br\/index.php?rest_route=%2Fwp%2Fv2%2Fmedia&parent=23236"}],"wp:term":[{"taxonomy":"product_brand","embeddable":true,"href":"https:\/\/furlanjet.com.br\/index.php?rest_route=%2Fwp%2Fv2%2Fproduct_brand&post=23236"},{"taxonomy":"product_cat","embeddable":true,"href":"https:\/\/furlanjet.com.br\/index.php?rest_route=%2Fwp%2Fv2%2Fproduct_cat&post=23236"},{"taxonomy":"product_tag","embeddable":true,"href":"https:\/\/furlanjet.com.br\/index.php?rest_route=%2Fwp%2Fv2%2Fproduct_tag&post=23236"}],"curies":[{"name":"wp","href":"https:\/\/api.w.org\/{rel}","templated":true}]}}