{"id":23229,"date":"2019-11-09T07:54:12","date_gmt":"2019-11-09T10:54:12","guid":{"rendered":"http:\/\/furlanjet.com.br\/?post_type=product&#038;p=23229"},"modified":"2019-11-09T07:57:34","modified_gmt":"2019-11-09T10:57:34","slug":"multifuncional-mono-fs-1020mfp-kyocera","status":"publish","type":"product","link":"https:\/\/furlanjet.com.br\/?product=multifuncional-mono-fs-1020mfp-kyocera","title":{"rendered":"Multifuncional Mono FS-1020MFP &#8211; Kyocera"},"content":{"rendered":"<p>Com uma velocidade de impress\u00e3o r\u00e1pida de 20 ppm, a\u00a0ECOSYS FS-1020MFP\u00a0fornece funcionalidade excepcional para os usu\u00e1rios com impress\u00e3o, c\u00f3pia e digitaliza\u00e7\u00e3o a cores como padr\u00e3o em um design compacto f\u00e1cil de posi\u00e7\u00e3o em qualquer \u00e1rea de trabalho A avan\u00e7ada tecnologia ECOSYS permite incorporar o tambor como parte integral da impressora, raz\u00e3o pela qual n\u00e3o \u00e9 preciso mud\u00e1-lo cada vez que se troca o toner, al\u00e9m disso a\u00a0ECOSYS FS-1020MFP, possui consum\u00edveis e componentes de longa dura\u00e7\u00e3o que representam economia significativa e reduzem o custo total de propriedade.<\/p>\n<p>&nbsp;<\/p>\n<p><strong>*Este equipamento n\u00e3o realiza impress\u00e3o em papel transfer.*<\/strong><\/p>\n","protected":false},"excerpt":{"rendered":"<p>Especifica\u00e7\u00f5es B\u00e1sicas<\/p>\n<p>&nbsp;<\/p>\n<p>&#8211; Configura\u00e7\u00e3o: Impressoras Multifuncionais em Preto e Branco &#8211; C\u00f3pia, impress\u00e3o e digitaliza\u00e7\u00e3o em cores padr\u00e3o<\/p>\n<p>&#8211; P\u00e1ginas por minuto: A4: 20 ppm\/ Carta: 21 ppm<\/p>\n<p>&#8211; Tempo de aquecimento: 20 segundos ou menos<\/p>\n<p>&#8211; Tempo de sa\u00edda da primeira impress\u00e3o: 8.5 segundos ou menos<\/p>\n<p>&#8211; Resolu\u00e7\u00e3o: Fast 1200 (1800 x 600 dpi), 600 x 600 dpi<\/p>\n<p>&#8211; Mem\u00f3ria (Padr\u00e3o \/ M\u00e1xima): 64 MB\/64 MB<\/p>\n<p>&#8211; Requisitos El\u00e9tricos: 120V<\/p>\n<p>&#8211; N\u00edvel de ru\u00eddo (ISSO): 50 dB(A) Imprimindo<\/p>\n<p>&#8211; Ciclo m\u00e1ximo de trabalho mensal: 20.000 p\u00e1ginas<\/p>\n<p>&#8211; Suprimento de Papel<\/p>\n<p>&#8211; Fontes de papel padr\u00e3o: Bandeja de 250 folhas<\/p>\n<p>&#8211; Capacidade de papel: 250 Folhas<\/p>\n<p>&#8211; Tamanho de papel: Carta, Legal, Statement, A4, 70.1mm x 148.1mm &#8211; 215.9mm x 356.1mm<\/p>\n<p>&#8211; Peso do papel: 60 &#8211; 220 g\/m<sup>2<\/sup><\/p>\n<p>&#8211; Materiais de impress\u00e3o aceitos: Papel comum, pr\u00e9-impresso, sulfite, reciclado, rascunho, papel timbrado, colorido, perfurado, de alta qualidade, etiquetas, pergaminho, envelopes, cartolina, papel grosso de tamanho personalizado<\/p>\n<p>&nbsp;<\/p>\n<p>Suprimento de papel<\/p>\n<p>&nbsp;<\/p>\n<p>&#8211;\u00a0Fontes de papel padr\u00e3o: Bandeja de 250 folhas<\/p>\n<p>&#8211;\u00a0Capacidade de papel: 250 Folhas<\/p>\n<p>&#8211;\u00a0Tamanho de papel: Carta, Legal, Statement, A4, 70.1mm x 148.1mm &#8211; 215.9mm x 356.1mm<\/p>\n<p>&#8211;\u00a0Peso de papel: Bond de 16 lb &#8211; Index de 120 lb (60 &#8211; 220 g\/m2)<\/p>\n<p>&#8211;\u00a0Materiais de impress\u00e3o aceitos: Papel comum, pr\u00e9-impresso, sulfite, reciclado, rascunho, papel timbrado, colorido, perfurado, de alta qualidade, etiquetas, pergaminho, envelopes, cartolina, papel grosso, de tamanho personalizado<\/p>\n<p>&nbsp;<\/p>\n<p>Especifica\u00e7\u00f5es da copiadora<\/p>\n<p>&nbsp;<\/p>\n<p>&#8211;\u00a0Modo de imagem: Texto, Foto, Texto\/Foto, Texto\/Foto (alta resolu\u00e7\u00e3o)<\/p>\n<p>&#8211;\u00a0Caracter\u00edsticas de c\u00f3pia adicionais: Sele\u00e7\u00e3o de tipos de papel, programa\u00e7\u00e3o de fun\u00e7\u00f5es, c\u00f3pia de 1 p\u00e1gina a muitas, c\u00f3pia de v\u00e1rias p\u00e1ginas em uma (N-up), modode economia de toner, classifica\u00e7\u00e3o, grupos, c\u00f3pia de cart\u00f5es de identidade, frente e verso manual.<\/p>\n<p>&#8211;\u00a0Amplia\u00e7\u00e3o \/ Zoom: Tamanho completo, 4 ajustes de redu\u00e7\u00e3o, 4 ajustes de amplia\u00e7\u00e3o pr\u00e9-definidos, aumentos, 25 &#8211; 400% aumentos de 1%<\/p>\n<p>Consum\u00edveis<\/p>\n<p>&#8211; Toner preto: TK-1112: Toner para 2.500 p\u00e1ginas*<\/p>\n<p>*De acordo com ISO 19752<\/p>\n","protected":false},"featured_media":23231,"comment_status":"closed","ping_status":"closed","template":"","meta":{"_joinchat":[]},"product_brand":[],"product_cat":[170],"product_tag":[],"class_list":{"0":"post-23229","1":"product","2":"type-product","3":"status-publish","6":"product_cat-multifuncional-laser-pb","8":"first","9":"instock","10":"taxable","11":"shipping-taxable","12":"product-type-simple"},"_links":{"self":[{"href":"https:\/\/furlanjet.com.br\/index.php?rest_route=\/wp\/v2\/product\/23229","targetHints":{"allow":["GET"]}}],"collection":[{"href":"https:\/\/furlanjet.com.br\/index.php?rest_route=\/wp\/v2\/product"}],"about":[{"href":"https:\/\/furlanjet.com.br\/index.php?rest_route=\/wp\/v2\/types\/product"}],"replies":[{"embeddable":true,"href":"https:\/\/furlanjet.com.br\/index.php?rest_route=%2Fwp%2Fv2%2Fcomments&post=23229"}],"version-history":[{"count":0,"href":"https:\/\/furlanjet.com.br\/index.php?rest_route=\/wp\/v2\/product\/23229\/revisions"}],"wp:featuredmedia":[{"embeddable":true,"href":"https:\/\/furlanjet.com.br\/index.php?rest_route=\/wp\/v2\/media\/23231"}],"wp:attachment":[{"href":"https:\/\/furlanjet.com.br\/index.php?rest_route=%2Fwp%2Fv2%2Fmedia&parent=23229"}],"wp:term":[{"taxonomy":"product_brand","embeddable":true,"href":"https:\/\/furlanjet.com.br\/index.php?rest_route=%2Fwp%2Fv2%2Fproduct_brand&post=23229"},{"taxonomy":"product_cat","embeddable":true,"href":"https:\/\/furlanjet.com.br\/index.php?rest_route=%2Fwp%2Fv2%2Fproduct_cat&post=23229"},{"taxonomy":"product_tag","embeddable":true,"href":"https:\/\/furlanjet.com.br\/index.php?rest_route=%2Fwp%2Fv2%2Fproduct_tag&post=23229"}],"curies":[{"name":"wp","href":"https:\/\/api.w.org\/{rel}","templated":true}]}}