{"id":23225,"date":"2019-11-09T07:49:09","date_gmt":"2019-11-09T10:49:09","guid":{"rendered":"http:\/\/furlanjet.com.br\/?post_type=product&#038;p=23225"},"modified":"2019-11-09T07:53:44","modified_gmt":"2019-11-09T10:53:44","slug":"multifuncional-mono-laser-fs-1025mfp-kyocera","status":"publish","type":"product","link":"https:\/\/furlanjet.com.br\/?product=multifuncional-mono-laser-fs-1025mfp-kyocera","title":{"rendered":"Multifuncional Mono Laser FS-1025MFP &#8211; KYOCERA"},"content":{"rendered":"<p>Com uma velocidade de impress\u00e3o r\u00e1pida de 25 ppm, a\u00a0ECOSYS FS-1025MFP\u00a0fornece funcionalidade excepcional para os usu\u00e1rios com impress\u00e3o, c\u00f3pia e digitaliza\u00e7\u00e3o a cores e duplex como padr\u00e3o em um design compacto f\u00e1cil de posi\u00e7\u00e3o em qualquer \u00e1rea de trabalho. Possui rede ethernet e alimentador de originais frente e verso.A avan\u00e7ada tecnologia\u00a0ECOSYS\u00a0permite incorporar na\u00a01025MFP, o tambor como parte integral da impressora, raz\u00e3o pela qual n\u00e3o \u00e9 preciso mud\u00e1-lo cada vez que se troca o toner.<\/p>\n<p>&nbsp;<\/p>\n<p><strong>*Este equipamento n\u00e3o realiza impress\u00e3o em papel transfer.*<\/strong><\/p>\n<p>&nbsp;<\/p>\n","protected":false},"excerpt":{"rendered":"<p>Especifica\u00e7\u00f5es b\u00e1sicas<\/p>\n<p>&nbsp;<\/p>\n<p>&#8211; Configura\u00e7\u00e3o: Impressoras Multifunctionais em Preto e Branco &#8211; C\u00f3pia, impress\u00e3o e digitaliza\u00e7\u00e3o em cores padr\u00e3o, e fax no modelo FS-1125MFP<\/p>\n<p>&#8211; P\u00e1ginas por minuto:<\/p>\n<ul>\n<li>Carta: 26 ppm<\/li>\n<li>A4: 25 ppm<\/li>\n<\/ul>\n<p>&#8211; Tempo de aquecimento: 23 segundos ou menos (FS-1025MFP) \/ 28 segundos ou menos (FS-1125MFP)<\/p>\n<p>&#8211; Tempo de sa\u00edda da primeira impress\u00e3o \/ c\u00f3pia: 7,5 segundos ou menos \/ 11 segundos ou menos<\/p>\n<p>&#8211; Resolu\u00e7\u00e3o: 600 x 600 dpi, Fast 1200 (1800 x 600 dpi)<\/p>\n<p>&#8211; Mem\u00f3ria (padr\u00e3o \/ m\u00e1xima): 64MB \/ 64MB<\/p>\n<p>&#8211; Duplex: Stackless padr\u00e3o<\/p>\n<p>&#8211; Requisitos El\u00e9tricos: 120V<\/p>\n<p>&#8211; N\u00edvel de ru\u00eddo (ISSO): 50 dB(A) imprimindo<\/p>\n<p>&#8211; Dimens\u00f5es \/ Peso (FS-1025MFP): 390mm L x 361mm P x 362mm A \/ 10.0 kg (FS-1025MFP), 10.1 kg (FS-1125MFP)<\/p>\n<p>&#8211; Ciclo m\u00e1ximo de trabalho mensal: 20.000 p\u00e1ginas<\/p>\n<p>&nbsp;<\/p>\n<p>Suprimento de papel<\/p>\n<p>&nbsp;<\/p>\n<p>&#8211; Fontes de papel padr\u00e3o: Bandeja de 250 folhas; MFT de 1 folha<\/p>\n<p>&#8211; Capacidade de papel: 250 folhas + 1 folha (MFT)<\/p>\n<p>&#8211; Tamanho de papel: Carta, legal, statement, A4, 70.1 mm x 148.1 mm &#8211; 215.9 mm x 356.1 mm<\/p>\n<p>&#8211; Peso de papel: Bond de 16 lb &#8211; Index 120 lb (60 &#8211; 220 g\/m\u00b2)<\/p>\n<p>&#8211; Materiais de impress\u00e3o aceitos: Papel comum, pr\u00e9-impresso, sulfite, reciclado, rascunho, papel timbrado, colorido, perfurado, de alta qualidade, etiquetas, pergaminho, envelopes, cartolina, papel grosso, de tamanho personalizado<\/p>\n<p>&nbsp;<\/p>\n<p>Duplex<\/p>\n<p>&nbsp;<\/p>\n<p>&#8211; Tamanho de papel Modo autom\u00e1tico: A4, Carta, Manual: A5, Statement (classifica\u00e7\u00e3o de<\/p>\n<p>dados pelo driver)<\/p>\n<p>&#8211; Pesos de papel Bond de 16 &#8211; 32 lb (60 &#8211; 120 g\/m\u00b2)<\/p>\n<p>&#8211; Modos duplex 1:2<\/p>\n<p>Consumiveis<\/p>\n<p>&#8211; Toner preto: TK-1122: Toner para 3.000 p\u00e1ginas*<\/p>\n<p>*De acordo com ISO 19752<\/p>\n","protected":false},"featured_media":23226,"comment_status":"closed","ping_status":"closed","template":"","meta":{"_joinchat":[]},"product_brand":[],"product_cat":[170],"product_tag":[],"class_list":{"0":"post-23225","1":"product","2":"type-product","3":"status-publish","6":"product_cat-multifuncional-laser-pb","8":"first","9":"instock","10":"taxable","11":"shipping-taxable","12":"product-type-simple"},"_links":{"self":[{"href":"https:\/\/furlanjet.com.br\/index.php?rest_route=\/wp\/v2\/product\/23225","targetHints":{"allow":["GET"]}}],"collection":[{"href":"https:\/\/furlanjet.com.br\/index.php?rest_route=\/wp\/v2\/product"}],"about":[{"href":"https:\/\/furlanjet.com.br\/index.php?rest_route=\/wp\/v2\/types\/product"}],"replies":[{"embeddable":true,"href":"https:\/\/furlanjet.com.br\/index.php?rest_route=%2Fwp%2Fv2%2Fcomments&post=23225"}],"version-history":[{"count":0,"href":"https:\/\/furlanjet.com.br\/index.php?rest_route=\/wp\/v2\/product\/23225\/revisions"}],"wp:featuredmedia":[{"embeddable":true,"href":"https:\/\/furlanjet.com.br\/index.php?rest_route=\/wp\/v2\/media\/23226"}],"wp:attachment":[{"href":"https:\/\/furlanjet.com.br\/index.php?rest_route=%2Fwp%2Fv2%2Fmedia&parent=23225"}],"wp:term":[{"taxonomy":"product_brand","embeddable":true,"href":"https:\/\/furlanjet.com.br\/index.php?rest_route=%2Fwp%2Fv2%2Fproduct_brand&post=23225"},{"taxonomy":"product_cat","embeddable":true,"href":"https:\/\/furlanjet.com.br\/index.php?rest_route=%2Fwp%2Fv2%2Fproduct_cat&post=23225"},{"taxonomy":"product_tag","embeddable":true,"href":"https:\/\/furlanjet.com.br\/index.php?rest_route=%2Fwp%2Fv2%2Fproduct_tag&post=23225"}],"curies":[{"name":"wp","href":"https:\/\/api.w.org\/{rel}","templated":true}]}}