{"id":23222,"date":"2019-11-09T07:43:16","date_gmt":"2019-11-09T10:43:16","guid":{"rendered":"http:\/\/furlanjet.com.br\/?post_type=product&#038;p=23222"},"modified":"2019-11-09T07:45:38","modified_gmt":"2019-11-09T10:45:38","slug":"multifuncional-taskalfa-2200-kyocera","status":"publish","type":"product","link":"https:\/\/furlanjet.com.br\/?product=multifuncional-taskalfa-2200-kyocera","title":{"rendered":"Multifuncional TaskAlfa 2200 &#8211; Kyocera"},"content":{"rendered":"<p>A premiada, ultra confi\u00e1vel e super duradora tecnologia da Kyocera faz com que a\u00a0TASKalfa 2200\u00a0tenha um rendimento superior, uma produtividade comprovada e m\u00e1xima efici\u00eancia. Quando se trata de inova\u00e7\u00e3o e qualidade no processamento de imagens de documentos, voc\u00ea pode confiar na\u00a0TASKalfa 2200. As configura\u00e7\u00f5es e fun\u00e7\u00f5es da\u00a0TASKalfa 2200\u00a0oferecem a flexibilidade necess\u00e1ria para escalar sua impressora multifuncional (MFP) segundo as necessidades espec\u00edficas de seu escrit\u00f3rio. \u00c9 um design cheio de caracter\u00edsticas, focado no valor e com a excepcional funcionalidade do scanner a cores.<\/p>\n<p>&nbsp;<\/p>\n","protected":false},"excerpt":{"rendered":"<p>Especifica\u00e7\u00f5es b\u00e1sicas<\/p>\n<p>&nbsp;<\/p>\n<p>&#8211; Configura\u00e7\u00e3o: Sistema Multifuncional em Preto e Branco. C\u00f3pia padr\u00e3o. Scanner TWAIN\/ Impress\u00e3o GDI.<\/p>\n<p>&#8211; P\u00e1ginas por Minuto: Tamanho A4: 22. Off\u00edcio:11 A3:10<\/p>\n<p>&#8211; Tempo de aquecimento: 17,2 segundos ou menos<\/p>\n<p>&#8211; Sa\u00edda da Primeira Impress\u00e3o: 5,7 segundos<\/p>\n<p>&#8211; Resolu\u00e7\u00e3o de c\u00f3pia: 600 x 600 dpi<\/p>\n<p>&#8211; C\u00f3pia\/Mem\u00f3ria do Scanner: 256 MB RAM<\/p>\n<p>&#8211; D\u00faplex: Op\u00e7\u00e3o para usar sem bandeja, de A5 a A3: 17 -28 lb Bond (64-105) g\/m2<\/p>\n<p>&#8211; Requisitos El\u00e9tricos: 120V<\/p>\n<p>&#8211; Dimens\u00f5es\/Peso: 56,5 cm (largura) x 52 cm (prof.) x 48 cm (altura) \/25 kg (mainframe)<\/p>\n<p>&nbsp;<\/p>\n<p>Fornecimento de papel<\/p>\n<p>&nbsp;<\/p>\n<p>&#8211; Fontes de Papel Padr\u00e3o: Bandeja universal de 300 folhas, bandeja multiprop\u00f3sito (MPT) de 100 folhas<\/p>\n<p>&#8211; Fontes de Papel Opcionais: Bandeja universal de 300 folhas (PF- 480)<\/p>\n<p>&#8211; Capacidade de Papel: Padr\u00e3o: 400 folhas; m\u00e1ximo: 1.300 folhas<\/p>\n<p>&#8211; Tamanho do Papel: De A5 a A3: (5,5&#8243; x 8,5&#8243; &#8211; 11&#8243; x 17&#8243;)<\/p>\n<p>&#8211; Densidade do Papel: 64 &#8211; 105 g\/m ; MPT: 45 &#8211; 160 g\/m2<\/p>\n<p>&#8211; Materiais de Impress\u00e3o Admitidos: Papel liso, bond, reciclado, cartolina<\/p>\n<p>&#8211; Sa\u00edda de Papel: at\u00e9 250 folhas<\/p>\n<p>&nbsp;<\/p>\n<p>Duplex opcional<\/p>\n<p>&nbsp;<\/p>\n<p>&#8211; Tamanho do Papel: A5 a A3 (5,5 \u201cx8,5\u201d \u2013 11 \u201cx17\u201d)(139,7 x 215,9 mm \u2013 279,4 x 431,8mm)<\/p>\n<p>&#8211; Peso do Papel: 64 &#8211; 105 g\/m2<\/p>\n<p>&#8211; Modos D\u00faplex: Padr\u00e3o: 1:2, 2:2; Livro: 2; Livro: 1; 2:1<\/p>\n","protected":false},"featured_media":23223,"comment_status":"closed","ping_status":"closed","template":"","meta":{"_joinchat":[]},"product_brand":[],"product_cat":[170],"product_tag":[],"class_list":{"0":"post-23222","1":"product","2":"type-product","3":"status-publish","6":"product_cat-multifuncional-laser-pb","8":"first","9":"instock","10":"taxable","11":"shipping-taxable","12":"product-type-simple"},"_links":{"self":[{"href":"https:\/\/furlanjet.com.br\/index.php?rest_route=\/wp\/v2\/product\/23222","targetHints":{"allow":["GET"]}}],"collection":[{"href":"https:\/\/furlanjet.com.br\/index.php?rest_route=\/wp\/v2\/product"}],"about":[{"href":"https:\/\/furlanjet.com.br\/index.php?rest_route=\/wp\/v2\/types\/product"}],"replies":[{"embeddable":true,"href":"https:\/\/furlanjet.com.br\/index.php?rest_route=%2Fwp%2Fv2%2Fcomments&post=23222"}],"version-history":[{"count":0,"href":"https:\/\/furlanjet.com.br\/index.php?rest_route=\/wp\/v2\/product\/23222\/revisions"}],"wp:featuredmedia":[{"embeddable":true,"href":"https:\/\/furlanjet.com.br\/index.php?rest_route=\/wp\/v2\/media\/23223"}],"wp:attachment":[{"href":"https:\/\/furlanjet.com.br\/index.php?rest_route=%2Fwp%2Fv2%2Fmedia&parent=23222"}],"wp:term":[{"taxonomy":"product_brand","embeddable":true,"href":"https:\/\/furlanjet.com.br\/index.php?rest_route=%2Fwp%2Fv2%2Fproduct_brand&post=23222"},{"taxonomy":"product_cat","embeddable":true,"href":"https:\/\/furlanjet.com.br\/index.php?rest_route=%2Fwp%2Fv2%2Fproduct_cat&post=23222"},{"taxonomy":"product_tag","embeddable":true,"href":"https:\/\/furlanjet.com.br\/index.php?rest_route=%2Fwp%2Fv2%2Fproduct_tag&post=23222"}],"curies":[{"name":"wp","href":"https:\/\/api.w.org\/{rel}","templated":true}]}}