{"id":23219,"date":"2019-11-09T07:40:37","date_gmt":"2019-11-09T10:40:37","guid":{"rendered":"http:\/\/furlanjet.com.br\/?post_type=product&#038;p=23219"},"modified":"2020-09-02T16:29:40","modified_gmt":"2020-09-02T19:29:40","slug":"multifuncional-monocromatica-mps5502mb-okidata","status":"publish","type":"product","link":"https:\/\/furlanjet.com.br\/?product=multifuncional-monocromatica-mps5502mb-okidata","title":{"rendered":"Multifuncional Monocrom\u00e1tica MPS5502MB &#8211; Okidata"},"content":{"rendered":"<p>A multifuncional\u00a0MPS5502mb\u00a0combina resultados de alta qualidade de maneira pr\u00e1tica, r\u00e1pida, confi\u00e1vel e de f\u00e1cil opera\u00e7\u00e3o. Um multifuncional compacto que cabe facilmente em seu ambiente. \u00c9 a solu\u00e7\u00e3o perfeita para grupos de trabalho de m\u00e9dio porte.\u00a0A OKI\u00a0MPS5502mb\u00a0\u00e9 r\u00e1pida: Faz c\u00f3pias e impress\u00f5es preto e branco em at\u00e9 55 p\u00e1ginas por minuto. A primeira p\u00e1gina impressa em apenas 5 segundos. Conta com alimentador autom\u00e1tico de documentos (RADF) capaz de digitalizar ambos os lados de um documento para altos ciclos de trabalho, podendo trabalhar com grandes volumes de copias e impress\u00f5es di\u00e1rias.<\/p>\n<p>&nbsp;<\/p>\n","protected":false},"excerpt":{"rendered":"<p>Caracter\u00edsticas b\u00e1sicas<\/p>\n<p>&nbsp;<\/p>\n<ul>\n<li>Velocidade de Impress\u00e3o: at\u00e9 55ppm\u00b9<\/li>\n<li>Capacidade padr\u00e3o de papel: 630 folhas<\/li>\n<li>Capacidade M\u00e1xima de Papel: 3160 folhas com opcionais<\/li>\n<li>Capacidade de Sa\u00edda: 500 folhas viradas para baixo<\/li>\n<li>Grampeador: Off line para at\u00e9 20 folhas<\/li>\n<li>Toner inicial: para at\u00e9 36 mil p\u00e1ginas<\/li>\n<\/ul>\n<p>&nbsp;<\/p>\n<p>Especifica\u00e7\u00f5es t\u00e9cnicas:<\/p>\n<p>&nbsp;<\/p>\n<p>&#8211; Impress\u00e3o monocrom\u00e1tica, c\u00f3pia, digitaliza\u00e7\u00e3o e fax<\/p>\n<p>&#8211; Processador de 1,2 GHz<\/p>\n<p>&#8211; Primeira p\u00e1gina impressa em at\u00e9 5 segundos1<\/p>\n<p>&#8211; Mem\u00f3ria padr\u00e3o \/ m\u00e1xima de 2GB<\/p>\n<p>&#8211; Disco r\u00edgido de 160 GB padr\u00e3o<\/p>\n<p>&#8211; Conex\u00e3o de rede Gigabit e USB de alta velocidade<\/p>\n<p>&#8211; Imprima e digitalize facilmente atrav\u00e9s de um pen drive<\/p>\n<p>&#8211; Bandeja Multi-prop\u00f3sito para 100 folhas<\/p>\n<p>&#8211; Impress\u00e3o e c\u00f3pia Duplex (frente e verso)<\/p>\n<p>&#8211; Resolu\u00e7\u00e3o de impress\u00e3o de at\u00e9 1200 x 1200 dpi<\/p>\n<p>&#8211; RADF &#8211; Alimentador autom\u00e1tico para digitaliza\u00e7\u00e3o frente e verso para at\u00e9 100 folhas.<\/p>\n<p>&#8211; Visor LCD touch screen de 9# para f\u00e1cil visualiza\u00e7\u00e3o e acesso \u00e0s fun\u00e7\u00f5es<\/p>\n<p>&#8211; sXP (smart Extendable Platform) para integra\u00e7\u00e3o com plataformas baseadas em Web Service\u00b2.<\/p>\n<p>&#8211; Opcionais: Wireless, Bandejas para 530 folhas; Bandeja de Alta Capacidade para 2000 folhas, Base com rod\u00edzios<\/p>\n<p>&nbsp;<\/p>\n<p>Acess\u00f3rios e suprimentos<\/p>\n<p>&nbsp;<\/p>\n<ul>\n<li>Cilindro de Imagem Preto 72k MPS5501b\/5502mb OKI &#8211; 45456301<\/li>\n<li>Cartucho de Grampo OKI 3K MPS5502MB\/MC780 &#8211; 45513301<\/li>\n<li>Cartucho de Toner MPS5501b\/5502mb OKI &#8211; 45460501<\/li>\n<li>Kit Manuten\u00e7\u00e3o OKI MPS5501B\/5502MB &#8211; 200K &#8211; 45435101<\/li>\n<\/ul>\n","protected":false},"featured_media":23220,"comment_status":"closed","ping_status":"closed","template":"","meta":{"_joinchat":[]},"product_brand":[],"product_cat":[170,99],"product_tag":[],"class_list":{"0":"post-23219","1":"product","2":"type-product","3":"status-publish","6":"product_cat-multifuncional-laser-pb","7":"product_cat-oki","9":"first","10":"instock","11":"taxable","12":"shipping-taxable","13":"product-type-simple"},"_links":{"self":[{"href":"https:\/\/furlanjet.com.br\/index.php?rest_route=\/wp\/v2\/product\/23219","targetHints":{"allow":["GET"]}}],"collection":[{"href":"https:\/\/furlanjet.com.br\/index.php?rest_route=\/wp\/v2\/product"}],"about":[{"href":"https:\/\/furlanjet.com.br\/index.php?rest_route=\/wp\/v2\/types\/product"}],"replies":[{"embeddable":true,"href":"https:\/\/furlanjet.com.br\/index.php?rest_route=%2Fwp%2Fv2%2Fcomments&post=23219"}],"version-history":[{"count":0,"href":"https:\/\/furlanjet.com.br\/index.php?rest_route=\/wp\/v2\/product\/23219\/revisions"}],"wp:featuredmedia":[{"embeddable":true,"href":"https:\/\/furlanjet.com.br\/index.php?rest_route=\/wp\/v2\/media\/23220"}],"wp:attachment":[{"href":"https:\/\/furlanjet.com.br\/index.php?rest_route=%2Fwp%2Fv2%2Fmedia&parent=23219"}],"wp:term":[{"taxonomy":"product_brand","embeddable":true,"href":"https:\/\/furlanjet.com.br\/index.php?rest_route=%2Fwp%2Fv2%2Fproduct_brand&post=23219"},{"taxonomy":"product_cat","embeddable":true,"href":"https:\/\/furlanjet.com.br\/index.php?rest_route=%2Fwp%2Fv2%2Fproduct_cat&post=23219"},{"taxonomy":"product_tag","embeddable":true,"href":"https:\/\/furlanjet.com.br\/index.php?rest_route=%2Fwp%2Fv2%2Fproduct_tag&post=23219"}],"curies":[{"name":"wp","href":"https:\/\/api.w.org\/{rel}","templated":true}]}}