{"id":23217,"date":"2019-11-09T07:35:35","date_gmt":"2019-11-09T10:35:35","guid":{"rendered":"http:\/\/furlanjet.com.br\/?post_type=product&#038;p=23217"},"modified":"2019-11-20T10:30:06","modified_gmt":"2019-11-20T13:30:06","slug":"multifuncional-laser-color-ecosys-m6230cidn-kyocera","status":"publish","type":"product","link":"https:\/\/furlanjet.com.br\/?product=multifuncional-laser-color-ecosys-m6230cidn-kyocera","title":{"rendered":"Multifuncional Laser Color Ecosys M6230CIDN &#8211; Kyocera"},"content":{"rendered":"<p>O multifuncional A4 colorido ECOSYS M6230cidn Kyocera possui uma velocidade de impress\u00e3o de at\u00e9 32 p\u00e1ginas por minuto (ppm). Este equipamento \u00e9 \u00f3timo para o dia a dia, pois possui suprimentos de longa dura\u00e7\u00e3o, baixo custo total de propriedade (TCO) e uma confiabilidade extraordin\u00e1ria.<\/p>\n<p>Com uma capacidade de papel de at\u00e9 1.850 folhas, t\u00eam alta qualidade de cores, aplicativos de neg\u00f3cios compat\u00edveis com a tecnologia HyPAS e impress\u00e3o\/digitaliza\u00e7\u00e3o m\u00f3vel. O multifuncional A4 colorido ECOSYS M6230cidn Kyocera \u00e9 uma op\u00e7\u00e3o inteligente e econ\u00f4mica para atender as necessidades de sua empresa.<\/p>\n<p>&nbsp;<\/p>\n","protected":false},"excerpt":{"rendered":"<p>ESPECIFICA\u00c7\u00d5ES B\u00c1SICAS<\/p>\n<p>Configura\u00e7\u00f5es:\u00a0Impressora multifuncional colorida a laser &#8211; Impress\u00e3o\/C\u00f3pia\/Digitaliza\u00e7\u00e3o<\/p>\n<p>P\u00e1ginas por minuto (PPM):\u00a0Preto e branco\/Cores &#8211; Carta: 32 ppm; Of\u00edcio: 26 ppm, A4: 30 ppm<\/p>\n<p>Velocidade da impress\u00e3o duplex:\u00a0A4\/Carta 15 ppm; Of\u00edcio 13 ppm<\/p>\n<p>Visor:\u00a0Painel com tela de toque colorida (TSI) de 7 polegadas<\/p>\n<p>Tempo de aquecimento:\u00a0At\u00e9 26 segundos (energia ligada)<\/p>\n<p>Primeira impress\u00e3o:\u00a0C\u00f3pia: At\u00e9 7,5 segundos em preto e branco; at\u00e9 9 segundos em cores; Impress\u00e3o: At\u00e9 6,5 segundos em preto e branco; at\u00e9 7,5 segundos em cores<\/p>\n<p>Resolu\u00e7\u00e3o:\u00a01200 x 1200 dpi1, 9600 dpi x 600 dpi, 600 x 600 dpi<\/p>\n<p>Mem\u00f3ria:\u00a0Pdr.\/M\u00e1x.: 1 GB\/3 GB<\/p>\n<p>Duplex:\u00a0Empilhamento padr\u00e3o, com suporte a pap\u00e9is do tipo meio of\u00edcio at\u00e9 of\u00edcio (14 cm x 22 cm &#8211; 22 cm x 36 cm), de 60 a 163 g\/m2<\/p>\n<p>Dimens\u00f5es\/Peso:\u00a047 cm (L) x 56 cm (P) x 62 cm (A)\/48 kg<\/p>\n<p>Ciclo de funcionamento mensal m\u00e1ximo:\u00a0100.000 p\u00e1ginas\/m\u00eas<\/p>\n<p>&nbsp;<\/p>\n<p>CONSUMO DE ENERGIA<\/p>\n<p>Requisitos el\u00e9tricos:\u00a0120V, 60Hz, 9A<\/p>\n<p>Consumo el\u00e9trico t\u00edpico (TEC):\u00a0120V: 1.480 Wh\/semana<\/p>\n<p>M\u00e1ximo (incluindo op\u00e7\u00f5es):\u00a0120 V: 1.116 W<\/p>\n<p>C\u00f3pia\/Impress\u00e3o:\u00a0120 V: 516\/500 W<\/p>\n<p>Modo de espera:\u00a0120 V: 68 W<\/p>\n<p>Modo de suspens\u00e3o:\u00a0120 V: 0,6 W<\/p>\n<p>Desligada:\u00a0120 V: 0,1 W<\/p>\n<p>&nbsp;<\/p>\n<p>ESPECIFICA\u00c7\u00d5ES DA IMPRESSORA<\/p>\n<p>Processador:\u00a0ARM Cortex-A9 (Dual Core) 1.2GHz<\/p>\n<p>PDLs\/Emula\u00e7\u00f5es:\u00a0PRESCRIBE, PCL6 (PCL-XL\/PCL-5c), KPDL3 (compat\u00edvel com AES, PDF Impress\u00e3o Direta), XPS, OpenXPS (compat\u00edvel com TIFF\/JPEG Impress\u00e3o Direta)<\/p>\n<p>Fontes:\u00a0Contorno: 93 fontes (PCL 6\/KPDL3), 8 fontes (Windows\/Vista); Bitmap: 1 fonte, 79 fontes de contorno<\/p>\n<p>C\u00f3digos de barra:\u00a0Unidimensional: 45; Bidimensional: PDF417 1 Tipo<\/p>\n<p>Windows:\u00a0Windows 7\/8\/8.1\/10\/Server 2008\/Server 2008 R2\/Server 2012\/Server 2012 R2\/Server 2016<\/p>\n<p>SO Mac:\u00a0SO Mac X v10.5 ou posterior<\/p>\n<p>Interfaces:\u00a010\/100\/1000BaseTX, 2 portas USB 2.0 de alta velocidade, 1 slot de expans\u00e3o; Opcional: IB-36 LAN sem fio (alcance de aprox. 30m e Wi-Fi Direct); IB-50 Dual LAN NIC<\/p>\n<p>Impress\u00e3o m\u00f3vel:\u00a0KYOCERA Mobile Print, KYOCERA Mobile Print for Students, KYOCERA MyPanel, KYOCERA Print Service<\/p>\n<p>Plugin, Apple AirPrint\u00ae2 &amp; Wi-Fi Direct2, Google Cloud Print\u2122, Mopria\u00ae<\/p>\n<p>Impress\u00e3o em rede e protocolos suportados:\u00a0TCP\/IP, IPv4, IPv6, NetBEUI, FTP, LPR, Port9100, Apple Bonjour, IPP, impress\u00e3o\/<\/p>\n<p>digitaliza\u00e7\u00e3o WSD, DHCP, DNS, PNP-X USB, LDAP, SNMP, SMTP,PDF Impress\u00e3o Direta, PnP-X (WS-Discovery para WSD Print Service)<\/p>\n<p>Drivers:\u00a0KX Driver, KX(XPS) Driver, PCL Mini Driver, KPDL Mini Driver, Network FAX Driver, TWAIN Driver, WIA Driver, MAC Driver,<\/p>\n<p>Linux Driver<\/p>\n<p>Utilidades:\u00a0KYOCERA Net Impress\u00e3o Direta, utilit\u00e1rio de gerenciamento de arquivos, KYOCERA Print Center, KYOCERA Net Admin, KYOCERA Net Viewer, registro de ID, configura\u00e7\u00e3o r\u00e1pida, menu de manuten\u00e7\u00e3o, Command Center RX; Compat\u00edvel com KYOCERA Fleet Services (KFS) e KYOCERA Net Manager (KNM)<\/p>\n<p>Fun\u00e7\u00f5es adicionais de impress\u00e3o:\u00a0Compat\u00edvel com HyPAS3, EcoPrint, impress\u00e3o confidencial, teste e reten\u00e7\u00e3o, c\u00f3pia r\u00e1pida e armazenamento de trabalhos, impress\u00e3o N-Up, configura\u00e7\u00e3o de prioridade de impress\u00e3o, notifica\u00e7\u00e3o de finaliza\u00e7\u00e3o de trabalho, configura\u00e7\u00e3o do nome do trabalho<\/p>\n<p>&nbsp;<\/p>\n<p>ESPECIFICA\u00c7\u00d5ES DE SEGURAN\u00c7A<\/p>\n<p>Padr\u00e3o:\u00a0Autentica\u00e7\u00e3o local e em rede, IPsec, HTTPS, SNMPv, IPPS, POP sobre SSL, FTP sobre SSL, SMTP sobre SSL, LDAP sobre SSL; Opcional: Modo de sobrescrita de disco r\u00edgido e criptografia de dados e kit de seguran\u00e7a de dados (E)<\/p>\n<p>&nbsp;<\/p>\n<p>ESPECIFICA\u00c7\u00d5ES DE DIGITALIZA\u00c7\u00c3O<\/p>\n<p>Tipo de digitaliza\u00e7\u00e3o:\u00a0Digitaliza\u00e7\u00e3o em cores e em preto e branco<\/p>\n<p>Resolu\u00e7\u00e3o de digitaliza\u00e7\u00e3o:\u00a0600 dpi x 600 dpi , 400 dpi x 400 dpi, 300 dpi x 300 dpi, 200 dpi x 400 dpi, 200 dpi x 200 dpi, 200 dpi x 100 dpi<\/p>\n<p>Fun\u00e7\u00f5es de digitaliza\u00e7\u00e3o:\u00a0PC (SMB), E-mail (SMTP), USB, FTP, WSD, TWAIN\/WIA; Digitaliza\u00e7\u00e3o cont\u00ednua, originais diversos, pular p\u00e1gina em branco<\/p>\n<p>Formato dos arquivos:\u00a0TIFF (MMR\/JPEG comprimido), PDF (MMR\/JPEG comprimido), XPS, JPEG, PDF\/A-1, PDF\/A-2, PDF (alta compress\u00e3o), PDF criptografado, Open XPS; Opcional: OOXML e PDF pesquis\u00e1vel\/OOXML (OCR) com kit de extens\u00e3o de digitaliza\u00e7\u00e3o (A)<\/p>\n<p>Velocidades de digitaliza\u00e7\u00e3o:\u00a0Simplex PB\/Cores: a 300 dpi &#8211; 60ipm\/40ipm; a 600 dpi &#8211; 40ipm\/20ipm<\/p>\n<p>Duplex (RADF) PB\/Cores:\u00a0a 300 dpi: 26ipm\/17ipm: a 600 dpi 17ipm\/9ipm<\/p>\n<p>Tamanho original:\u00a0M\u00edn.\/M\u00e1x.: Vidro\/DP: A5\/Meio carta at\u00e9 of\u00edcio (14 cm x 22 cm \u2013 22 cm x 36 cm); Banner: DP at\u00e9 91 cm<\/p>\n<p>&nbsp;<\/p>\n<p>ALIMENTA\u00c7\u00c3O DE PAPEL<\/p>\n<p>Fontes de papel padr\u00e3o:\u00a0Bandeja \u00fanica para 250 folhas, bandeja multiuso para 100 folhas<\/p>\n<p>Fontes de papel padr\u00e3o\/m\u00e1ximas:\u00a02\/5 incluindo bandeja multiuso<\/p>\n<p>Capacidade de papel padr\u00e3o\/m\u00e1xima:\u00a0350 folhas\/1.850 folhas<\/p>\n<p>Tamanho do papel:\u00a0Padr\u00e3o e bandeja multiuso (MPT): A5\/Meio carta at\u00e9 of\u00edcio (14 cm x 22 cm \u2013 22 cm x 36 cm), personalizado<\/p>\n<p>Gramatura:\u00a0Bandejas padr\u00e3o\/opcional: Papel de impress\u00e3o 16 \u2013 90 (60 &#8211; 163 g\/m2); MTP: Papel de impress\u00e3o 16 &#8211; 120 (60 \u2013 220 g\/m2)<\/p>\n<p>Capacidade da bandeja de sa\u00edda padr\u00e3o:\u00a0250 folhas<\/p>\n<p>Materiais de entrada:\u00a0Papel comum, papel timbrado, papel Bond, papel reciclado;<\/p>\n<p>Bandeja multiuso (MPT):\u00a0Papel cart\u00e3o, etiquetas, transpar\u00eancia, acetatos, papel velino, envelope<\/p>\n<p>&nbsp;<\/p>\n<p>SUPRIMENTOS<\/p>\n<p>Toner Preto:\u00a0TK-5272K &#8211; at\u00e9 8.000 p\u00e1ginas<\/p>\n<p>Toner Ciano:\u00a0TK-5272C &#8211; at\u00e9 6.000 p\u00e1ginas<\/p>\n<p>Toner Magenta:\u00a0TK-5272M &#8211; at\u00e9 6.000 p\u00e1ginas<\/p>\n<p>Toner Amarelo:\u00a0TK-5272Y &#8211; at\u00e9 6.000 p\u00e1ginas<\/p>\n","protected":false},"featured_media":23218,"comment_status":"closed","ping_status":"closed","template":"","meta":{"_joinchat":[]},"product_brand":[],"product_cat":[171],"product_tag":[],"class_list":{"0":"post-23217","1":"product","2":"type-product","3":"status-publish","6":"product_cat-multifuncional-laser-color","8":"first","9":"instock","10":"taxable","11":"shipping-taxable","12":"product-type-simple"},"_links":{"self":[{"href":"https:\/\/furlanjet.com.br\/index.php?rest_route=\/wp\/v2\/product\/23217","targetHints":{"allow":["GET"]}}],"collection":[{"href":"https:\/\/furlanjet.com.br\/index.php?rest_route=\/wp\/v2\/product"}],"about":[{"href":"https:\/\/furlanjet.com.br\/index.php?rest_route=\/wp\/v2\/types\/product"}],"replies":[{"embeddable":true,"href":"https:\/\/furlanjet.com.br\/index.php?rest_route=%2Fwp%2Fv2%2Fcomments&post=23217"}],"version-history":[{"count":0,"href":"https:\/\/furlanjet.com.br\/index.php?rest_route=\/wp\/v2\/product\/23217\/revisions"}],"wp:featuredmedia":[{"embeddable":true,"href":"https:\/\/furlanjet.com.br\/index.php?rest_route=\/wp\/v2\/media\/23218"}],"wp:attachment":[{"href":"https:\/\/furlanjet.com.br\/index.php?rest_route=%2Fwp%2Fv2%2Fmedia&parent=23217"}],"wp:term":[{"taxonomy":"product_brand","embeddable":true,"href":"https:\/\/furlanjet.com.br\/index.php?rest_route=%2Fwp%2Fv2%2Fproduct_brand&post=23217"},{"taxonomy":"product_cat","embeddable":true,"href":"https:\/\/furlanjet.com.br\/index.php?rest_route=%2Fwp%2Fv2%2Fproduct_cat&post=23217"},{"taxonomy":"product_tag","embeddable":true,"href":"https:\/\/furlanjet.com.br\/index.php?rest_route=%2Fwp%2Fv2%2Fproduct_tag&post=23217"}],"curies":[{"name":"wp","href":"https:\/\/api.w.org\/{rel}","templated":true}]}}