{"id":23215,"date":"2019-11-09T07:31:18","date_gmt":"2019-11-09T10:31:18","guid":{"rendered":"http:\/\/furlanjet.com.br\/?post_type=product&#038;p=23215"},"modified":"2019-11-20T10:23:25","modified_gmt":"2019-11-20T13:23:25","slug":"multifuncional-fs-6525fmp-kyocera","status":"publish","type":"product","link":"https:\/\/furlanjet.com.br\/?product=multifuncional-fs-6525fmp-kyocera","title":{"rendered":"Multifuncional FS-6525FMP &#8211; Kyocera"},"content":{"rendered":"<p>O multifuncional\u00a0FS-6525MFP\u00a0oferece todos os benef\u00edcios de um sistema de gest\u00e3o documental profissional para grupos de trabalho. Funcionalidades avan\u00e7adas, opera\u00e7\u00e3o f\u00e1cil, todo o tipo de op\u00e7\u00f5es de manuseamento de papel, tudo num package bem concebido. Clientes que privilegiam a efici\u00eancia e ecologia, ir\u00e3o certamente apreciar a\u00a0FS-6525MFP, cuja tecnologia assegura o menor impacto ambiental poss\u00edvel, aumenta o tempo de opera\u00e7\u00e3o, reduz os custos de impress\u00e3o e garante a fiabilidade.<\/p>\n<p>&nbsp;<\/p>\n","protected":false},"excerpt":{"rendered":"<p>Especifica\u00e7\u00f5es b\u00e1sicas<\/p>\n<p>&nbsp;<\/p>\n<p>&#8211; Tipo: Multifuncional monocrom\u00e1tico para formatos A3 e A4<\/p>\n<p>&#8211; Tecnologia: Kyocera Ecosys, Laser Mono HyPAS\u00ae<\/p>\n<p>&#8211; Velocidade de produ\u00e7\u00e3o: At\u00e9 25\/12 p\u00e1ginas por minuto em A4\/A3<\/p>\n<p>&#8211; Resolu\u00e7\u00e3o: 600 x 600 dpi (impress\u00e3o), 600 x 600 dpi (digitaliza\u00e7\u00e3o\/c\u00f3pia)<\/p>\n<p>&#8211; Tempo de aquecimento: 20 segundos ou menos<\/p>\n<p>&#8211; Tempo para primeira c\u00f3pia: 9,2 segundos ou menos (DP); 7,8 segundos ou menos (Platen Cover)<\/p>\n<p>&#8211; Dimens\u00f5es (L x P x A): 590 mm x 590 mm x 586,5 mm (Dimens\u00f5es com DP)<\/p>\n<p>&#8211; Peso: Unidade principal: 52,2 kg incluindo toner<\/p>\n<p>&#8211; Consumo de energia: Impress\u00e3o\/c\u00f3pia: 530 W, Stand-by: 114 W, Sleep-mode: 0,9\u00a0W<\/p>\n<p>&#8211; Fonte de alimenta\u00e7\u00e3o: AC 220 ~ 240 V, 50\/60 Hz<\/p>\n<p>&#8211; Ru\u00eddo (ISO 7779): N\u00edvel de Ru\u00eddo (ISO 7779\/ISO 9296) Impress\u00e3o\/c\u00f3pia 48,4 dB(A), Em espera: 26,3 dB(A)<\/p>\n<p>&#8211; Certifica\u00e7\u00f5es: T\u00dcV\/GS, CE &#8211; Este produto \u00e9 fabricado de acordo com a norma de qualidade ISO 9001 e a norma ambiental ISO 14001.<\/p>\n<p>&#8211; Mem\u00f3ria: Standard 2048 MB + 160 GB HDD<\/p>\n<p>&nbsp;<\/p>\n<p>Especifica\u00e7\u00f5es de papel<\/p>\n<p>&nbsp;<\/p>\n<p>&#8211; Capacidade de entrada: 100 folhas no alimentador multi-prop\u00f3sito; 45-256 g\/m\u00b2, (62-163 g\/m\u00b2 para formatos superiores a A4\/Letter), A3, A4, A5, A6, B5, Letter, Legal, Folio, envelopes, Custom (98 x 148 mm \u2013 297 x 432 mm) 500 folhas na cassete universal; 60-163 g\/m\u00b2, A3, A4, A5, B5, Letter, Legal, Folio<\/p>\n<p>&#8211; Capacidade m\u00e1x. de entrada (com op\u00e7\u00f5es): 1.600 folhas<\/p>\n<p>&#8211; Unidade duplex: Impress\u00e3o frente e verso standard, suporta gramagens de 60 a 163 g\/m\u00b2<\/p>\n<p>&#8211; Capacidade de sa\u00edda: M\u00e1ximo de 300 folhas, das quais 250 com a face para baixo (tabuleiro principal) e 50 no tabuleiro de separa\u00e7\u00e3o de trabalhos<\/p>\n<p>&#8211; Processador de documentos: Processador inversor de documentos: 50 folhas. Digitaliza\u00e7\u00e3o simplex 45-160 g\/m\u00b2; Digitaliza\u00e7\u00e3o duplex 50 a 120 g\/m\u00b2, A3, A4, A5, B5, Letter, Legal, Custom (140 mm x 182 mm a 297 mm x 432 mm)<\/p>\n<p>&#8211; Coment\u00e1rio sobre manuseamento de papel: Todas as capacidades de papel referidas s\u00e3o baseadas numa espessura m\u00e1xima de 0,11 mm. Por favor, utilize sempre papel recomendado pela KYOCERA em condi\u00e7\u00f5es ambientais normais<\/p>\n<p>&nbsp;<\/p>\n<p>Especifica\u00e7\u00f5es de impress\u00e3o<\/p>\n<p>&nbsp;<\/p>\n<p>&#8211; Processador: PowerPC 464 &#8211; 800 MHz<\/p>\n<p>&#8211; Idioma do controlador: PRESCRIBE IIe<\/p>\n<p>&#8211; Simula\u00e7\u00f5es: PCL6 (5e\/XL) PostScript 3 (KPDL 3), PDF direct print, XPS direct print<\/p>\n<p>&#8211; Tipos de letra: 93 fontes outline (PCL6, KPDL 3) + 8 fontes (Windows Vista), fontes bitmap OCR; OCR-A, OCR-A kana; OCR-B; OCR-B kana; 101 (KPDL3), 45 c\u00f3digos de barras unidimensionais e 1 c\u00f3digo de barras bidimensional (PDF-417)<\/p>\n<p>&#8211; Contabiliza\u00e7\u00e3o integrada: 100 c\u00f3digos departamentais<\/p>\n<p>&#8211; Fun\u00e7\u00f5es: Impress\u00e3o PDF directa, impress\u00e3o IPP, impress\u00e3o de e-mail, impress\u00e3o WSD, impress\u00e3o segura via SSL, IPsec, SNMPv3, impress\u00e3o privada<\/p>\n<p>&#8211; Sistema Operativo Aplic\u00e1vel: Todos os sistemas operativos Windows, MAC OS X 10.4 ou superior, Unix, Linux, bem como outros sistemas operativos mediante pedido<\/p>\n<p>Interfaces<\/p>\n<p>&#8211; Interface padr\u00e3o: USB 2.0 (Hi-Speed), USB Host 2.0, Fast Ethernet 10\/100\/1000Base-TX, slot for optional print server, slot for optional CompactFlash\u00ae-Card<\/p>\n","protected":false},"featured_media":23216,"comment_status":"closed","ping_status":"closed","template":"","meta":{"_joinchat":[]},"product_brand":[],"product_cat":[170],"product_tag":[],"class_list":{"0":"post-23215","1":"product","2":"type-product","3":"status-publish","6":"product_cat-multifuncional-laser-pb","8":"first","9":"instock","10":"taxable","11":"shipping-taxable","12":"product-type-simple"},"_links":{"self":[{"href":"https:\/\/furlanjet.com.br\/index.php?rest_route=\/wp\/v2\/product\/23215","targetHints":{"allow":["GET"]}}],"collection":[{"href":"https:\/\/furlanjet.com.br\/index.php?rest_route=\/wp\/v2\/product"}],"about":[{"href":"https:\/\/furlanjet.com.br\/index.php?rest_route=\/wp\/v2\/types\/product"}],"replies":[{"embeddable":true,"href":"https:\/\/furlanjet.com.br\/index.php?rest_route=%2Fwp%2Fv2%2Fcomments&post=23215"}],"version-history":[{"count":0,"href":"https:\/\/furlanjet.com.br\/index.php?rest_route=\/wp\/v2\/product\/23215\/revisions"}],"wp:featuredmedia":[{"embeddable":true,"href":"https:\/\/furlanjet.com.br\/index.php?rest_route=\/wp\/v2\/media\/23216"}],"wp:attachment":[{"href":"https:\/\/furlanjet.com.br\/index.php?rest_route=%2Fwp%2Fv2%2Fmedia&parent=23215"}],"wp:term":[{"taxonomy":"product_brand","embeddable":true,"href":"https:\/\/furlanjet.com.br\/index.php?rest_route=%2Fwp%2Fv2%2Fproduct_brand&post=23215"},{"taxonomy":"product_cat","embeddable":true,"href":"https:\/\/furlanjet.com.br\/index.php?rest_route=%2Fwp%2Fv2%2Fproduct_cat&post=23215"},{"taxonomy":"product_tag","embeddable":true,"href":"https:\/\/furlanjet.com.br\/index.php?rest_route=%2Fwp%2Fv2%2Fproduct_tag&post=23215"}],"curies":[{"name":"wp","href":"https:\/\/api.w.org\/{rel}","templated":true}]}}