{"id":23210,"date":"2019-11-09T05:19:32","date_gmt":"2019-11-09T08:19:32","guid":{"rendered":"http:\/\/furlanjet.com.br\/?post_type=product&#038;p=23210"},"modified":"2019-11-09T05:23:19","modified_gmt":"2019-11-09T08:23:19","slug":"multifuncional-mono-ecosys-m3145idn-kyocera","status":"publish","type":"product","link":"https:\/\/furlanjet.com.br\/?product=multifuncional-mono-ecosys-m3145idn-kyocera","title":{"rendered":"Multifuncional Mono ECOSYS M3145idn &#8211; Kyocera"},"content":{"rendered":"<p>A\u00a0ECOSYS M3145idn\u00a0\u00e9 um equipamento multifuncional A4 monocrom\u00e1tico que oferece recursos avan\u00e7ados e um baixo custo. Projetada para facilitar sua utiliza\u00e7\u00e3o, contando com uma tela sens\u00edvel ao toque (TSI) colorida de 7 polegadas e com recursos que incluem uma excepcional qualidade de impress\u00e3o e uma alta capacidade de papel, capaz de comportar at\u00e9 2.600 folhas. Este dispositivo \u00e9 capaz de executar as solu\u00e7\u00f5es oferecidas pelos aplicativos de neg\u00f3cios HyPAS, desenvolvidos para atender as necessidades exclusivas de fluxos de trabalho, combinando-os com recursos de digitaliza\u00e7\u00e3o e mobilidade de impress\u00e3o, tornando-se um item indispens\u00e1vel para a sua organiza\u00e7\u00e3o.<\/p>\n<p>&nbsp;<\/p>\n","protected":false},"excerpt":{"rendered":"<p>ESPECIFICA\u00c7\u00d5ES B\u00c1SICAS<\/p>\n<p>&nbsp;<\/p>\n<p>Configura\u00e7\u00f5es:\u00a0Impressora multifuncional monocrom\u00e1tica a laser &#8211; impress\u00e3o\/c\u00f3pia\/digitaliza\u00e7\u00e3o colorida;<\/p>\n<p>P\u00e1ginas por minuto:\u00a0Carta: 47 ppm; Of\u00edcio: 38 ppm, A4: 45 ppm;<\/p>\n<p>Velocidade da impress\u00e3o duplex:\u00a0Carta: 23 ppm; Of\u00edcio: 19 ppm;<\/p>\n<p>Visor:\u00a0Painel de controle com tela de toque colorida (TSI) de 7\u201d;<\/p>\n<p>Tempo de aquecimento:\u00a0At\u00e9 16 segundos;<\/p>\n<p>Primeira impress\u00e3o: C\u00f3pia:\u00a07 segundos ou menos \/ Impress\u00e3o: At\u00e9 5,9 segundos;<\/p>\n<p>Resolu\u00e7\u00e3o:\u00a01200 x 1200 dpi, 600 x 600 dpi, 300 x 300 dpi;<\/p>\n<p>Mem\u00f3ria:\u00a0Padr\u00e3o\/M\u00e1xima: 1 GB\/3 GB;<\/p>\n<p>Dimens\u00f5es\/Peso:\u00a047 cm (L) x 47 cm (P) x 57 cm (A)\/23 kg;<\/p>\n<p>Ciclo de Ciclo de funcionamento mensal m\u00e1ximo:\u00a0150.000 p\u00e1ginas por m\u00eas.<\/p>\n<p>&nbsp;<\/p>\n<p>CARACTER\u00cdSTICAS AVAN\u00c7ADAS<\/p>\n<p>&nbsp;<\/p>\n<p>\u2022 Processador de\u00a01.2GHz<\/p>\n<p>\u2022 Alimentador Frente e Verso de Originais \u2013\u00a0RADF, capacidade de 75 folhas<\/p>\n<p>\u2022 Elimina p\u00e1gina em branco (Duplex) em Impress\u00e3o\/C\u00f3pia<\/p>\n<p>\u2022 Capacidade padr\u00e3o de\u00a0600 folhas, expans\u00edvel at\u00e9 2.600 folhas<\/p>\n<p>\u2022 Compat\u00edvel com Solu\u00e7\u00e3o Embarcada \u2013\u00a0HyPAS<\/p>\n<p>\u2022\u00a0Painel TSI\u00a0de 7\u201d com tecla Home<\/p>\n<p>\u2022\u00a0Baixo TCO e TCS\u00a0(Custo Total de Servi\u00e7o)<\/p>\n<p>\u2022 Opcional de\u00a0HD-6\u00a0de 32GB \/\u00a0HD-7\u00a0de 128GB<\/p>\n<p>\u2022 Tecnologia\u00a0Wi-Fi\u00a0e\u00a0Wi-Fi Direct,\u00a0opcional\u00a0IB-36<\/p>\n<p>\u2022 PDF pesquis\u00e1vel embarcado\u00a0(OCR)\u00a0\u2013 com opcional Scan Extension Kit A<\/p>\n<p>\u2022 Disponibilidade de armazenamento de impress\u00e3o via cart\u00e3o\u00a0SDHC<\/p>\n<p>\u2022 Compat\u00edveis com Apple AirPrint\u00ae, Google Cloud PrintTM, KYOCERA Mobile Print e MopriaTM<\/p>\n<p>SUPRIMENTOS<\/p>\n<p>Toner:\u00a0Toner Preto TK-3162 &#8211; durabilidade de 12.500 p\u00e1ginas*<\/p>\n","protected":false},"featured_media":23211,"comment_status":"closed","ping_status":"closed","template":"","meta":{"_joinchat":[]},"product_brand":[],"product_cat":[170],"product_tag":[],"class_list":{"0":"post-23210","1":"product","2":"type-product","3":"status-publish","6":"product_cat-multifuncional-laser-pb","8":"first","9":"instock","10":"taxable","11":"shipping-taxable","12":"product-type-simple"},"_links":{"self":[{"href":"https:\/\/furlanjet.com.br\/index.php?rest_route=\/wp\/v2\/product\/23210","targetHints":{"allow":["GET"]}}],"collection":[{"href":"https:\/\/furlanjet.com.br\/index.php?rest_route=\/wp\/v2\/product"}],"about":[{"href":"https:\/\/furlanjet.com.br\/index.php?rest_route=\/wp\/v2\/types\/product"}],"replies":[{"embeddable":true,"href":"https:\/\/furlanjet.com.br\/index.php?rest_route=%2Fwp%2Fv2%2Fcomments&post=23210"}],"version-history":[{"count":0,"href":"https:\/\/furlanjet.com.br\/index.php?rest_route=\/wp\/v2\/product\/23210\/revisions"}],"wp:featuredmedia":[{"embeddable":true,"href":"https:\/\/furlanjet.com.br\/index.php?rest_route=\/wp\/v2\/media\/23211"}],"wp:attachment":[{"href":"https:\/\/furlanjet.com.br\/index.php?rest_route=%2Fwp%2Fv2%2Fmedia&parent=23210"}],"wp:term":[{"taxonomy":"product_brand","embeddable":true,"href":"https:\/\/furlanjet.com.br\/index.php?rest_route=%2Fwp%2Fv2%2Fproduct_brand&post=23210"},{"taxonomy":"product_cat","embeddable":true,"href":"https:\/\/furlanjet.com.br\/index.php?rest_route=%2Fwp%2Fv2%2Fproduct_cat&post=23210"},{"taxonomy":"product_tag","embeddable":true,"href":"https:\/\/furlanjet.com.br\/index.php?rest_route=%2Fwp%2Fv2%2Fproduct_tag&post=23210"}],"curies":[{"name":"wp","href":"https:\/\/api.w.org\/{rel}","templated":true}]}}