{"id":23183,"date":"2019-11-09T04:40:34","date_gmt":"2019-11-09T07:40:34","guid":{"rendered":"http:\/\/furlanjet.com.br\/?post_type=product&#038;p=23183"},"modified":"2019-11-09T04:43:14","modified_gmt":"2019-11-09T07:43:14","slug":"impressora-workforce-wf-m5299-epson","status":"publish","type":"product","link":"https:\/\/furlanjet.com.br\/?product=impressora-workforce-wf-m5299-epson","title":{"rendered":"Impressora WorkForce WF-M5299 &#8211; Epson"},"content":{"rendered":"<p>Impressora WorkForce WF-M5299<\/p>\n","protected":false},"excerpt":{"rendered":"<p>Especifica\u00e7\u00f5es t\u00e9cnicas<\/p>\n<p>&nbsp;<\/p>\n<p>Impress\u00e3o<\/p>\n<p>Tecnologia de impress\u00e3o: PrecisionCore\u00ae monocrom\u00e1tica (em preto);<\/p>\n<p>Linguagem de impress\u00e3o: Epson ESC\/P-R, emula\u00e7\u00e3o PCL 5\u00b9, emula\u00e7\u00e3o PCL\u00b9, emula\u00e7\u00e3o PostScript\u00ae Level 3;<\/p>\n<p>N\u00famero de injetores: 400 injetores x 4 injetores;<\/p>\n<p>Tamanho m\u00ednimo da gota de tinta: 5,1 picolitros;<\/p>\n<p>Resolu\u00e7\u00e3o m\u00e1xima de impress\u00e3o: 1200 dpi x 1200 dpi;<\/p>\n<p>Velocidade de impress\u00e3o ISO: 24 ISO ppm (em preto) simplex; 15 ISO ppm (em preto) duplex;<\/p>\n<p>Velocidade de impress\u00e3o modo rascunho: At\u00e9 34 ppm (em preto), simplex;<\/p>\n<p>Tempo de sa\u00edda da primeira p\u00e1gina: 4,8 segundos em preto;<\/p>\n<p>Ciclo de trabalho mensal recomendado: At\u00e9 2.500 p\u00e1ginas;<\/p>\n<p>Ciclo de trabalho mensal m\u00e1ximo: At\u00e9 45.000 p\u00e1ginas;<\/p>\n<p>Duplex autom\u00e1tica: Sim.<\/p>\n<p>&nbsp;<\/p>\n<p>Impress\u00e3o Wireless<\/p>\n<p>Solu\u00e7\u00f5es Epson ConnectTM: Epson iPrintTM, App (iOSTM, AndroidTM), Epson Email Print\u00ae, Scan to Cloud\u00ae10, Remote Print Driver;<\/p>\n<p>Outros: Apple\u00ae AirPrint\u00ae, Google Cloud PrintTM, MopriaTM Print Service.<\/p>\n","protected":false},"featured_media":23184,"comment_status":"closed","ping_status":"closed","template":"","meta":{"_joinchat":[]},"product_brand":[],"product_cat":[168],"product_tag":[],"class_list":{"0":"post-23183","1":"product","2":"type-product","3":"status-publish","6":"product_cat-impressora-jato-de-tinta","8":"first","9":"instock","10":"taxable","11":"shipping-taxable","12":"product-type-simple"},"_links":{"self":[{"href":"https:\/\/furlanjet.com.br\/index.php?rest_route=\/wp\/v2\/product\/23183","targetHints":{"allow":["GET"]}}],"collection":[{"href":"https:\/\/furlanjet.com.br\/index.php?rest_route=\/wp\/v2\/product"}],"about":[{"href":"https:\/\/furlanjet.com.br\/index.php?rest_route=\/wp\/v2\/types\/product"}],"replies":[{"embeddable":true,"href":"https:\/\/furlanjet.com.br\/index.php?rest_route=%2Fwp%2Fv2%2Fcomments&post=23183"}],"version-history":[{"count":0,"href":"https:\/\/furlanjet.com.br\/index.php?rest_route=\/wp\/v2\/product\/23183\/revisions"}],"wp:featuredmedia":[{"embeddable":true,"href":"https:\/\/furlanjet.com.br\/index.php?rest_route=\/wp\/v2\/media\/23184"}],"wp:attachment":[{"href":"https:\/\/furlanjet.com.br\/index.php?rest_route=%2Fwp%2Fv2%2Fmedia&parent=23183"}],"wp:term":[{"taxonomy":"product_brand","embeddable":true,"href":"https:\/\/furlanjet.com.br\/index.php?rest_route=%2Fwp%2Fv2%2Fproduct_brand&post=23183"},{"taxonomy":"product_cat","embeddable":true,"href":"https:\/\/furlanjet.com.br\/index.php?rest_route=%2Fwp%2Fv2%2Fproduct_cat&post=23183"},{"taxonomy":"product_tag","embeddable":true,"href":"https:\/\/furlanjet.com.br\/index.php?rest_route=%2Fwp%2Fv2%2Fproduct_tag&post=23183"}],"curies":[{"name":"wp","href":"https:\/\/api.w.org\/{rel}","templated":true}]}}